{"id":29563,"date":"2026-02-27T00:07:13","date_gmt":"2026-02-27T00:07:13","guid":{"rendered":"https:\/\/nordicmart.andreevmaster.com\/product\/vasagle-seinakaappi-peililla-ja-saadettavalla-hyllylla-valkoinen\/"},"modified":"2026-02-27T09:31:32","modified_gmt":"2026-02-27T09:31:32","slug":"vasagle-seinakaappi-peililla-ja-saadettavalla-hyllylla-valkoinen","status":"publish","type":"product","link":"https:\/\/nordicmart.andreevmaster.com\/fi\/tuote\/vasagle-seinakaappi-peililla-ja-saadettavalla-hyllylla-valkoinen\/","title":{"rendered":"VASAGLE sein\u00e4kaappi peilill\u00e4 ja s\u00e4\u00e4dett\u00e4v\u00e4ll\u00e4 hyllyll\u00e4, valkoinen"},"content":{"rendered":"<p>VASAGLE peilikaappi, kylpyhuonekaappi, s\u00e4ilytyskaappi 3 ovella, kylpyhuoneeseen, 60 x 15 x 55 cm, s\u00e4\u00e4dett\u00e4vill\u00e4 hyllytasoilla, moderni, valkoinen BBK22WT<br \/>\nV\u00e4ri: valkoinen<br \/>\nMateriaali: lastulevy, lasi<br \/>\nKoko: 15 x 90 x 60 cm (S x L x K)<br \/>\nPaino: 16 kg<br \/>\nMaks. staattinen kokonaiskuormitus: 30 kg<\/p>\n","protected":false},"excerpt":{"rendered":"<p>VASAGLE peilikaappi, kylpyhuonekaappi, s\u00e4ilytyskaappi 3 ovella, kylpyhuoneeseen, 60 x 15 x 55 cm, s\u00e4\u00e4dett\u00e4vill\u00e4 hyllytasoilla, moderni, valkoinen BBK22WT<\/p>\n","protected":false},"featured_media":39006,"comment_status":"open","ping_status":"closed","template":"","meta":[],"product_brand":[],"product_cat":[32],"product_tag":[],"class_list":{"0":"post-29563","1":"product","2":"type-product","3":"status-publish","4":"has-post-thumbnail","6":"product_cat-uncategorized-fi","8":"first","9":"instock","10":"shipping-taxable","11":"purchasable","12":"product-type-simple"},"_links":{"self":[{"href":"https:\/\/nordicmart.andreevmaster.com\/fi\/wp-json\/wp\/v2\/product\/29563","targetHints":{"allow":["GET"]}}],"collection":[{"href":"https:\/\/nordicmart.andreevmaster.com\/fi\/wp-json\/wp\/v2\/product"}],"about":[{"href":"https:\/\/nordicmart.andreevmaster.com\/fi\/wp-json\/wp\/v2\/types\/product"}],"replies":[{"embeddable":true,"href":"https:\/\/nordicmart.andreevmaster.com\/fi\/wp-json\/wp\/v2\/comments?post=29563"}],"wp:featuredmedia":[{"embeddable":true,"href":"https:\/\/nordicmart.andreevmaster.com\/fi\/wp-json\/wp\/v2\/media\/39006"}],"wp:attachment":[{"href":"https:\/\/nordicmart.andreevmaster.com\/fi\/wp-json\/wp\/v2\/media?parent=29563"}],"wp:term":[{"taxonomy":"product_brand","embeddable":true,"href":"https:\/\/nordicmart.andreevmaster.com\/fi\/wp-json\/wp\/v2\/product_brand?post=29563"},{"taxonomy":"product_cat","embeddable":true,"href":"https:\/\/nordicmart.andreevmaster.com\/fi\/wp-json\/wp\/v2\/product_cat?post=29563"},{"taxonomy":"product_tag","embeddable":true,"href":"https:\/\/nordicmart.andreevmaster.com\/fi\/wp-json\/wp\/v2\/product_tag?post=29563"}],"curies":[{"name":"wp","href":"https:\/\/api.w.org\/{rel}","templated":true}]}}