{"id":29562,"date":"2026-02-27T00:07:13","date_gmt":"2026-02-27T00:07:13","guid":{"rendered":"https:\/\/nordicmart.andreevmaster.com\/product\/vasagle-pesuallaskaappi-kaksioinen-valkoinen\/"},"modified":"2026-02-27T09:31:32","modified_gmt":"2026-02-27T09:31:32","slug":"vasagle-pesuallaskaappi-kaksioinen-valkoinen","status":"publish","type":"product","link":"https:\/\/nordicmart.andreevmaster.com\/fi\/tuote\/vasagle-pesuallaskaappi-kaksioinen-valkoinen\/","title":{"rendered":"VASAGLE pesuallaskaappi, kaksioinen, valkoinen"},"content":{"rendered":"<p>VASAGLE-suunnittelijoiden rakkaudella yksityiskohtiin suunniteltu pesuallaskaappi her\u00e4tt\u00e4\u00e4 eloon valoisan, raikkaan ja korkealaatuisen kylpyhuoneen, jossa voit tuntea olosi t\u00e4ysin mukavaksi.T\u00e4yt\u00e4 tarpeesiOnko kylpyvaahtopullo liian korkea? Onko wc-paperipakkaus liian leve\u00e4? Nyt sinun ei en\u00e4\u00e4 tarvitse sijoittaa n\u00e4it\u00e4 esineit\u00e4 kylpyhuoneesi nurkkaan, sill\u00e4 t\u00e4ss\u00e4 monipuolisessa allaskaapissa on korkeuss\u00e4\u00e4dett\u00e4v\u00e4 hylly. Aivan kuten haluat Kuuma vesi virtaa kylpyammeeseen, sin\u00e4 rentoudut ja ajatuksesi rauhoittuvat. Mutta kun nouset ammeesta ja haluat ottaa pyyhkeen kaapista, se heiluu voimakkaasti, sen ovi pamahtaa ep\u00e4miellytt\u00e4v\u00e4n kovaa ja rentoutunut mieliala on mennytt\u00e4. Saranoiden vaimennuksilla, tasoitusjaloilla ja kaatumisenestokiskojen varustuksella t\u00e4m\u00e4 kylpyhuonekaappi s\u00e4ilytt\u00e4\u00e4 sis\u00e4isen rauhasi. Tuotetiedot:- V\u00e4ri: kiilt\u00e4v\u00e4 valkoinen (ovet), mattavalkoinen (runko) &#8211; Materiaali: PVC-pinnoitettu MDF (ovet), melamiinipinnoitettu E1-luokan lastulevy (runko), metallikahvat &#8211; Kokonaiskoko: 60 x 30 x 60 cm (P x L x K) &#8211; U-muotoisen aukon koko: 14,5 x 19,8 cm (P x L) &#8211; Paino: 15,1 kg Toimitus sis\u00e4lt\u00e4\u00e4: &#8211; 1 x kaksioinen pesuallaskaappi &#8211; 1 x s\u00e4ilytysastia tarvikkeille &#8211; 1 x ohjeet (DE, EN, FR, ES, IT) VASAGLE Huomautukset:- Huomaa, ett\u00e4 U-putken aukon koko on 14,5 x 19,8 cm (P x L). Mittaa pesuallas huolellisesti ennen t\u00e4m\u00e4n tuotteen ostamista. &#8211; \u00c4l\u00e4 altista tuotetta suurelle m\u00e4\u00e4r\u00e4lle vett\u00e4. &#8211; Poista asennuksen j\u00e4lkeen suojakalvo tuotteen etupuolelta.<\/p>\n","protected":false},"excerpt":{"rendered":"<p>VASAGLE pesuallaskaappi, kylpyhuonekaappi, jossa kaksi ovea ja s\u00e4\u00e4dett\u00e4v\u00e4t hyllyt, alakaappi, jossa vaimennetut saranat ja tasausjalat, 60 x 30 x 60 cm, valkoinen BBK02WT<\/p>\n","protected":false},"featured_media":39005,"comment_status":"open","ping_status":"closed","template":"","meta":[],"product_brand":[],"product_cat":[32],"product_tag":[],"class_list":{"0":"post-29562","1":"product","2":"type-product","3":"status-publish","4":"has-post-thumbnail","6":"product_cat-uncategorized-fi","8":"first","9":"instock","10":"shipping-taxable","11":"purchasable","12":"product-type-simple"},"_links":{"self":[{"href":"https:\/\/nordicmart.andreevmaster.com\/fi\/wp-json\/wp\/v2\/product\/29562","targetHints":{"allow":["GET"]}}],"collection":[{"href":"https:\/\/nordicmart.andreevmaster.com\/fi\/wp-json\/wp\/v2\/product"}],"about":[{"href":"https:\/\/nordicmart.andreevmaster.com\/fi\/wp-json\/wp\/v2\/types\/product"}],"replies":[{"embeddable":true,"href":"https:\/\/nordicmart.andreevmaster.com\/fi\/wp-json\/wp\/v2\/comments?post=29562"}],"wp:featuredmedia":[{"embeddable":true,"href":"https:\/\/nordicmart.andreevmaster.com\/fi\/wp-json\/wp\/v2\/media\/39005"}],"wp:attachment":[{"href":"https:\/\/nordicmart.andreevmaster.com\/fi\/wp-json\/wp\/v2\/media?parent=29562"}],"wp:term":[{"taxonomy":"product_brand","embeddable":true,"href":"https:\/\/nordicmart.andreevmaster.com\/fi\/wp-json\/wp\/v2\/product_brand?post=29562"},{"taxonomy":"product_cat","embeddable":true,"href":"https:\/\/nordicmart.andreevmaster.com\/fi\/wp-json\/wp\/v2\/product_cat?post=29562"},{"taxonomy":"product_tag","embeddable":true,"href":"https:\/\/nordicmart.andreevmaster.com\/fi\/wp-json\/wp\/v2\/product_tag?post=29562"}],"curies":[{"name":"wp","href":"https:\/\/api.w.org\/{rel}","templated":true}]}}