{"id":29561,"date":"2026-02-27T00:07:13","date_gmt":"2026-02-27T00:07:13","guid":{"rendered":"https:\/\/nordicmart.andreevmaster.com\/product\/vasagle-pesualtaan-alakaappi-moderne-kerben\/"},"modified":"2026-02-27T09:31:31","modified_gmt":"2026-02-27T09:31:31","slug":"vasagle-pesualtaan-alakaappi-moderne-kerben","status":"publish","type":"product","link":"https:\/\/nordicmart.andreevmaster.com\/fi\/tuote\/vasagle-pesualtaan-alakaappi-moderne-kerben\/","title":{"rendered":"VASAGLE pesualtaan alakaappi \u201eModerne Kerben\u201d"},"content":{"rendered":"<p>VASAGLE:n suunnittelijat ovat luoneet tyylikk\u00e4it\u00e4 kylpyhuonekalusteita, joiden avulla voit tuoda kylpyhuoneeseesi raikkaan ja rauhallisen ilmeen. Unohda kaikki huolet, lataa akkusi ja aloita tai p\u00e4\u00e4t\u00e4 p\u00e4iv\u00e4si positiivisella mielell\u00e4. Laadukkaat materiaalit T\u00e4m\u00e4n kylpyhuonekaapin avulla et vain n\u00e4yt\u00e4 eleganssia ja tyyli\u00e4. Huonekalu on my\u00f6s kest\u00e4v\u00e4, sill\u00e4 sen runko on valmistettu valkoisista, melamiinipinnoitetuista lastulevyist\u00e4. Kaapin ovet on valmistettu PVC-pinnoitetusta MDF-levyst\u00e4, mik\u00e4 antaa kylpyhuonekalusteelle vaikuttavan kiillon. Yksityiskohtiin asti Pesualtaan sis\u00e4ll\u00e4 oleva hylly on korkeuss\u00e4\u00e4dett\u00e4v\u00e4, joten voit s\u00e4ilytt\u00e4\u00e4 siin\u00e4 erikokoisia hygieniatuotteita. U-muotoinen syvennys on lis\u00e4ksi kokonaan melamiinipinnoitettu, joten sinun ei tarvitse ostaa erikseen teippi\u00e4 aukon sulkemiseksi. Pehme\u00e4sti sulkeutuvat saranat est\u00e4v\u00e4t kaapin oven paiskautumisen kiinni. Kylpyhuonekaapin takaosa on lis\u00e4ksi kokonaan peitetty. Lis\u00e4ksi s\u00e4\u00e4dett\u00e4v\u00e4t jalat ja kaatumissuoja takaavat korkean turvallisuustason. Tuotetiedot: &#8211; V\u00e4ri: kiilt\u00e4v\u00e4 valkoinen (ovi), mattavalkoinen (runko) &#8211; Materiaali: melamiinipinnoitettu lastulevy, PVC-pinnoitettu MDF &#8211; Koko: 60 x 30 x 63 cm (P x L x K) &#8211; Pesualtaan aukon mitat: 15 x 20 cm (P x L) &#8211; Paino: 15,4 kg &#8211; Maks. kantavuus: 60 kgToimitus sis\u00e4lt\u00e4\u00e4: &#8211; 1 x pesuallaskaappi &#8211; 1 x s\u00e4ilytyslaatikko tarvikkeille &#8211; 1 x ohjeet (DE, EN, FR, ES, IT)VASAGLE Huomautukset: &#8211; \u00c4l\u00e4 altista tuotetta suoralle auringonvalolle. &#8211; Tuote ei saa joutua kosketuksiin suurten vesim\u00e4\u00e4rien kanssa. &#8211; K\u00e4yt\u00e4 kaatumissuojaa. &#8211; \u00c4l\u00e4 anna lasten kiivet\u00e4 tuotteen p\u00e4\u00e4lle. &#8211; Poista asennuksen j\u00e4lkeen suojakalvo tuotteen etupuolelta.<\/p>\n","protected":false},"excerpt":{"rendered":"<p>VASAGLE pesuallaskaappi, kylpyhuonekaappi, kylpyhuonekaappi kaksoisovilla ja s\u00e4\u00e4dett\u00e4v\u00e4ll\u00e4 hyllyll\u00e4, pesuallas kylpyhuoneeseen, pehme\u00e4sti sulkeutuvat saranat, 60 x 30 x 63 cm, valkoinen BBK01WT<\/p>\n","protected":false},"featured_media":39004,"comment_status":"open","ping_status":"closed","template":"","meta":[],"product_brand":[],"product_cat":[32],"product_tag":[],"class_list":{"0":"post-29561","1":"product","2":"type-product","3":"status-publish","4":"has-post-thumbnail","6":"product_cat-uncategorized-fi","8":"first","9":"instock","10":"shipping-taxable","11":"purchasable","12":"product-type-simple"},"_links":{"self":[{"href":"https:\/\/nordicmart.andreevmaster.com\/fi\/wp-json\/wp\/v2\/product\/29561","targetHints":{"allow":["GET"]}}],"collection":[{"href":"https:\/\/nordicmart.andreevmaster.com\/fi\/wp-json\/wp\/v2\/product"}],"about":[{"href":"https:\/\/nordicmart.andreevmaster.com\/fi\/wp-json\/wp\/v2\/types\/product"}],"replies":[{"embeddable":true,"href":"https:\/\/nordicmart.andreevmaster.com\/fi\/wp-json\/wp\/v2\/comments?post=29561"}],"wp:featuredmedia":[{"embeddable":true,"href":"https:\/\/nordicmart.andreevmaster.com\/fi\/wp-json\/wp\/v2\/media\/39004"}],"wp:attachment":[{"href":"https:\/\/nordicmart.andreevmaster.com\/fi\/wp-json\/wp\/v2\/media?parent=29561"}],"wp:term":[{"taxonomy":"product_brand","embeddable":true,"href":"https:\/\/nordicmart.andreevmaster.com\/fi\/wp-json\/wp\/v2\/product_brand?post=29561"},{"taxonomy":"product_cat","embeddable":true,"href":"https:\/\/nordicmart.andreevmaster.com\/fi\/wp-json\/wp\/v2\/product_cat?post=29561"},{"taxonomy":"product_tag","embeddable":true,"href":"https:\/\/nordicmart.andreevmaster.com\/fi\/wp-json\/wp\/v2\/product_tag?post=29561"}],"curies":[{"name":"wp","href":"https:\/\/api.w.org\/{rel}","templated":true}]}}