{"id":29560,"date":"2026-02-27T00:07:13","date_gmt":"2026-02-27T00:07:13","guid":{"rendered":"https:\/\/nordicmart.andreevmaster.com\/product\/vasagle-pieni-kylpyhuonekaappi-kapea-kylpyhuonekaappi-pieni-kaappi-wc-paperille\/"},"modified":"2026-02-27T09:31:31","modified_gmt":"2026-02-27T09:31:31","slug":"vasagle-pieni-kylpyhuonekaappi-kapea-kylpyhuonekaappi-pieni-kaappi-wc-paperille","status":"publish","type":"product","link":"https:\/\/nordicmart.andreevmaster.com\/fi\/tuote\/vasagle-pieni-kylpyhuonekaappi-kapea-kylpyhuonekaappi-pieni-kaappi-wc-paperille\/","title":{"rendered":"VASAGLE Pieni kylpyhuonekaappi, kapea kylpyhuonekaappi, pieni kaappi wc-paperille"},"content":{"rendered":"<p>Pieni kylpyhuoneen kaappi, kapea kylpyhuoneen kaappi, pieni kaappi wc-paperille, wc-kaappi laatikoilla, pieniin tiloihin, kyyhkynharmaa<br \/>\nTuotetiedot:<br \/>\n&#8211; V\u00e4ri: kyyhkynharmaa<br \/>\n&#8211; Materiaali: MDF (keskitihe\u00e4 kuitulevy)<br \/>\n&#8211; Koko: 40 x 18 x 70 cm (S x L x K)<br \/>\n&#8211; Paino: 8,6 kg<br \/>\n&#8211; Maks. staattinen kokonaiskuormitus: 10 kg<\/p>\n<p>Toimitus sis\u00e4lt\u00e4\u00e4<br \/>\n&#8211; 1 x kapea kylpyhuonekaappi<br \/>\n&#8211; 1 x lis\u00e4varustepaketti<br \/>\n&#8211; 1 x ohjeet<\/p>\n<p>Huomautukset:<br \/>\n&#8211; Kiinnit\u00e4 t\u00e4m\u00e4 kylpyhuonekaappi sein\u00e4\u00e4n mukana toimitetulla kaatumissuojalla turvallisen k\u00e4ytt\u00f6ymp\u00e4rist\u00f6n luomiseksi.<\/p>\n","protected":false},"excerpt":{"rendered":"<p>Pieni kylpyhuoneen kaappi, kapea kylpyhuoneen kaappi, pieni kaappi wc-paperille, wc-kaappi laatikoilla, pieniin tiloihin, kyyhkynharmaa<\/p>\n","protected":false},"featured_media":39003,"comment_status":"open","ping_status":"closed","template":"","meta":[],"product_brand":[],"product_cat":[32],"product_tag":[],"class_list":{"0":"post-29560","1":"product","2":"type-product","3":"status-publish","4":"has-post-thumbnail","6":"product_cat-uncategorized-fi","8":"first","9":"instock","10":"shipping-taxable","11":"purchasable","12":"product-type-simple"},"_links":{"self":[{"href":"https:\/\/nordicmart.andreevmaster.com\/fi\/wp-json\/wp\/v2\/product\/29560","targetHints":{"allow":["GET"]}}],"collection":[{"href":"https:\/\/nordicmart.andreevmaster.com\/fi\/wp-json\/wp\/v2\/product"}],"about":[{"href":"https:\/\/nordicmart.andreevmaster.com\/fi\/wp-json\/wp\/v2\/types\/product"}],"replies":[{"embeddable":true,"href":"https:\/\/nordicmart.andreevmaster.com\/fi\/wp-json\/wp\/v2\/comments?post=29560"}],"wp:featuredmedia":[{"embeddable":true,"href":"https:\/\/nordicmart.andreevmaster.com\/fi\/wp-json\/wp\/v2\/media\/39003"}],"wp:attachment":[{"href":"https:\/\/nordicmart.andreevmaster.com\/fi\/wp-json\/wp\/v2\/media?parent=29560"}],"wp:term":[{"taxonomy":"product_brand","embeddable":true,"href":"https:\/\/nordicmart.andreevmaster.com\/fi\/wp-json\/wp\/v2\/product_brand?post=29560"},{"taxonomy":"product_cat","embeddable":true,"href":"https:\/\/nordicmart.andreevmaster.com\/fi\/wp-json\/wp\/v2\/product_cat?post=29560"},{"taxonomy":"product_tag","embeddable":true,"href":"https:\/\/nordicmart.andreevmaster.com\/fi\/wp-json\/wp\/v2\/product_tag?post=29560"}],"curies":[{"name":"wp","href":"https:\/\/api.w.org\/{rel}","templated":true}]}}