{"id":29554,"date":"2026-02-27T00:07:12","date_gmt":"2026-02-27T00:07:12","guid":{"rendered":"https:\/\/nordicmart.andreevmaster.com\/product\/vasagle-keittionkaappi-ruokasalikaappi-korkea-kaappi\/"},"modified":"2026-02-27T09:31:30","modified_gmt":"2026-02-27T09:31:30","slug":"vasagle-keittionkaappi-ruokasalikaappi-korkea-kaappi","status":"publish","type":"product","link":"https:\/\/nordicmart.andreevmaster.com\/fi\/tuote\/vasagle-keittionkaappi-ruokasalikaappi-korkea-kaappi\/","title":{"rendered":"VASAGLE keitti\u00f6nkaappi, ruokasalikaappi, korkea kaappi"},"content":{"rendered":"<p>VASAGLE keitti\u00f6nkaappi, korkea kaappi, keitti\u00f6n buffet, vitriinikaappi, buffetkaappi s\u00e4\u00e4dett\u00e4vill\u00e4 hyllyill\u00e4, ruokasalikaappi laatikoilla, olohuoneeseen ja keitti\u00f6\u00f6n, valkoinen BBC561W21<br \/>\nTekniset tiedot:<\/p>\n<p>&#8211; Mitat: 40 x 76 x 182,1 cm (S x L x K)<br \/>\n&#8211; Paino: 50,3 kg<br \/>\n&#8211; S\u00e4\u00e4dett\u00e4v\u00e4n hyllyn maks. staattinen kantavuus: 27 kg<br \/>\n&#8211; Jokaisen kaapin oven lokeron suurin staattinen kantavuus: 4,5 kg<br \/>\n&#8211; Laatikkon enimm\u00e4iskantavuus: 11,3 kg<br \/>\n&#8211; Materiaali: MDF (keskitihe\u00e4 kuitulevy)<br \/>\n&#8211; V\u00e4ri: valkoinen<\/p>\n","protected":false},"excerpt":{"rendered":"<p>VASAGLE keitti\u00f6nkaappi, korkea kaappi, keitti\u00f6n buffet, vitriinikaappi, buffetkaappi s\u00e4\u00e4dett\u00e4vill\u00e4 hyllyill\u00e4, ruokasalikaappi laatikoilla, olohuoneeseen ja keitti\u00f6\u00f6n, valkoinen BBC561W21<\/p>\n","protected":false},"featured_media":38997,"comment_status":"open","ping_status":"closed","template":"","meta":[],"product_brand":[],"product_cat":[32],"product_tag":[],"class_list":{"0":"post-29554","1":"product","2":"type-product","3":"status-publish","4":"has-post-thumbnail","6":"product_cat-uncategorized-fi","8":"first","9":"instock","10":"shipping-taxable","11":"purchasable","12":"product-type-simple"},"_links":{"self":[{"href":"https:\/\/nordicmart.andreevmaster.com\/fi\/wp-json\/wp\/v2\/product\/29554","targetHints":{"allow":["GET"]}}],"collection":[{"href":"https:\/\/nordicmart.andreevmaster.com\/fi\/wp-json\/wp\/v2\/product"}],"about":[{"href":"https:\/\/nordicmart.andreevmaster.com\/fi\/wp-json\/wp\/v2\/types\/product"}],"replies":[{"embeddable":true,"href":"https:\/\/nordicmart.andreevmaster.com\/fi\/wp-json\/wp\/v2\/comments?post=29554"}],"wp:featuredmedia":[{"embeddable":true,"href":"https:\/\/nordicmart.andreevmaster.com\/fi\/wp-json\/wp\/v2\/media\/38997"}],"wp:attachment":[{"href":"https:\/\/nordicmart.andreevmaster.com\/fi\/wp-json\/wp\/v2\/media?parent=29554"}],"wp:term":[{"taxonomy":"product_brand","embeddable":true,"href":"https:\/\/nordicmart.andreevmaster.com\/fi\/wp-json\/wp\/v2\/product_brand?post=29554"},{"taxonomy":"product_cat","embeddable":true,"href":"https:\/\/nordicmart.andreevmaster.com\/fi\/wp-json\/wp\/v2\/product_cat?post=29554"},{"taxonomy":"product_tag","embeddable":true,"href":"https:\/\/nordicmart.andreevmaster.com\/fi\/wp-json\/wp\/v2\/product_tag?post=29554"}],"curies":[{"name":"wp","href":"https:\/\/api.w.org\/{rel}","templated":true}]}}