{"id":29552,"date":"2026-02-27T00:07:11","date_gmt":"2026-02-27T00:07:11","guid":{"rendered":"https:\/\/nordicmart.andreevmaster.com\/product\/vasagle-kylpyhuoneen-kaappi-kylpyhuoneen-kalusteet-yksi-laatikko\/"},"modified":"2026-02-27T09:31:30","modified_gmt":"2026-02-27T09:31:30","slug":"vasagle-kylpyhuoneen-kaappi-kylpyhuoneen-kalusteet-yksi-laatikko","status":"publish","type":"product","link":"https:\/\/nordicmart.andreevmaster.com\/fi\/tuote\/vasagle-kylpyhuoneen-kaappi-kylpyhuoneen-kalusteet-yksi-laatikko\/","title":{"rendered":"VASAGLE kylpyhuoneen kaappi, kylpyhuoneen kalusteet, yksi laatikko"},"content":{"rendered":"<p>Kylpyhuoneen kaappi, kylpyhuoneen kalusteet, yksi laatikko, s\u00e4\u00e4dett\u00e4v\u00e4t hyllyt, avoin lokero, 30 x 30 x 170 cm, klassinen valkoinen<br \/>\n&#8211; V\u00e4ri: klassinen valkoinen<br \/>\n&#8211; Materiaali: MDF (keskitihe\u00e4 kuitulevy)<br \/>\n&#8211; Koko: 30 x 30 x 170 cm (S x L x K)<br \/>\n&#8211; Paino: 22,3 kg<br \/>\n&#8211; Laatikon maks. staattinen kantavuus: 10 kg<br \/>\n&#8211; Hyllyn maks. staattinen kantavuus: 10 kg<\/p>\n","protected":false},"excerpt":{"rendered":"<p>Kylpyhuoneen kaappi, kylpyhuoneen kalusteet, yksi laatikko, s\u00e4\u00e4dett\u00e4v\u00e4t hyllyt, avoin lokero, 30 x 30 x 170 cm, klassinen valkoinen<\/p>\n","protected":false},"featured_media":46557,"comment_status":"open","ping_status":"closed","template":"","meta":[],"product_brand":[],"product_cat":[32],"product_tag":[],"class_list":{"0":"post-29552","1":"product","2":"type-product","3":"status-publish","4":"has-post-thumbnail","6":"product_cat-uncategorized-fi","8":"first","9":"instock","10":"shipping-taxable","11":"purchasable","12":"product-type-simple"},"_links":{"self":[{"href":"https:\/\/nordicmart.andreevmaster.com\/fi\/wp-json\/wp\/v2\/product\/29552","targetHints":{"allow":["GET"]}}],"collection":[{"href":"https:\/\/nordicmart.andreevmaster.com\/fi\/wp-json\/wp\/v2\/product"}],"about":[{"href":"https:\/\/nordicmart.andreevmaster.com\/fi\/wp-json\/wp\/v2\/types\/product"}],"replies":[{"embeddable":true,"href":"https:\/\/nordicmart.andreevmaster.com\/fi\/wp-json\/wp\/v2\/comments?post=29552"}],"wp:featuredmedia":[{"embeddable":true,"href":"https:\/\/nordicmart.andreevmaster.com\/fi\/wp-json\/wp\/v2\/media\/46557"}],"wp:attachment":[{"href":"https:\/\/nordicmart.andreevmaster.com\/fi\/wp-json\/wp\/v2\/media?parent=29552"}],"wp:term":[{"taxonomy":"product_brand","embeddable":true,"href":"https:\/\/nordicmart.andreevmaster.com\/fi\/wp-json\/wp\/v2\/product_brand?post=29552"},{"taxonomy":"product_cat","embeddable":true,"href":"https:\/\/nordicmart.andreevmaster.com\/fi\/wp-json\/wp\/v2\/product_cat?post=29552"},{"taxonomy":"product_tag","embeddable":true,"href":"https:\/\/nordicmart.andreevmaster.com\/fi\/wp-json\/wp\/v2\/product_tag?post=29552"}],"curies":[{"name":"wp","href":"https:\/\/api.w.org\/{rel}","templated":true}]}}