{"id":29550,"date":"2026-02-27T00:07:11","date_gmt":"2026-02-27T00:07:11","guid":{"rendered":"https:\/\/nordicmart.andreevmaster.com\/product\/vasagle-kylpyhuonekaappi-kylpyhuonekaappi-keittiokaappi-4-ovea\/"},"modified":"2026-02-27T09:31:30","modified_gmt":"2026-02-27T09:31:30","slug":"vasagle-kylpyhuonekaappi-kylpyhuonekaappi-keittiokaappi-4-ovea","status":"publish","type":"product","link":"https:\/\/nordicmart.andreevmaster.com\/fi\/tuote\/vasagle-kylpyhuonekaappi-kylpyhuonekaappi-keittiokaappi-4-ovea\/","title":{"rendered":"VASAGLE kylpyhuonekaappi, kylpyhuonekaappi, keitti\u00f6kaappi, 4 ovea"},"content":{"rendered":"<p>Kylpyhuoneen kaappi, kylpyhuoneen kaappi, keitti\u00f6n kaappi, 4 ovea, s\u00e4\u00e4dett\u00e4v\u00e4t hyllyt, 30 x 60 x 110 cm, klassinen valkoinen<br \/>\nTuotetiedot:<br \/>\n&#8211; V\u00e4ri: klassinen valkoinen<br \/>\n&#8211; Materiaali: MDF (keskitihe\u00e4 kuitulevy)<br \/>\n&#8211; Koko: 30 x 60 x 110 cm (S x L x K)<br \/>\n&#8211; Paino: 16,8 kg<br \/>\n&#8211; Pinnan maks. staattinen kantavuus: 136 kg<\/p>\n<p>Toimitus sis\u00e4lt\u00e4\u00e4<br \/>\n&#8211; 1 x kylpyhuonekaappi<br \/>\n&#8211; 1 x lis\u00e4varustepaketti<br \/>\n&#8211; 1 x kaatumissuoja<br \/>\n&#8211; 1 x ohjeet<\/p>\n<p>Huomautukset:<br \/>\n&#8211; Kiinnit\u00e4 t\u00e4m\u00e4 kylpyhuonekaappi sein\u00e4\u00e4n mukana toimitetulla kaatumissuojalla turvallisen k\u00e4ytt\u00f6ymp\u00e4rist\u00f6n luomiseksi.<br \/>\n&#8211; Asenna kylpyhuoneen kaappi paikkaan, jossa se ei ole pitk\u00e4\u00e4n kosketuksissa vesisuihkujen kanssa.<\/p>\n","protected":false},"excerpt":{"rendered":"<p>Kylpyhuoneen kaappi, kylpyhuoneen kaappi, keitti\u00f6n kaappi, 4 ovea, s\u00e4\u00e4dett\u00e4v\u00e4t hyllyt, 30 x 60 x 110 cm, klassinen valkoinen<\/p>\n","protected":false},"featured_media":46556,"comment_status":"open","ping_status":"closed","template":"","meta":[],"product_brand":[],"product_cat":[32],"product_tag":[],"class_list":{"0":"post-29550","1":"product","2":"type-product","3":"status-publish","4":"has-post-thumbnail","6":"product_cat-uncategorized-fi","8":"first","9":"instock","10":"shipping-taxable","11":"purchasable","12":"product-type-simple"},"_links":{"self":[{"href":"https:\/\/nordicmart.andreevmaster.com\/fi\/wp-json\/wp\/v2\/product\/29550","targetHints":{"allow":["GET"]}}],"collection":[{"href":"https:\/\/nordicmart.andreevmaster.com\/fi\/wp-json\/wp\/v2\/product"}],"about":[{"href":"https:\/\/nordicmart.andreevmaster.com\/fi\/wp-json\/wp\/v2\/types\/product"}],"replies":[{"embeddable":true,"href":"https:\/\/nordicmart.andreevmaster.com\/fi\/wp-json\/wp\/v2\/comments?post=29550"}],"wp:featuredmedia":[{"embeddable":true,"href":"https:\/\/nordicmart.andreevmaster.com\/fi\/wp-json\/wp\/v2\/media\/46556"}],"wp:attachment":[{"href":"https:\/\/nordicmart.andreevmaster.com\/fi\/wp-json\/wp\/v2\/media?parent=29550"}],"wp:term":[{"taxonomy":"product_brand","embeddable":true,"href":"https:\/\/nordicmart.andreevmaster.com\/fi\/wp-json\/wp\/v2\/product_brand?post=29550"},{"taxonomy":"product_cat","embeddable":true,"href":"https:\/\/nordicmart.andreevmaster.com\/fi\/wp-json\/wp\/v2\/product_cat?post=29550"},{"taxonomy":"product_tag","embeddable":true,"href":"https:\/\/nordicmart.andreevmaster.com\/fi\/wp-json\/wp\/v2\/product_tag?post=29550"}],"curies":[{"name":"wp","href":"https:\/\/api.w.org\/{rel}","templated":true}]}}