{"id":29549,"date":"2026-02-27T00:07:11","date_gmt":"2026-02-27T00:07:11","guid":{"rendered":"https:\/\/nordicmart.andreevmaster.com\/product\/vasagle-kylpyhuoneen-kaappi-keittion-kaappi-kylpyhuoneen-kaappi\/"},"modified":"2026-02-27T09:31:30","modified_gmt":"2026-02-27T09:31:30","slug":"vasagle-kylpyhuoneen-kaappi-keittion-kaappi-kylpyhuoneen-kaappi","status":"publish","type":"product","link":"https:\/\/nordicmart.andreevmaster.com\/fi\/tuote\/vasagle-kylpyhuoneen-kaappi-keittion-kaappi-kylpyhuoneen-kaappi\/","title":{"rendered":"VASAGLE kylpyhuoneen kaappi, keitti\u00f6n kaappi, kylpyhuoneen kaappi"},"content":{"rendered":"<p>VASAGLE kylpyhuoneen kaappi, kylpyhuoneen kaappi, keitti\u00f6n kaappi, s\u00e4ilytyskaappi, 2 ovea ja 2 laatikkoa, s\u00e4\u00e4dett\u00e4v\u00e4 hylly, 30 x 60 x 110 cm, klassinen valkoinen BBC551P31<br \/>\nTekniset tiedot:<br \/>\n&#8211; Mitat: 30 x 60 x 110 cm (S x L x K)<br \/>\n&#8211; Paino: 16,8 kg<br \/>\n&#8211; Yl\u00e4levyn maks. staattinen kantavuus: 136 kg<br \/>\n&#8211; Materiaali: MDF (keskitihe\u00e4 kuitulevy)<br \/>\n&#8211; V\u00e4ri: liuskekivi<\/p>\n","protected":false},"excerpt":{"rendered":"<p>VASAGLE kylpyhuoneen kaappi, kylpyhuoneen kaappi, keitti\u00f6n kaappi, s\u00e4ilytyskaappi, 2 ovea ja 2 laatikkoa, s\u00e4\u00e4dett\u00e4v\u00e4 hylly, 30 x 60 x 110 cm, klassinen valkoinen BBC551P31<\/p>\n","protected":false},"featured_media":38994,"comment_status":"open","ping_status":"closed","template":"","meta":[],"product_brand":[],"product_cat":[32],"product_tag":[],"class_list":{"0":"post-29549","1":"product","2":"type-product","3":"status-publish","4":"has-post-thumbnail","6":"product_cat-uncategorized-fi","8":"first","9":"instock","10":"shipping-taxable","11":"purchasable","12":"product-type-simple"},"_links":{"self":[{"href":"https:\/\/nordicmart.andreevmaster.com\/fi\/wp-json\/wp\/v2\/product\/29549","targetHints":{"allow":["GET"]}}],"collection":[{"href":"https:\/\/nordicmart.andreevmaster.com\/fi\/wp-json\/wp\/v2\/product"}],"about":[{"href":"https:\/\/nordicmart.andreevmaster.com\/fi\/wp-json\/wp\/v2\/types\/product"}],"replies":[{"embeddable":true,"href":"https:\/\/nordicmart.andreevmaster.com\/fi\/wp-json\/wp\/v2\/comments?post=29549"}],"wp:featuredmedia":[{"embeddable":true,"href":"https:\/\/nordicmart.andreevmaster.com\/fi\/wp-json\/wp\/v2\/media\/38994"}],"wp:attachment":[{"href":"https:\/\/nordicmart.andreevmaster.com\/fi\/wp-json\/wp\/v2\/media?parent=29549"}],"wp:term":[{"taxonomy":"product_brand","embeddable":true,"href":"https:\/\/nordicmart.andreevmaster.com\/fi\/wp-json\/wp\/v2\/product_brand?post=29549"},{"taxonomy":"product_cat","embeddable":true,"href":"https:\/\/nordicmart.andreevmaster.com\/fi\/wp-json\/wp\/v2\/product_cat?post=29549"},{"taxonomy":"product_tag","embeddable":true,"href":"https:\/\/nordicmart.andreevmaster.com\/fi\/wp-json\/wp\/v2\/product_tag?post=29549"}],"curies":[{"name":"wp","href":"https:\/\/api.w.org\/{rel}","templated":true}]}}