{"id":29544,"date":"2026-02-27T00:07:10","date_gmt":"2026-02-27T00:07:10","guid":{"rendered":"https:\/\/nordicmart.andreevmaster.com\/product\/vasagle-pesuallaskaappi-alakaappi-kylpyhuonekaappi\/"},"modified":"2026-02-27T09:31:29","modified_gmt":"2026-02-27T09:31:29","slug":"vasagle-pesuallaskaappi-alakaappi-kylpyhuonekaappi","status":"publish","type":"product","link":"https:\/\/nordicmart.andreevmaster.com\/fi\/tuote\/vasagle-pesuallaskaappi-alakaappi-kylpyhuonekaappi\/","title":{"rendered":"VASAGLE pesuallaskaappi, alakaappi, kylpyhuonekaappi"},"content":{"rendered":"<p>Pesualtaan alakaappi, alakaappi, kylpyhuonekaappi, erityisen pitk\u00e4, 2 ovea, kylpyhuonekaappi, avoimet hyllyt, korkeuss\u00e4\u00e4dett\u00e4v\u00e4, valkoinen<br \/>\n&#8211; Tuotteen mitat: 30 x 90 x 60 cm (S x L x K)<br \/>\n&#8211; Paino: 11,7 kg<br \/>\n&#8211; Materiaali: MDF (keskitihe\u00e4 kuitulevy), kromatut kahvat<br \/>\n&#8211; V\u00e4ri: valkoinen<\/p>\n","protected":false},"excerpt":{"rendered":"<p>Pesualtaan alakaappi, alakaappi, kylpyhuonekaappi, erityisen pitk\u00e4, 2 ovea, kylpyhuonekaappi, avoimet hyllyt, korkeuss\u00e4\u00e4dett\u00e4v\u00e4, valkoinen<\/p>\n","protected":false},"featured_media":38989,"comment_status":"open","ping_status":"closed","template":"","meta":[],"product_brand":[],"product_cat":[32],"product_tag":[],"class_list":{"0":"post-29544","1":"product","2":"type-product","3":"status-publish","4":"has-post-thumbnail","6":"product_cat-uncategorized-fi","8":"first","9":"instock","10":"shipping-taxable","11":"purchasable","12":"product-type-simple"},"_links":{"self":[{"href":"https:\/\/nordicmart.andreevmaster.com\/fi\/wp-json\/wp\/v2\/product\/29544","targetHints":{"allow":["GET"]}}],"collection":[{"href":"https:\/\/nordicmart.andreevmaster.com\/fi\/wp-json\/wp\/v2\/product"}],"about":[{"href":"https:\/\/nordicmart.andreevmaster.com\/fi\/wp-json\/wp\/v2\/types\/product"}],"replies":[{"embeddable":true,"href":"https:\/\/nordicmart.andreevmaster.com\/fi\/wp-json\/wp\/v2\/comments?post=29544"}],"wp:featuredmedia":[{"embeddable":true,"href":"https:\/\/nordicmart.andreevmaster.com\/fi\/wp-json\/wp\/v2\/media\/38989"}],"wp:attachment":[{"href":"https:\/\/nordicmart.andreevmaster.com\/fi\/wp-json\/wp\/v2\/media?parent=29544"}],"wp:term":[{"taxonomy":"product_brand","embeddable":true,"href":"https:\/\/nordicmart.andreevmaster.com\/fi\/wp-json\/wp\/v2\/product_brand?post=29544"},{"taxonomy":"product_cat","embeddable":true,"href":"https:\/\/nordicmart.andreevmaster.com\/fi\/wp-json\/wp\/v2\/product_cat?post=29544"},{"taxonomy":"product_tag","embeddable":true,"href":"https:\/\/nordicmart.andreevmaster.com\/fi\/wp-json\/wp\/v2\/product_tag?post=29544"}],"curies":[{"name":"wp","href":"https:\/\/api.w.org\/{rel}","templated":true}]}}