{"id":29541,"date":"2026-02-27T00:07:09","date_gmt":"2026-02-27T00:07:09","guid":{"rendered":"https:\/\/nordicmart.andreevmaster.com\/product\/vasagle-pieni-kylpyhuoneen-kaappi-kapea-kylpyhuoneen-kaappi-seisova\/"},"modified":"2026-02-27T09:31:29","modified_gmt":"2026-02-27T09:31:29","slug":"vasagle-pieni-kylpyhuoneen-kaappi-kapea-kylpyhuoneen-kaappi-seisova","status":"publish","type":"product","link":"https:\/\/nordicmart.andreevmaster.com\/fi\/tuote\/vasagle-pieni-kylpyhuoneen-kaappi-kapea-kylpyhuoneen-kaappi-seisova\/","title":{"rendered":"VASAGLE pieni kylpyhuoneen kaappi, kapea kylpyhuoneen kaappi, seisova"},"content":{"rendered":"<p>Pieni kylpyhuoneen kaappi, kapea kylpyhuoneen kaappi, seisova, ovella ja hyllyll\u00e4, pieni kaappi wc-paperille, s\u00e4\u00e4dett\u00e4v\u00e4t hyllyt, mystinen harmaa<br \/>\nTuotetiedot:<br \/>\n&#8211; V\u00e4ri: Mystinen harmaa<br \/>\n&#8211; Materiaali: MDF (keskitihe\u00e4 kuitulevy)<br \/>\n&#8211; Koko: 20 x 18 x 80 cm (S x L x K)<br \/>\n&#8211; Paino: 4,8 kg<br \/>\n&#8211; S\u00e4\u00e4dett\u00e4v\u00e4n hyllyn suurin staattinen kantavuus: 2,2 kg<\/p>\n<p>Toimitus sis\u00e4lt\u00e4\u00e4<br \/>\n&#8211; 1 x kapea kylpyhuonekaappi<br \/>\n&#8211; 1 x lis\u00e4varustepaketti<br \/>\n&#8211; 1 x kaatumissuoja<br \/>\n&#8211; 1 x ohjeet<\/p>\n<p>Huomautukset:<br \/>\n&#8211; Kiinnit\u00e4 t\u00e4m\u00e4 kapea hylly sein\u00e4\u00e4n mukana toimitetulla kaatumissuojalla turvallisen k\u00e4yt\u00f6n varmistamiseksi.<\/p>\n","protected":false},"excerpt":{"rendered":"<p>Pieni kylpyhuoneen kaappi, kapea kylpyhuoneen kaappi, seisova, ovella ja hyllyll\u00e4, pieni kaappi wc-paperille, s\u00e4\u00e4dett\u00e4v\u00e4t hyllyt, mystinen harmaa<\/p>\n","protected":false},"featured_media":38986,"comment_status":"open","ping_status":"closed","template":"","meta":[],"product_brand":[],"product_cat":[32],"product_tag":[],"class_list":{"0":"post-29541","1":"product","2":"type-product","3":"status-publish","4":"has-post-thumbnail","6":"product_cat-uncategorized-fi","8":"first","9":"instock","10":"shipping-taxable","11":"purchasable","12":"product-type-simple"},"_links":{"self":[{"href":"https:\/\/nordicmart.andreevmaster.com\/fi\/wp-json\/wp\/v2\/product\/29541","targetHints":{"allow":["GET"]}}],"collection":[{"href":"https:\/\/nordicmart.andreevmaster.com\/fi\/wp-json\/wp\/v2\/product"}],"about":[{"href":"https:\/\/nordicmart.andreevmaster.com\/fi\/wp-json\/wp\/v2\/types\/product"}],"replies":[{"embeddable":true,"href":"https:\/\/nordicmart.andreevmaster.com\/fi\/wp-json\/wp\/v2\/comments?post=29541"}],"wp:featuredmedia":[{"embeddable":true,"href":"https:\/\/nordicmart.andreevmaster.com\/fi\/wp-json\/wp\/v2\/media\/38986"}],"wp:attachment":[{"href":"https:\/\/nordicmart.andreevmaster.com\/fi\/wp-json\/wp\/v2\/media?parent=29541"}],"wp:term":[{"taxonomy":"product_brand","embeddable":true,"href":"https:\/\/nordicmart.andreevmaster.com\/fi\/wp-json\/wp\/v2\/product_brand?post=29541"},{"taxonomy":"product_cat","embeddable":true,"href":"https:\/\/nordicmart.andreevmaster.com\/fi\/wp-json\/wp\/v2\/product_cat?post=29541"},{"taxonomy":"product_tag","embeddable":true,"href":"https:\/\/nordicmart.andreevmaster.com\/fi\/wp-json\/wp\/v2\/product_tag?post=29541"}],"curies":[{"name":"wp","href":"https:\/\/api.w.org\/{rel}","templated":true}]}}