{"id":29539,"date":"2026-02-27T00:07:09","date_gmt":"2026-02-27T00:07:09","guid":{"rendered":"https:\/\/nordicmart.andreevmaster.com\/product\/vasagle-kylpyhuonekaappi-vapaasti-seisova-kaappi-kylpyhuonekalusteet\/"},"modified":"2026-02-27T09:31:28","modified_gmt":"2026-02-27T09:31:28","slug":"vasagle-kylpyhuonekaappi-vapaasti-seisova-kaappi-kylpyhuonekalusteet","status":"publish","type":"product","link":"https:\/\/nordicmart.andreevmaster.com\/fi\/tuote\/vasagle-kylpyhuonekaappi-vapaasti-seisova-kaappi-kylpyhuonekalusteet\/","title":{"rendered":"VASAGLE kylpyhuonekaappi, vapaasti seisova kaappi, kylpyhuonekalusteet"},"content":{"rendered":"<p>VASAGLE korkea kylpyhuonekaappi, kapea kylpyhuonekaappi, seisova kylpyhuonekaappi, kapea kaappi, 2 laatikkoa, 3 avointa lokeroa, 30 x 30 x 141,5 cm, kylpyhuoneeseen, olohuoneeseen, keitti\u00f6\u00f6n<br \/>\nTuotetiedot:<\/p>\n<p>&#8211; V\u00e4ri: kyyhkynharmaa<br \/>\n&#8211; Materiaali: MDF (keskitihe\u00e4 kuitulevy)<br \/>\n&#8211; Koko: 30 x 30 x 141,5 cm (S x L x K)<br \/>\n&#8211; Paino: 13,1 kg<br \/>\n&#8211; Maks. staattinen kokonaiskuormitus: 15 kg<\/p>\n<p>Toimitus sis\u00e4lt\u00e4\u00e4:<\/p>\n<p>&#8211; 1 x korkea kaappi<br \/>\n&#8211; 1 x s\u00e4ilytysastia lis\u00e4varusteineen<br \/>\n&#8211; 1 x kaatumissuoja<br \/>\n&#8211; 1 x k\u00e4ytt\u00f6ohje<\/p>\n<p>Huomautukset:<\/p>\n<p>&#8211; Aseta tuote kuivaan paikkaan.<br \/>\n&#8211; Mittaa ennen ostamista huone, johon haluat sijoittaa kylpyhuonekaapin, varmistaaksesi, ett\u00e4 tuote mahtuu sinne.<br \/>\n&#8211; Kiinnit\u00e4 kaappi sein\u00e4\u00e4n mukana toimitetulla kaatumissuojalla, jotta se on vakaampi.<br \/>\n&#8211; Lapset eiv\u00e4t saa kiivet\u00e4 tuotteen p\u00e4\u00e4lle tai leikki\u00e4 sill\u00e4.<\/p>\n","protected":false},"excerpt":{"rendered":"<p>VASAGLE korkea kylpyhuonekaappi, kapea kylpyhuonekaappi, seisova kylpyhuonekaappi, kapea kaappi, 2 laatikkoa, 3 avointa lokeroa, 30 x 30 x 141,5 cm, kylpyhuoneeseen, olohuoneeseen, keitti\u00f6\u00f6n<\/p>\n","protected":false},"featured_media":38984,"comment_status":"open","ping_status":"closed","template":"","meta":[],"product_brand":[],"product_cat":[32],"product_tag":[],"class_list":{"0":"post-29539","1":"product","2":"type-product","3":"status-publish","4":"has-post-thumbnail","6":"product_cat-uncategorized-fi","8":"first","9":"instock","10":"shipping-taxable","11":"purchasable","12":"product-type-simple"},"_links":{"self":[{"href":"https:\/\/nordicmart.andreevmaster.com\/fi\/wp-json\/wp\/v2\/product\/29539","targetHints":{"allow":["GET"]}}],"collection":[{"href":"https:\/\/nordicmart.andreevmaster.com\/fi\/wp-json\/wp\/v2\/product"}],"about":[{"href":"https:\/\/nordicmart.andreevmaster.com\/fi\/wp-json\/wp\/v2\/types\/product"}],"replies":[{"embeddable":true,"href":"https:\/\/nordicmart.andreevmaster.com\/fi\/wp-json\/wp\/v2\/comments?post=29539"}],"wp:featuredmedia":[{"embeddable":true,"href":"https:\/\/nordicmart.andreevmaster.com\/fi\/wp-json\/wp\/v2\/media\/38984"}],"wp:attachment":[{"href":"https:\/\/nordicmart.andreevmaster.com\/fi\/wp-json\/wp\/v2\/media?parent=29539"}],"wp:term":[{"taxonomy":"product_brand","embeddable":true,"href":"https:\/\/nordicmart.andreevmaster.com\/fi\/wp-json\/wp\/v2\/product_brand?post=29539"},{"taxonomy":"product_cat","embeddable":true,"href":"https:\/\/nordicmart.andreevmaster.com\/fi\/wp-json\/wp\/v2\/product_cat?post=29539"},{"taxonomy":"product_tag","embeddable":true,"href":"https:\/\/nordicmart.andreevmaster.com\/fi\/wp-json\/wp\/v2\/product_tag?post=29539"}],"curies":[{"name":"wp","href":"https:\/\/api.w.org\/{rel}","templated":true}]}}