{"id":29538,"date":"2026-02-27T00:07:09","date_gmt":"2026-02-27T00:07:09","guid":{"rendered":"https:\/\/nordicmart.andreevmaster.com\/product\/vasagle-pesuallaskaappi-kylpyhuonekaappi-sailytyskaappi\/"},"modified":"2026-02-27T09:31:28","modified_gmt":"2026-02-27T09:31:28","slug":"vasagle-pesuallaskaappi-kylpyhuonekaappi-sailytyskaappi","status":"publish","type":"product","link":"https:\/\/nordicmart.andreevmaster.com\/fi\/tuote\/vasagle-pesuallaskaappi-kylpyhuonekaappi-sailytyskaappi\/","title":{"rendered":"VASAGLE pesuallaskaappi, kylpyhuonekaappi, s\u00e4ilytyskaappi"},"content":{"rendered":"<p>SOS-kylpyhuonekalusteet Ovatko pyyhkeet hajallaan kylpyhuoneessa? Kompastutko jatkuvasti lattialle pudonneisiin suihkugeelipulloihin? Oletko kyll\u00e4stynyt etsim\u00e4\u00e4n hiustenkuivaajaa? S\u00e4ilyt\u00e4 kaikki tarvikkeet siististi t\u00e4ss\u00e4 kylpyhuonekaapissa, jossa on 3-tasoinen s\u00e4\u00e4dett\u00e4v\u00e4 hylly. VASAGLE helpottaa el\u00e4m\u00e4\u00e4si huomattavasti! Erinomainen laatu T\u00e4ss\u00e4 pesualtaan alakaapissa on 2 kiilt\u00e4v\u00e4\u00e4 kahvaa ja 2 kaapinovea, jotka sulkeutuvat tiiviisti huolellisen valmistuksen ansiosta. Ehk\u00e4 vieraasi jopa kysyv\u00e4t, mist\u00e4 olet ostanut t\u00e4m\u00e4n kaapin, koska heill\u00e4 ei ole vastaavaa! Tuotetiedot:- V\u00e4ri: mattavalkoinen &#8211; Materiaali: E1-luokan MDF (keskitihe\u00e4 kuitulevy) &#8211; Koko: 60 x 30 x 60 cm (P x L x K) &#8211; Siphonin aukon koko: 20 x 15 cm &#8211; Paino: 9,5 kg &#8211; Maks. staattinen kokonaiskuormitus: 10 kg Toimitus sis\u00e4lt\u00e4\u00e4:- 1 x pesuallaskaappi &#8211; 1 x lis\u00e4varustepaketti &#8211; 1 x ohjeet (DE, EN, FR, ES, IT) VASAGLE-huomautukset: &#8211; Turvallisuussyist\u00e4 lapset eiv\u00e4t saa kiivet\u00e4 tuotteen p\u00e4\u00e4lle tai leikki\u00e4 sill\u00e4. &#8211; Tuotteen suurin staattinen kantavuus on 10 kg. \u00c4l\u00e4 ylit\u00e4 t\u00e4t\u00e4 enimm\u00e4ispainoa. &#8211; Huomaa, ett\u00e4 sifoniputken aukon koko on 20 x 15 cm (P x L). Mittaa pesuallas huolellisesti ennen t\u00e4m\u00e4n tuotteen ostamista.<\/p>\n","protected":false},"excerpt":{"rendered":"<p>VASAGLE pesuallaskaappi, kylpyhuonekaappi, s\u00e4ilytyskaappi, 60 x 30 x 60 cm, 2 lamelliaukkoista ovea, s\u00e4\u00e4dett\u00e4v\u00e4 hyllytaso, kahvat, skandinaavinen tyyli, mattavalkoinen BBC05WT<\/p>\n","protected":false},"featured_media":38983,"comment_status":"open","ping_status":"closed","template":"","meta":[],"product_brand":[],"product_cat":[32],"product_tag":[],"class_list":{"0":"post-29538","1":"product","2":"type-product","3":"status-publish","4":"has-post-thumbnail","6":"product_cat-uncategorized-fi","8":"first","9":"instock","10":"shipping-taxable","11":"purchasable","12":"product-type-simple"},"_links":{"self":[{"href":"https:\/\/nordicmart.andreevmaster.com\/fi\/wp-json\/wp\/v2\/product\/29538","targetHints":{"allow":["GET"]}}],"collection":[{"href":"https:\/\/nordicmart.andreevmaster.com\/fi\/wp-json\/wp\/v2\/product"}],"about":[{"href":"https:\/\/nordicmart.andreevmaster.com\/fi\/wp-json\/wp\/v2\/types\/product"}],"replies":[{"embeddable":true,"href":"https:\/\/nordicmart.andreevmaster.com\/fi\/wp-json\/wp\/v2\/comments?post=29538"}],"wp:featuredmedia":[{"embeddable":true,"href":"https:\/\/nordicmart.andreevmaster.com\/fi\/wp-json\/wp\/v2\/media\/38983"}],"wp:attachment":[{"href":"https:\/\/nordicmart.andreevmaster.com\/fi\/wp-json\/wp\/v2\/media?parent=29538"}],"wp:term":[{"taxonomy":"product_brand","embeddable":true,"href":"https:\/\/nordicmart.andreevmaster.com\/fi\/wp-json\/wp\/v2\/product_brand?post=29538"},{"taxonomy":"product_cat","embeddable":true,"href":"https:\/\/nordicmart.andreevmaster.com\/fi\/wp-json\/wp\/v2\/product_cat?post=29538"},{"taxonomy":"product_tag","embeddable":true,"href":"https:\/\/nordicmart.andreevmaster.com\/fi\/wp-json\/wp\/v2\/product_tag?post=29538"}],"curies":[{"name":"wp","href":"https:\/\/api.w.org\/{rel}","templated":true}]}}