{"id":29533,"date":"2026-02-27T00:07:08","date_gmt":"2026-02-27T00:07:08","guid":{"rendered":"https:\/\/nordicmart.andreevmaster.com\/product\/vasagle-pesualtaan-alakaappi-vintage-ruskea-musta\/"},"modified":"2026-02-27T09:31:28","modified_gmt":"2026-02-27T09:31:28","slug":"vasagle-pesualtaan-alakaappi-vintage-ruskea-musta","status":"publish","type":"product","link":"https:\/\/nordicmart.andreevmaster.com\/fi\/tuote\/vasagle-pesualtaan-alakaappi-vintage-ruskea-musta\/","title":{"rendered":"VASAGLE pesualtaan alakaappi, vintage-ruskea-musta"},"content":{"rendered":"<p>Tuotetiedot: &#8211; V\u00e4ri: vintage-ruskea-musta &#8211; Materiaali: lastulevy, ter\u00e4s &#8211; Koko: 60 x 30 x 60 cm (P x L x K) &#8211; Siphonin aukon koko: 20 x 15 cm (P x L) &#8211; Paino: 12,4 kg &#8211; Maks. staattinen kantavuus: 10 kg Toimitus sis\u00e4lt\u00e4\u00e4:- 1 x pesuallaskaappi &#8211; 1 x lis\u00e4varustepaketti &#8211; 1 x ohjeet (DE, EN, FR, ES, IT) VASAGLE Huomautukset: &#8211; Kiinnit\u00e4 t\u00e4m\u00e4 tuote sein\u00e4\u00e4n mukana toimitetulla kaatumissuojalla turvallisen k\u00e4yt\u00f6n varmistamiseksi. &#8211; Varo sormien puristumista oven avaamisen tai sulkemisen yhteydess\u00e4.<\/p>\n","protected":false},"excerpt":{"rendered":"<p>VASAGLE pesuallaskaappi, kylpyhuonekaappi, 60 x 30 x 60 cm, ter\u00e4srunko, s\u00e4ilytyskaappi, alakaappi 2 lamelliovella ja s\u00e4\u00e4dett\u00e4v\u00e4ll\u00e4 hyllyll\u00e4, vintage-ruskea-musta BBC901B01<\/p>\n","protected":false},"featured_media":38978,"comment_status":"open","ping_status":"closed","template":"","meta":[],"product_brand":[],"product_cat":[32],"product_tag":[],"class_list":{"0":"post-29533","1":"product","2":"type-product","3":"status-publish","4":"has-post-thumbnail","6":"product_cat-uncategorized-fi","8":"first","9":"instock","10":"shipping-taxable","11":"purchasable","12":"product-type-simple"},"_links":{"self":[{"href":"https:\/\/nordicmart.andreevmaster.com\/fi\/wp-json\/wp\/v2\/product\/29533","targetHints":{"allow":["GET"]}}],"collection":[{"href":"https:\/\/nordicmart.andreevmaster.com\/fi\/wp-json\/wp\/v2\/product"}],"about":[{"href":"https:\/\/nordicmart.andreevmaster.com\/fi\/wp-json\/wp\/v2\/types\/product"}],"replies":[{"embeddable":true,"href":"https:\/\/nordicmart.andreevmaster.com\/fi\/wp-json\/wp\/v2\/comments?post=29533"}],"wp:featuredmedia":[{"embeddable":true,"href":"https:\/\/nordicmart.andreevmaster.com\/fi\/wp-json\/wp\/v2\/media\/38978"}],"wp:attachment":[{"href":"https:\/\/nordicmart.andreevmaster.com\/fi\/wp-json\/wp\/v2\/media?parent=29533"}],"wp:term":[{"taxonomy":"product_brand","embeddable":true,"href":"https:\/\/nordicmart.andreevmaster.com\/fi\/wp-json\/wp\/v2\/product_brand?post=29533"},{"taxonomy":"product_cat","embeddable":true,"href":"https:\/\/nordicmart.andreevmaster.com\/fi\/wp-json\/wp\/v2\/product_cat?post=29533"},{"taxonomy":"product_tag","embeddable":true,"href":"https:\/\/nordicmart.andreevmaster.com\/fi\/wp-json\/wp\/v2\/product_tag?post=29533"}],"curies":[{"name":"wp","href":"https:\/\/api.w.org\/{rel}","templated":true}]}}