{"id":29532,"date":"2026-02-27T00:07:08","date_gmt":"2026-02-27T00:07:08","guid":{"rendered":"https:\/\/nordicmart.andreevmaster.com\/product\/pieni-kylpyhuoneen-kaappi-ohut-kylpyhuoneen-sailytysyksikko-kylpyhuoneen-jarjestaja-vapaasti-seisova-wc-paperin-sailytyskaappi-jossa-on-ulosvedettavat-laatikot-pieniin-tiloihin-valkoinen-2\/"},"modified":"2026-02-27T09:31:28","modified_gmt":"2026-02-27T09:31:28","slug":"pieni-kylpyhuoneen-kaappi-ohut-kylpyhuoneen-sailytysyksikko-kylpyhuoneen-jarjestaja-vapaasti-seisova-wc-paperin-sailytyskaappi-jossa-on-ulosvedettavat-laatikot-pieniin-tiloihin-valkoinen-2","status":"publish","type":"product","link":"https:\/\/nordicmart.andreevmaster.com\/fi\/tuote\/pieni-kylpyhuoneen-kaappi-ohut-kylpyhuoneen-sailytysyksikko-kylpyhuoneen-jarjestaja-vapaasti-seisova-wc-paperin-sailytyskaappi-jossa-on-ulosvedettavat-laatikot-pieniin-tiloihin-valkoinen-2\/","title":{"rendered":"Pieni kylpyhuoneen kaappi, ohut kylpyhuoneen s\u00e4ilytysyksikk\u00f6, kylpyhuoneen j\u00e4rjest\u00e4j\u00e4, vapaasti seisova WC-paperin s\u00e4ilytyskaappi, jossa on ulosvedett\u00e4v\u00e4t laatikot, pieniin tiloihin, valkoinen"},"content":{"rendered":"<p>[4 s\u00e4ilytyskerrosta] T\u00e4m\u00e4 kylpyhuonekaappi vastaa erilaisiin s\u00e4ilytystarpeisiisi yhdess\u00e4 yksik\u00f6ss\u00e4. Siin\u00e4 on 2-tasoinen alalaatikko wc-paperille ja kylpytuotteille, keskimm\u00e4inen laatikko pienemmille tavaroille ja k\u00e4tev\u00e4 p\u00e4\u00e4llimm\u00e4inen lokero matkapuhelimelle.[Ulos liukuva alalaatikko] Liukupy\u00f6rill\u00e4 varustettu alalaatikko liukuu sujuvasti sis\u00e4\u00e4n ja ulos, jotta n\u00e4et sen sis\u00e4ll\u00f6n yhdell\u00e4 silm\u00e4yksell\u00e4 ja p\u00e4\u00e4set helposti k\u00e4siksi tarvitsemaasi tavaraan. Ja alapuolella oleva paneeli est\u00e4\u00e4 laatikon irtoamisen kylpyhuoneen s\u00e4ilytysyksik\u00f6st\u00e4.[Monipuolinen tilans\u00e4\u00e4st\u00e4j\u00e4] Mitoiltaan 40 x 18 x 70 cm, t\u00e4m\u00e4 pieni s\u00e4ilytyskaappi mahtuu hyvin pieneen tilaan wc:n ja sein\u00e4n v\u00e4liin tai ahtaisiin keitti\u00f6n nurkkiin. Sen ohut profiili tuo lis\u00e4\u00e4 s\u00e4ilytystilaa ilman, ett\u00e4 huonetila k\u00e4rsii<\/p>\n<p>[Vakaa ja kest\u00e4v\u00e4] Laadukas MDF-levy on tukeva ja kest\u00e4v\u00e4, ja kaatumisenestosarja est\u00e4\u00e4 vapaasti seisovan kaapin kaatumisen ja takaa turvallisen k\u00e4yt\u00f6n &#8211; t\u00e4m\u00e4 on vankka ohut kylpyhuoneen s\u00e4ilytyskaappi, johon voit luottaa!<\/p>\n<p>[Vaivaton kokoaminen] Helppolukuisten ohjeiden ja numeroitujen osien ansiosta saat t\u00e4m\u00e4n kapean kylpyhuoneen s\u00e4ilytysj\u00e4rjestelij\u00e4n asentumaan kotisi pieniin tiloihin ennen kuin huomaatkaan.<\/p>\n<p>Tekniset tiedot:<\/p>\n<p>V\u00e4ri: Valkoinen<br \/>\nMateriaali: Valkoinen, valkoinen, valkoinen, valkoinen, valkoinen, valkoinen, valkoinen, valkoinen, valkoinen, valkoinen: MDF (keskitihe\u00e4 kuitulevy).Tuotteen kokonaiskoko: 15,7 &#8221;D x 7 &#8221;W x 27,5 &#8221;H (40 x 18 x 70 cm).<br \/>\nTuotteen paino: 8,6 kg (19 lb)<br \/>\nKokonaismitoitus Max. Staattinen kuormituskapasiteetti: 10 kg (22 lb)<\/p>\n","protected":false},"excerpt":{"rendered":"<p>[4 s\u00e4ilytyskerrosta] T\u00e4m\u00e4 kylpyhuonekaappi vastaa erilaisiin s\u00e4ilytystarpeisiisi yhdess\u00e4 yksik\u00f6ss\u00e4. Siin\u00e4 on 2-tasoinen alalaatikko wc-paperille ja kylpytuotteille, keskimm\u00e4inen laatikko pienemmille tavaroille ja k\u00e4tev\u00e4 p\u00e4\u00e4llimm\u00e4inen lokero matkapuhelimelle.[Ulos liukuva alalaatikko] Liukupy\u00f6rill\u00e4 varustettu alalaatikko liukuu sujuvasti sis\u00e4\u00e4n ja ulos, jotta n\u00e4et sen sis\u00e4ll\u00f6n yhdell\u00e4 silm\u00e4yksell\u00e4 ja p\u00e4\u00e4set helposti k\u00e4siksi tarvitsemaasi tavaraan. Ja alapuolella oleva paneeli est\u00e4\u00e4 laatikon irtoamisen kylpyhuoneen [&hellip;]<\/p>\n","protected":false},"featured_media":0,"comment_status":"open","ping_status":"closed","template":"","meta":[],"product_brand":[],"product_cat":[32],"product_tag":[],"class_list":{"0":"post-29532","1":"product","2":"type-product","3":"status-publish","5":"product_cat-uncategorized-fi","7":"first","8":"instock","9":"shipping-taxable","10":"product-type-simple"},"_links":{"self":[{"href":"https:\/\/nordicmart.andreevmaster.com\/fi\/wp-json\/wp\/v2\/product\/29532","targetHints":{"allow":["GET"]}}],"collection":[{"href":"https:\/\/nordicmart.andreevmaster.com\/fi\/wp-json\/wp\/v2\/product"}],"about":[{"href":"https:\/\/nordicmart.andreevmaster.com\/fi\/wp-json\/wp\/v2\/types\/product"}],"replies":[{"embeddable":true,"href":"https:\/\/nordicmart.andreevmaster.com\/fi\/wp-json\/wp\/v2\/comments?post=29532"}],"wp:attachment":[{"href":"https:\/\/nordicmart.andreevmaster.com\/fi\/wp-json\/wp\/v2\/media?parent=29532"}],"wp:term":[{"taxonomy":"product_brand","embeddable":true,"href":"https:\/\/nordicmart.andreevmaster.com\/fi\/wp-json\/wp\/v2\/product_brand?post=29532"},{"taxonomy":"product_cat","embeddable":true,"href":"https:\/\/nordicmart.andreevmaster.com\/fi\/wp-json\/wp\/v2\/product_cat?post=29532"},{"taxonomy":"product_tag","embeddable":true,"href":"https:\/\/nordicmart.andreevmaster.com\/fi\/wp-json\/wp\/v2\/product_tag?post=29532"}],"curies":[{"name":"wp","href":"https:\/\/api.w.org\/{rel}","templated":true}]}}