{"id":29528,"date":"2026-02-27T00:07:07","date_gmt":"2026-02-27T00:07:07","guid":{"rendered":"https:\/\/nordicmart.andreevmaster.com\/product\/vasagle-kylpyhuonekaappi-avoimilla-hyllyilla\/"},"modified":"2026-02-27T09:31:27","modified_gmt":"2026-02-27T09:31:27","slug":"vasagle-kylpyhuonekaappi-avoimilla-hyllyilla","status":"publish","type":"product","link":"https:\/\/nordicmart.andreevmaster.com\/fi\/tuote\/vasagle-kylpyhuonekaappi-avoimilla-hyllyilla\/","title":{"rendered":"VASAGLE kylpyhuonekaappi avoimilla hyllyill\u00e4"},"content":{"rendered":"<p>Ei ole mit\u00e4\u00e4n parempaa kuin k\u00e4\u00e4riyty\u00e4 pehme\u00e4\u00e4n pyyhkeeseen kuuman vaahtokylvyn j\u00e4lkeen ja voidella ihoa tuoksuvalla voiteella. T\u00e4m\u00e4 s\u00e4ilytyskaappi tarjoaa runsaasti tilaa kylpyhuonetarvikkeiden s\u00e4ilytt\u00e4miseen. Monipuoliset s\u00e4ilytysmahdollisuudet Hoitoaineet ja kylpysuola mahtuvat t\u00e4ydellisesti avoimiin hyllyihin. Puhdistusaineet ja muut esineet on parempi piilottaa kaksoisovien taakse. Aseta lis\u00e4ksi tuoksukynttil\u00e4 ylimm\u00e4lle hyllylle, jotta kylpyhuoneeseesi syntyy romanttinen tunnelma. Todellinen monipuolinen tuote Enemm\u00e4n kuin vain kylpyhuoneen kaappi! T\u00e4m\u00e4 huonekalu sopii my\u00f6s keitti\u00f6\u00f6n mikroaaltouunin ja kattiloiden s\u00e4ilytt\u00e4miseen sek\u00e4 olohuoneeseen kirjojen ja valokuvakehysten sijoittamiseen. Tai k\u00e4yt\u00e4 t\u00e4t\u00e4 kaappia eteisess\u00e4 avainten ja lompakoiden s\u00e4ilytt\u00e4miseen k\u00e4den ulottuvilla. Mik\u00e4 on suunnitelmasi? Tuotetiedot: &#8211; V\u00e4ri: mattavalkoinen &#8211; Materiaali: E1-luokan MDF (keskitihe\u00e4 kuitulevy) &#8211; Koko: 60 x 32,5 x 122 cm (P x L x K) &#8211; Paino: 17,7 kg &#8211; Maks. staattinen kokonaiskuormitus: 20 kg Toimitus sis\u00e4lt\u00e4\u00e4: &#8211; 1 x kylpyhuonekaappi &#8211; 1 x lis\u00e4varustepaketti &#8211; 1 x kaatumissuoja &#8211; 1 x ohjeet (DE, EN, FR, ES, IT) VASAGLE Huomautukset:- Kiinnit\u00e4 t\u00e4m\u00e4 tuote sein\u00e4\u00e4n mukana toimitetulla kaatumissuojalla turvallisen k\u00e4yt\u00f6n varmistamiseksi. &#8211; Turvallisuussyist\u00e4 lapset eiv\u00e4t saa kiivet\u00e4 tuotteelle tai leikki\u00e4 sill\u00e4. &#8211; Jos haluat sijoittaa mikroaaltouunin t\u00e4lle hyllylle, mittaa se ensin varmistaaksesi, ett\u00e4 mikroaaltouuni mahtuu siihen.<\/p>\n","protected":false},"excerpt":{"rendered":"<p>VASAGLE kylpyhuonekaappi, kylpyhuonekaappi, korkea kaappi, kirjahylly, 2 avointa hyllytasoa ja 2 ovea, 60 x 32,5 x 122 cm, olohuone, keitti\u00f6, ty\u00f6huone, eteinen, mattavalkoinen BBC81WT<\/p>\n","protected":false},"featured_media":38974,"comment_status":"open","ping_status":"closed","template":"","meta":[],"product_brand":[],"product_cat":[32],"product_tag":[],"class_list":{"0":"post-29528","1":"product","2":"type-product","3":"status-publish","4":"has-post-thumbnail","6":"product_cat-uncategorized-fi","8":"first","9":"instock","10":"shipping-taxable","11":"purchasable","12":"product-type-simple"},"_links":{"self":[{"href":"https:\/\/nordicmart.andreevmaster.com\/fi\/wp-json\/wp\/v2\/product\/29528","targetHints":{"allow":["GET"]}}],"collection":[{"href":"https:\/\/nordicmart.andreevmaster.com\/fi\/wp-json\/wp\/v2\/product"}],"about":[{"href":"https:\/\/nordicmart.andreevmaster.com\/fi\/wp-json\/wp\/v2\/types\/product"}],"replies":[{"embeddable":true,"href":"https:\/\/nordicmart.andreevmaster.com\/fi\/wp-json\/wp\/v2\/comments?post=29528"}],"wp:featuredmedia":[{"embeddable":true,"href":"https:\/\/nordicmart.andreevmaster.com\/fi\/wp-json\/wp\/v2\/media\/38974"}],"wp:attachment":[{"href":"https:\/\/nordicmart.andreevmaster.com\/fi\/wp-json\/wp\/v2\/media?parent=29528"}],"wp:term":[{"taxonomy":"product_brand","embeddable":true,"href":"https:\/\/nordicmart.andreevmaster.com\/fi\/wp-json\/wp\/v2\/product_brand?post=29528"},{"taxonomy":"product_cat","embeddable":true,"href":"https:\/\/nordicmart.andreevmaster.com\/fi\/wp-json\/wp\/v2\/product_cat?post=29528"},{"taxonomy":"product_tag","embeddable":true,"href":"https:\/\/nordicmart.andreevmaster.com\/fi\/wp-json\/wp\/v2\/product_tag?post=29528"}],"curies":[{"name":"wp","href":"https:\/\/api.w.org\/{rel}","templated":true}]}}