{"id":29526,"date":"2026-02-27T00:07:07","date_gmt":"2026-02-27T00:07:07","guid":{"rendered":"https:\/\/nordicmart.andreevmaster.com\/product\/vasagle-kylpyhuonekaappi-2-ovea-ja-hyllyja-kyyhkynharmaa\/"},"modified":"2026-02-27T09:31:27","modified_gmt":"2026-02-27T09:31:27","slug":"vasagle-kylpyhuonekaappi-2-ovea-ja-hyllyja-kyyhkynharmaa","status":"publish","type":"product","link":"https:\/\/nordicmart.andreevmaster.com\/fi\/tuote\/vasagle-kylpyhuonekaappi-2-ovea-ja-hyllyja-kyyhkynharmaa\/","title":{"rendered":"VASAGLE kylpyhuonekaappi, 2 ovea ja hyllyj\u00e4, kyyhkynharmaa"},"content":{"rendered":"<p>VASAGLE kylpyhuoneen kaappi, 2-ovinen kylpyhuoneen kaappi, 2 s\u00e4\u00e4dett\u00e4v\u00e4\u00e4 hylly\u00e4, 30 x 60 x 100 cm, kaappi ruokasaliin, keitti\u00f6\u00f6n, olohuoneeseen, pilvinen valkoinen BBC770W01<br \/>\nV\u00e4ri: kyyhkynharmaa<br \/>\nMateriaali: MDF (keskitihe\u00e4 kuitulevy)<br \/>\nKoko: 30 x 60 x 100 cm (L x P x K)<br \/>\nPaino: 17,3 kg<br \/>\nYlimm\u00e4n avoimen hyllyn maks. staattinen kantavuus: 20 kg<br \/>\nToisen avoimen hyllyn maks. staattinen kantavuus: 30 kg<br \/>\nJokaisen hyllyn enimm\u00e4iskantavuus: 20 kg<\/p>\n","protected":false},"excerpt":{"rendered":"<p>VASAGLE kylpyhuoneen kaappi, 2-ovinen kylpyhuoneen kaappi, 2 s\u00e4\u00e4dett\u00e4v\u00e4\u00e4 hylly\u00e4, 30 x 60 x 100 cm, kaappi ruokasaliin, keitti\u00f6\u00f6n, olohuoneeseen, pilvinen valkoinen BBC770W01<\/p>\n","protected":false},"featured_media":38972,"comment_status":"open","ping_status":"closed","template":"","meta":[],"product_brand":[],"product_cat":[32],"product_tag":[],"class_list":{"0":"post-29526","1":"product","2":"type-product","3":"status-publish","4":"has-post-thumbnail","6":"product_cat-uncategorized-fi","8":"first","9":"instock","10":"shipping-taxable","11":"purchasable","12":"product-type-simple"},"_links":{"self":[{"href":"https:\/\/nordicmart.andreevmaster.com\/fi\/wp-json\/wp\/v2\/product\/29526","targetHints":{"allow":["GET"]}}],"collection":[{"href":"https:\/\/nordicmart.andreevmaster.com\/fi\/wp-json\/wp\/v2\/product"}],"about":[{"href":"https:\/\/nordicmart.andreevmaster.com\/fi\/wp-json\/wp\/v2\/types\/product"}],"replies":[{"embeddable":true,"href":"https:\/\/nordicmart.andreevmaster.com\/fi\/wp-json\/wp\/v2\/comments?post=29526"}],"wp:featuredmedia":[{"embeddable":true,"href":"https:\/\/nordicmart.andreevmaster.com\/fi\/wp-json\/wp\/v2\/media\/38972"}],"wp:attachment":[{"href":"https:\/\/nordicmart.andreevmaster.com\/fi\/wp-json\/wp\/v2\/media?parent=29526"}],"wp:term":[{"taxonomy":"product_brand","embeddable":true,"href":"https:\/\/nordicmart.andreevmaster.com\/fi\/wp-json\/wp\/v2\/product_brand?post=29526"},{"taxonomy":"product_cat","embeddable":true,"href":"https:\/\/nordicmart.andreevmaster.com\/fi\/wp-json\/wp\/v2\/product_cat?post=29526"},{"taxonomy":"product_tag","embeddable":true,"href":"https:\/\/nordicmart.andreevmaster.com\/fi\/wp-json\/wp\/v2\/product_tag?post=29526"}],"curies":[{"name":"wp","href":"https:\/\/api.w.org\/{rel}","templated":true}]}}