{"id":29524,"date":"2026-02-27T00:07:06","date_gmt":"2026-02-27T00:07:06","guid":{"rendered":"https:\/\/nordicmart.andreevmaster.com\/product\/vasagle-kylpyhuonekaappi-saadettavilla-hyllyilla-ja-avoimilla\/"},"modified":"2026-02-27T09:31:27","modified_gmt":"2026-02-27T09:31:27","slug":"vasagle-kylpyhuonekaappi-saadettavilla-hyllyilla-ja-avoimilla","status":"publish","type":"product","link":"https:\/\/nordicmart.andreevmaster.com\/fi\/tuote\/vasagle-kylpyhuonekaappi-saadettavilla-hyllyilla-ja-avoimilla\/","title":{"rendered":"VASAGLE Kylpyhuonekaappi s\u00e4\u00e4dett\u00e4vill\u00e4 hyllyill\u00e4 ja avoimilla"},"content":{"rendered":"<p>VASAGLE kylpyhuoneen kaappi, korkea, kapea s\u00e4ilytyskaappi, s\u00e4\u00e4dett\u00e4vill\u00e4 hyllyill\u00e4, laatikolla, avoimilla lokeroilla, pieniin tiloihin, moderni, kyyhkynharmaa BBC765G02<br \/>\nV\u00e4ri: kyyhkynharmaa<br \/>\nMateriaali: MDF (keskitihe\u00e4 kuitulevy)<br \/>\nKoko: 19,5 x 21,4 x 180 (S x L x K)<br \/>\nPaino: 9,7 kg<br \/>\nJokaisen s\u00e4\u00e4dett\u00e4v\u00e4n hyllyn maks. staattinen kantavuus: 5 kg<br \/>\nMaks. staattinen kokonaiskuormitus: 45 kg<\/p>\n","protected":false},"excerpt":{"rendered":"<p>VASAGLE kylpyhuoneen kaappi, korkea, kapea s\u00e4ilytyskaappi, s\u00e4\u00e4dett\u00e4vill\u00e4 hyllyill\u00e4, laatikolla, avoimilla lokeroilla, pieniin tiloihin, moderni, kyyhkynharmaa BBC765G02<\/p>\n","protected":false},"featured_media":38970,"comment_status":"open","ping_status":"closed","template":"","meta":[],"product_brand":[],"product_cat":[32],"product_tag":[],"class_list":{"0":"post-29524","1":"product","2":"type-product","3":"status-publish","4":"has-post-thumbnail","6":"product_cat-uncategorized-fi","8":"first","9":"instock","10":"shipping-taxable","11":"purchasable","12":"product-type-simple"},"_links":{"self":[{"href":"https:\/\/nordicmart.andreevmaster.com\/fi\/wp-json\/wp\/v2\/product\/29524","targetHints":{"allow":["GET"]}}],"collection":[{"href":"https:\/\/nordicmart.andreevmaster.com\/fi\/wp-json\/wp\/v2\/product"}],"about":[{"href":"https:\/\/nordicmart.andreevmaster.com\/fi\/wp-json\/wp\/v2\/types\/product"}],"replies":[{"embeddable":true,"href":"https:\/\/nordicmart.andreevmaster.com\/fi\/wp-json\/wp\/v2\/comments?post=29524"}],"wp:featuredmedia":[{"embeddable":true,"href":"https:\/\/nordicmart.andreevmaster.com\/fi\/wp-json\/wp\/v2\/media\/38970"}],"wp:attachment":[{"href":"https:\/\/nordicmart.andreevmaster.com\/fi\/wp-json\/wp\/v2\/media?parent=29524"}],"wp:term":[{"taxonomy":"product_brand","embeddable":true,"href":"https:\/\/nordicmart.andreevmaster.com\/fi\/wp-json\/wp\/v2\/product_brand?post=29524"},{"taxonomy":"product_cat","embeddable":true,"href":"https:\/\/nordicmart.andreevmaster.com\/fi\/wp-json\/wp\/v2\/product_cat?post=29524"},{"taxonomy":"product_tag","embeddable":true,"href":"https:\/\/nordicmart.andreevmaster.com\/fi\/wp-json\/wp\/v2\/product_tag?post=29524"}],"curies":[{"name":"wp","href":"https:\/\/api.w.org\/{rel}","templated":true}]}}