{"id":29523,"date":"2026-02-27T00:07:06","date_gmt":"2026-02-27T00:07:06","guid":{"rendered":"https:\/\/nordicmart.andreevmaster.com\/product\/vasagle-kylpyhuonekaappi-pyykkikorilla-40-x-40-x-170-cm\/"},"modified":"2026-02-27T09:31:26","modified_gmt":"2026-02-27T09:31:26","slug":"vasagle-kylpyhuonekaappi-pyykkikorilla-40-x-40-x-170-cm","status":"publish","type":"product","link":"https:\/\/nordicmart.andreevmaster.com\/fi\/tuote\/vasagle-kylpyhuonekaappi-pyykkikorilla-40-x-40-x-170-cm\/","title":{"rendered":"VASAGLE kylpyhuonekaappi pyykkikorilla 40 x 40 x 170 cm"},"content":{"rendered":"<p>VASAGLE kylpyhuonekaappi pyykkikorilla, korkea kylpyhuonekaappi, irrotettava pyykkipussi kahvoilla, ovella, s\u00e4\u00e4dett\u00e4v\u00e4ll\u00e4 hyllyll\u00e4, 40 x 40 x 170 cm, pilvinen valkoinen BBC761W01<br \/>\nV\u00e4ri: pilvinen valkoinen<br \/>\nMateriaali: MDF (keskitihe\u00e4 kuitulevy), polyesterikangas<br \/>\nKoko: 40 x 40 x 170 cm (S x L x K)<br \/>\nPaino: 24 kg<br \/>\nHyllyn staattinen kantavuus: 20 kg<br \/>\nLaatikon staattinen kantavuus: 20 kg<br \/>\nPyykki korin staattinen kantavuus: 20 kg<\/p>\n","protected":false},"excerpt":{"rendered":"<p>VASAGLE kylpyhuonekaappi pyykkikorilla, korkea kylpyhuonekaappi, irrotettava pyykkipussi kahvoilla, ovella, s\u00e4\u00e4dett\u00e4v\u00e4ll\u00e4 hyllyll\u00e4, 40 x 40 x 170 cm, pilvinen valkoinen BBC761W01<\/p>\n","protected":false},"featured_media":38969,"comment_status":"open","ping_status":"closed","template":"","meta":[],"product_brand":[],"product_cat":[32],"product_tag":[],"class_list":{"0":"post-29523","1":"product","2":"type-product","3":"status-publish","4":"has-post-thumbnail","6":"product_cat-uncategorized-fi","8":"first","9":"instock","10":"shipping-taxable","11":"purchasable","12":"product-type-simple"},"_links":{"self":[{"href":"https:\/\/nordicmart.andreevmaster.com\/fi\/wp-json\/wp\/v2\/product\/29523","targetHints":{"allow":["GET"]}}],"collection":[{"href":"https:\/\/nordicmart.andreevmaster.com\/fi\/wp-json\/wp\/v2\/product"}],"about":[{"href":"https:\/\/nordicmart.andreevmaster.com\/fi\/wp-json\/wp\/v2\/types\/product"}],"replies":[{"embeddable":true,"href":"https:\/\/nordicmart.andreevmaster.com\/fi\/wp-json\/wp\/v2\/comments?post=29523"}],"wp:featuredmedia":[{"embeddable":true,"href":"https:\/\/nordicmart.andreevmaster.com\/fi\/wp-json\/wp\/v2\/media\/38969"}],"wp:attachment":[{"href":"https:\/\/nordicmart.andreevmaster.com\/fi\/wp-json\/wp\/v2\/media?parent=29523"}],"wp:term":[{"taxonomy":"product_brand","embeddable":true,"href":"https:\/\/nordicmart.andreevmaster.com\/fi\/wp-json\/wp\/v2\/product_brand?post=29523"},{"taxonomy":"product_cat","embeddable":true,"href":"https:\/\/nordicmart.andreevmaster.com\/fi\/wp-json\/wp\/v2\/product_cat?post=29523"},{"taxonomy":"product_tag","embeddable":true,"href":"https:\/\/nordicmart.andreevmaster.com\/fi\/wp-json\/wp\/v2\/product_tag?post=29523"}],"curies":[{"name":"wp","href":"https:\/\/api.w.org\/{rel}","templated":true}]}}