{"id":29522,"date":"2026-02-27T00:07:06","date_gmt":"2026-02-27T00:07:06","guid":{"rendered":"https:\/\/nordicmart.andreevmaster.com\/product\/vasagle-kylpyhuonekaappi-pyykkikorilla-ja-kahvoilla-kyyhkynharmaa\/"},"modified":"2026-02-27T09:31:26","modified_gmt":"2026-02-27T09:31:26","slug":"vasagle-kylpyhuonekaappi-pyykkikorilla-ja-kahvoilla-kyyhkynharmaa","status":"publish","type":"product","link":"https:\/\/nordicmart.andreevmaster.com\/fi\/tuote\/vasagle-kylpyhuonekaappi-pyykkikorilla-ja-kahvoilla-kyyhkynharmaa\/","title":{"rendered":"VASAGLE kylpyhuonekaappi pyykkikorilla ja kahvoilla, kyyhkynharmaa"},"content":{"rendered":"<p>VASAGLE kylpyhuonekaappi pyykkikorilla, korkea kylpyhuonekaappi, irrotettava pyykkipussi kahvoilla, ovella, s\u00e4\u00e4dett\u00e4v\u00e4ll\u00e4 hyllyll\u00e4, 40 x 40 x 170 cm, pilvinen valkoinen BBC761W01<br \/>\n&#8211; V\u00e4ri: kyyhkynharmaa<br \/>\n&#8211; Materiaali: MDF (keskitihe\u00e4 kuitulevy), polyesterikangas<br \/>\n&#8211; Koko: 40 x 40 x 170 cm (S x L x K)<br \/>\n&#8211; Paino: 24 kg<br \/>\n&#8211; Hyllyn staattinen kantavuus: 20 kg<br \/>\n&#8211; Laatikon staattinen kantavuus: 20 kg<br \/>\n&#8211; Pyykki korin staattinen kantavuus: 20 kg<\/p>\n","protected":false},"excerpt":{"rendered":"<p>VASAGLE kylpyhuonekaappi pyykkikorilla, korkea kylpyhuonekaappi, irrotettava pyykkipussi kahvoilla, ovella, s\u00e4\u00e4dett\u00e4v\u00e4ll\u00e4 hyllyll\u00e4, 40 x 40 x 170 cm, pilvinen valkoinen BBC761W01<\/p>\n","protected":false},"featured_media":38968,"comment_status":"open","ping_status":"closed","template":"","meta":[],"product_brand":[],"product_cat":[32],"product_tag":[],"class_list":{"0":"post-29522","1":"product","2":"type-product","3":"status-publish","4":"has-post-thumbnail","6":"product_cat-uncategorized-fi","8":"first","9":"instock","10":"shipping-taxable","11":"purchasable","12":"product-type-simple"},"_links":{"self":[{"href":"https:\/\/nordicmart.andreevmaster.com\/fi\/wp-json\/wp\/v2\/product\/29522","targetHints":{"allow":["GET"]}}],"collection":[{"href":"https:\/\/nordicmart.andreevmaster.com\/fi\/wp-json\/wp\/v2\/product"}],"about":[{"href":"https:\/\/nordicmart.andreevmaster.com\/fi\/wp-json\/wp\/v2\/types\/product"}],"replies":[{"embeddable":true,"href":"https:\/\/nordicmart.andreevmaster.com\/fi\/wp-json\/wp\/v2\/comments?post=29522"}],"wp:featuredmedia":[{"embeddable":true,"href":"https:\/\/nordicmart.andreevmaster.com\/fi\/wp-json\/wp\/v2\/media\/38968"}],"wp:attachment":[{"href":"https:\/\/nordicmart.andreevmaster.com\/fi\/wp-json\/wp\/v2\/media?parent=29522"}],"wp:term":[{"taxonomy":"product_brand","embeddable":true,"href":"https:\/\/nordicmart.andreevmaster.com\/fi\/wp-json\/wp\/v2\/product_brand?post=29522"},{"taxonomy":"product_cat","embeddable":true,"href":"https:\/\/nordicmart.andreevmaster.com\/fi\/wp-json\/wp\/v2\/product_cat?post=29522"},{"taxonomy":"product_tag","embeddable":true,"href":"https:\/\/nordicmart.andreevmaster.com\/fi\/wp-json\/wp\/v2\/product_tag?post=29522"}],"curies":[{"name":"wp","href":"https:\/\/api.w.org\/{rel}","templated":true}]}}