{"id":29517,"date":"2026-02-27T00:07:05","date_gmt":"2026-02-27T00:07:05","guid":{"rendered":"https:\/\/nordicmart.andreevmaster.com\/product\/vasagle-kylpyhuoneen-kaappi-marmorikuvio\/"},"modified":"2026-02-27T09:31:25","modified_gmt":"2026-02-27T09:31:25","slug":"vasagle-kylpyhuoneen-kaappi-marmorikuvio","status":"publish","type":"product","link":"https:\/\/nordicmart.andreevmaster.com\/fi\/tuote\/vasagle-kylpyhuoneen-kaappi-marmorikuvio\/","title":{"rendered":"VASAGLE kylpyhuoneen kaappi marmorikuvio"},"content":{"rendered":"<p>Arvostakaa kylpyhuonettanne Marmorimainen painokuvio antaa kylpyhuoneellenne ylellisen ilmeen, kaapin ovien kolmionmuotoiset kahvat ovat ainutlaatuiset ja valkoinen s\u00e4vy tuo raikkautta kylpyhuoneeseenne. N\u00e4iden elementtien yhdistelm\u00e4 luo yst\u00e4v\u00e4llisen ilmapiirin, jossa voitte rentoutua ja ker\u00e4t\u00e4 uusia voimia.Valmiina k\u00e4ytt\u00f6\u00f6n T\u00e4m\u00e4 kaappi sopii hyvin paitsi kylpyhuoneeseen my\u00f6s muihin huoneisiin \u2013 keitti\u00f6tarvikkeet, kirjat, ruukkukasvit tai valokuvakehykset mahtuvat siihen t\u00e4ydellisesti. Riippumatta siit\u00e4, mihin sijoitat sen, se on k\u00e4yt\u00e4nn\u00f6llinen s\u00e4ilytysapuri kaikkialla. Jos pid\u00e4t t\u00e4st\u00e4 kylpyhuonekaapista, tutustu my\u00f6s muihin VASAGLE:n marmorimaisilla painokuvioilla varustettuihin kylpyhuonekalusteisiin!Tuotetiedot: &#8211; V\u00e4ri: valkoinen &#8211; Materiaali: E1-luokan MDF (keskitihe\u00e4 kuitulevy) &#8211; Koko: 60 x 30 x 80 cm (P x L x K) &#8211; Paino: 13,2 kg &#8211; Maks. staattinen kokonaiskuormitus: 15 kg Toimitus sis\u00e4lt\u00e4\u00e4:- 1 x kylpyhuonekaappi &#8211; 1 x lis\u00e4varustepussi &#8211; 1 x ohjeet (DE, EN, FR, ES, IT) VASAGLE-ohjeet: &#8211; Kiinnit\u00e4 kaappi sein\u00e4\u00e4n mukana toimitetulla kaatumissuojalla. &#8211; Lapset eiv\u00e4t saa kiivet\u00e4 tuotteen p\u00e4\u00e4lle tai leikki\u00e4 sill\u00e4.<\/p>\n","protected":false},"excerpt":{"rendered":"<p>VASAGLE kylpyhuonekaappi, marmorikuvioinen, avoin lokero, s\u00e4\u00e4dett\u00e4v\u00e4 hyllytaso ja kaapin ovet, 60 x 30 x 80 cm, valkoinen BBC68WT<\/p>\n","protected":false},"featured_media":38964,"comment_status":"open","ping_status":"closed","template":"","meta":[],"product_brand":[],"product_cat":[32],"product_tag":[],"class_list":{"0":"post-29517","1":"product","2":"type-product","3":"status-publish","4":"has-post-thumbnail","6":"product_cat-uncategorized-fi","8":"first","9":"instock","10":"shipping-taxable","11":"purchasable","12":"product-type-simple"},"_links":{"self":[{"href":"https:\/\/nordicmart.andreevmaster.com\/fi\/wp-json\/wp\/v2\/product\/29517","targetHints":{"allow":["GET"]}}],"collection":[{"href":"https:\/\/nordicmart.andreevmaster.com\/fi\/wp-json\/wp\/v2\/product"}],"about":[{"href":"https:\/\/nordicmart.andreevmaster.com\/fi\/wp-json\/wp\/v2\/types\/product"}],"replies":[{"embeddable":true,"href":"https:\/\/nordicmart.andreevmaster.com\/fi\/wp-json\/wp\/v2\/comments?post=29517"}],"wp:featuredmedia":[{"embeddable":true,"href":"https:\/\/nordicmart.andreevmaster.com\/fi\/wp-json\/wp\/v2\/media\/38964"}],"wp:attachment":[{"href":"https:\/\/nordicmart.andreevmaster.com\/fi\/wp-json\/wp\/v2\/media?parent=29517"}],"wp:term":[{"taxonomy":"product_brand","embeddable":true,"href":"https:\/\/nordicmart.andreevmaster.com\/fi\/wp-json\/wp\/v2\/product_brand?post=29517"},{"taxonomy":"product_cat","embeddable":true,"href":"https:\/\/nordicmart.andreevmaster.com\/fi\/wp-json\/wp\/v2\/product_cat?post=29517"},{"taxonomy":"product_tag","embeddable":true,"href":"https:\/\/nordicmart.andreevmaster.com\/fi\/wp-json\/wp\/v2\/product_tag?post=29517"}],"curies":[{"name":"wp","href":"https:\/\/api.w.org\/{rel}","templated":true}]}}