{"id":29516,"date":"2026-02-27T00:07:05","date_gmt":"2026-02-27T00:07:05","guid":{"rendered":"https:\/\/nordicmart.andreevmaster.com\/product\/vasagle-kaappi-jossa-3-avointa-lokeroa\/"},"modified":"2026-02-27T09:31:25","modified_gmt":"2026-02-27T09:31:25","slug":"vasagle-kaappi-jossa-3-avointa-lokeroa","status":"publish","type":"product","link":"https:\/\/nordicmart.andreevmaster.com\/fi\/tuote\/vasagle-kaappi-jossa-3-avointa-lokeroa\/","title":{"rendered":"VASAGLE kaappi, jossa 3 avointa lokeroa"},"content":{"rendered":"<p>Hyvi\u00e4 uutisia pienille kylpyhuoneille Puuttuuko pienest\u00e4 kylpyhuoneestasi s\u00e4ilytystilaa? T\u00e4m\u00e4 korkea kaappi tulee apuun! Kompakti, mutta silti tilava, se tarjoaa tarpeeksi tilaa kaikille kylpyhuonetarvikkeillesi ja vie kuitenkin vain v\u00e4h\u00e4n tilaa lattialla. Avoin vai suljettu? 3 avointa lokeroa tarjoavat tilaa usein k\u00e4ytetyille hoitotuotteille, jotta voit helposti k\u00e4ytt\u00e4\u00e4 niit\u00e4 aamulla valmistautuessasi. Laatikossa ja kaapin kahden oven takana voit s\u00e4ilytt\u00e4\u00e4 muita esineit\u00e4 huomaamattomasti. Jos pid\u00e4t t\u00e4st\u00e4 kylpyhuonekaapista, tutustu my\u00f6s muihin VASAGLE-kylpyhuonekalusteisiin! Tuotetiedot: &#8211; V\u00e4ri: valkoinen &#8211; Materiaali: E1-luokan MDF (keskitihe\u00e4 kuitulevy) &#8211; Koko: 60 x 32,5 x 154 cm (P x L x K) &#8211; Paino: 19,5 kg &#8211; Maks. staattinen kokonaiskuormitus: 20 kg Toimitus sis\u00e4lt\u00e4\u00e4: &#8211; 1 x korkea kaappi &#8211; 1 x lis\u00e4varustepussi &#8211; 1 x ohjeet (DE, EN, FR, ES, IT) VASAGLE-ohjeet:- Kaappi on kiinnitett\u00e4v\u00e4 sein\u00e4\u00e4n mukana toimitetulla kaatumissuojalla. &#8211; Lapset eiv\u00e4t saa kiivet\u00e4 tuotteen p\u00e4\u00e4lle tai leikki\u00e4 sill\u00e4. &#8211; Jos haluat sijoittaa mikroaaltouunin t\u00e4lle hyllylle, mittaa se ensin varmistaaksesi, ett\u00e4 mikroaaltouuni mahtuu siihen.<\/p>\n","protected":false},"excerpt":{"rendered":"<p>VASAGLE korkea kaappi, kylpyhuonekaappi, vapaasti seisova kylpyhuonekaappi, kirjahylly, 3 avointa lokeroa, 1 laatikko ja 2 kaapinovea, 60 x 32,5 x 154 cm, eteinen, keitti\u00f6, ty\u00f6huone, valkoinen BBC67WT<\/p>\n","protected":false},"featured_media":38963,"comment_status":"open","ping_status":"closed","template":"","meta":[],"product_brand":[],"product_cat":[32],"product_tag":[],"class_list":{"0":"post-29516","1":"product","2":"type-product","3":"status-publish","4":"has-post-thumbnail","6":"product_cat-uncategorized-fi","8":"first","9":"instock","10":"shipping-taxable","11":"purchasable","12":"product-type-simple"},"_links":{"self":[{"href":"https:\/\/nordicmart.andreevmaster.com\/fi\/wp-json\/wp\/v2\/product\/29516","targetHints":{"allow":["GET"]}}],"collection":[{"href":"https:\/\/nordicmart.andreevmaster.com\/fi\/wp-json\/wp\/v2\/product"}],"about":[{"href":"https:\/\/nordicmart.andreevmaster.com\/fi\/wp-json\/wp\/v2\/types\/product"}],"replies":[{"embeddable":true,"href":"https:\/\/nordicmart.andreevmaster.com\/fi\/wp-json\/wp\/v2\/comments?post=29516"}],"wp:featuredmedia":[{"embeddable":true,"href":"https:\/\/nordicmart.andreevmaster.com\/fi\/wp-json\/wp\/v2\/media\/38963"}],"wp:attachment":[{"href":"https:\/\/nordicmart.andreevmaster.com\/fi\/wp-json\/wp\/v2\/media?parent=29516"}],"wp:term":[{"taxonomy":"product_brand","embeddable":true,"href":"https:\/\/nordicmart.andreevmaster.com\/fi\/wp-json\/wp\/v2\/product_brand?post=29516"},{"taxonomy":"product_cat","embeddable":true,"href":"https:\/\/nordicmart.andreevmaster.com\/fi\/wp-json\/wp\/v2\/product_cat?post=29516"},{"taxonomy":"product_tag","embeddable":true,"href":"https:\/\/nordicmart.andreevmaster.com\/fi\/wp-json\/wp\/v2\/product_tag?post=29516"}],"curies":[{"name":"wp","href":"https:\/\/api.w.org\/{rel}","templated":true}]}}