{"id":29514,"date":"2026-02-27T00:07:04","date_gmt":"2026-02-27T00:07:04","guid":{"rendered":"https:\/\/nordicmart.andreevmaster.com\/product\/vasagle-suuri-kylpyhuoneen-kaappi-valkoinen\/"},"modified":"2026-02-27T09:31:25","modified_gmt":"2026-02-27T09:31:25","slug":"vasagle-suuri-kylpyhuoneen-kaappi-valkoinen","status":"publish","type":"product","link":"https:\/\/nordicmart.andreevmaster.com\/fi\/tuote\/vasagle-suuri-kylpyhuoneen-kaappi-valkoinen\/","title":{"rendered":"VASAGLE Suuri kylpyhuoneen kaappi, valkoinen"},"content":{"rendered":"<p>L\u00e4mmin vesi virtaa kylpyammeeseen, kuplat nousevat pintaan ja miellytt\u00e4v\u00e4t tuoksut levi\u00e4v\u00e4t kylpyhuoneeseesi \u2013 miss\u00e4\u00e4n muualla ihminen ei tunne oloaan niin hyv\u00e4ksi kuin kylpyammeessa. Kun viel\u00e4 pyyhkeet ja hoitotuotteet ovat siististi ja k\u00e4tev\u00e4sti saatavilla tyylikk\u00e4\u00e4ss\u00e4 kylpyhuoneen kaapissa, el\u00e4m\u00e4 ei voisi olla kauniimpaa. Monipuoliset s\u00e4ilytysmahdollisuudet Avoimissa hyllyiss\u00e4 voit s\u00e4ilytt\u00e4\u00e4 usein k\u00e4ytettyj\u00e4 kylpyhuonetarvikkeita k\u00e4den ulottuvilla. Pyyhkeet mahtuvat laatikkoon. Puhdistusaineet, wc-paperi jne. voidaan piilottaa kaapin ovien taakse. Aseta sitten tuoksukynttil\u00e4 ylimm\u00e4lle hyllylle ja luo kylpyhuoneeseesi romanttinen tunnelma. Todellinen monitaituri T\u00e4m\u00e4 kaappi sopii paitsi kylpyhuoneeseesi my\u00f6s keitti\u00f6\u00f6si,<br \/>\njossa voit s\u00e4ilytt\u00e4\u00e4 mikroaaltouunia, kattiloita tai leiv\u00e4npaahdinta. Olohuoneessa voit sijoittaa kirjoja ja valokuvakehyksi\u00e4 avoimille hyllyille. Eteisess\u00e4 t\u00e4m\u00e4 monipuolinen kaappi sopii kenkien s\u00e4ilytykseen. Tuotetiedot: &#8211; V\u00e4ri: valkoinen &#8211; Materiaali: E1-luokan MDF (keskitihe\u00e4 kuitulevy) &#8211; Mitat: 60 x 32,5 x 122 cm (P x L x K) &#8211; Paino: 17 kg Toimitus sis\u00e4lt\u00e4\u00e4: &#8211; 1 x kylpyhuonekaappi &#8211; 1 x lis\u00e4varustepussi &#8211; 1 x ohjeet (DE, EN, FR, ES, IT) VASAGLE Huomautukset: &#8211; \u00c4l\u00e4 altista tuotetta korkealle kosteudelle tai suoralle auringonvalolle. &#8211; Pid\u00e4 tuote poissa ter\u00e4vien tai ter\u00e4vien esineiden l\u00e4heisyydest\u00e4. &#8211; Jos haluat sijoittaa mikroaaltouunin hyllylle, mittaa mikroaaltouunin koko ennen ostamista varmistaaksesi, ett\u00e4 se mahtuu hyllylle.<\/p>\n","protected":false},"excerpt":{"rendered":"<p>VASAGLE kylpyhuoneen kaappi, monipuolinen kylpyhuoneen hylly 2 avoimella hyllyll\u00e4, kaapilla ja laatikolla, MDF-kylpyhuoneen kaappi, 60 x 32,5 x 122 cm, valkoinen BBC64WT<\/p>\n","protected":false},"featured_media":38962,"comment_status":"open","ping_status":"closed","template":"","meta":[],"product_brand":[],"product_cat":[32],"product_tag":[],"class_list":{"0":"post-29514","1":"product","2":"type-product","3":"status-publish","4":"has-post-thumbnail","6":"product_cat-uncategorized-fi","8":"first","9":"instock","10":"shipping-taxable","11":"purchasable","12":"product-type-simple"},"_links":{"self":[{"href":"https:\/\/nordicmart.andreevmaster.com\/fi\/wp-json\/wp\/v2\/product\/29514","targetHints":{"allow":["GET"]}}],"collection":[{"href":"https:\/\/nordicmart.andreevmaster.com\/fi\/wp-json\/wp\/v2\/product"}],"about":[{"href":"https:\/\/nordicmart.andreevmaster.com\/fi\/wp-json\/wp\/v2\/types\/product"}],"replies":[{"embeddable":true,"href":"https:\/\/nordicmart.andreevmaster.com\/fi\/wp-json\/wp\/v2\/comments?post=29514"}],"wp:featuredmedia":[{"embeddable":true,"href":"https:\/\/nordicmart.andreevmaster.com\/fi\/wp-json\/wp\/v2\/media\/38962"}],"wp:attachment":[{"href":"https:\/\/nordicmart.andreevmaster.com\/fi\/wp-json\/wp\/v2\/media?parent=29514"}],"wp:term":[{"taxonomy":"product_brand","embeddable":true,"href":"https:\/\/nordicmart.andreevmaster.com\/fi\/wp-json\/wp\/v2\/product_brand?post=29514"},{"taxonomy":"product_cat","embeddable":true,"href":"https:\/\/nordicmart.andreevmaster.com\/fi\/wp-json\/wp\/v2\/product_cat?post=29514"},{"taxonomy":"product_tag","embeddable":true,"href":"https:\/\/nordicmart.andreevmaster.com\/fi\/wp-json\/wp\/v2\/product_tag?post=29514"}],"curies":[{"name":"wp","href":"https:\/\/api.w.org\/{rel}","templated":true}]}}