{"id":29513,"date":"2026-02-27T00:07:04","date_gmt":"2026-02-27T00:07:04","guid":{"rendered":"https:\/\/nordicmart.andreevmaster.com\/product\/vasagle-korkea-kylpyhuonekaappi-valkoinen\/"},"modified":"2026-02-27T09:31:25","modified_gmt":"2026-02-27T09:31:25","slug":"vasagle-korkea-kylpyhuonekaappi-valkoinen","status":"publish","type":"product","link":"https:\/\/nordicmart.andreevmaster.com\/fi\/tuote\/vasagle-korkea-kylpyhuonekaappi-valkoinen\/","title":{"rendered":"VASAGLE korkea kylpyhuonekaappi, valkoinen"},"content":{"rendered":"<p>Oletko s\u00e4\u00e4nn\u00f6llisesti \u00e4rtynyt kylpyhuoneesi, olohuoneesi, eteisen tai keitti\u00f6n kaaoksesta? Silloin t\u00e4m\u00e4 VASAGLE:n korkea kaappi on juuri oikea valinta. T\u00e4m\u00e4n kauniin kaapin avulla \u00e4rtymyksesi katoaa varmasti kuin tuhka tuuleen. Koristeellinen elementti kotiisi Valkoisen lakan ansiosta t\u00e4m\u00e4 maalaistyyliin suunniteltu kaappi n\u00e4ytt\u00e4\u00e4 tyylikk\u00e4\u00e4lt\u00e4 ja vieh\u00e4tt\u00e4v\u00e4lt\u00e4. Se ei siis ole vain huonekalu, vaan my\u00f6s tyylik\u00e4s koriste-elementti. Hyvin suunniteltu 180\u00b0 k\u00e4\u00e4ntyv\u00e4 kaapinovi on varustettu kromatulla metallikahvalla, joten se on erityisen helppo avata. Kaapin hyllylevy voidaan s\u00e4\u00e4t\u00e4\u00e4 kolmeen eri korkeuteen, joten voit tarvittaessa s\u00e4\u00e4t\u00e4\u00e4 sen eri tuotteiden koon mukaan ja suojata ne optimaalisesti p\u00f6lylt\u00e4 tai vedelt\u00e4.  Kolme avointa lokeroa tarjoavat lis\u00e4ksi tilaa muille hygieniatuotteille, pyyhkeille, meikeille, s\u00e4ilytyslaatikoille ja monille muille kylpyhuonetarvikkeille. Tuotetiedot: &#8211; V\u00e4ri: valkoinen &#8211; Materiaali: MDF (keskitihe\u00e4 kuitulevy) &#8211; Mitat: 40 x 32 x 160 (P x L x K) &#8211; Paino: 15,9 kg Toimitus sis\u00e4lt\u00e4\u00e4: &#8211; 1 x korkea kaappi &#8211; 1 x tarvikepussi &#8211; 1 x ohjeet (DE, EN, IT, FR, ES)<\/p>\n","protected":false},"excerpt":{"rendered":"<p>VASAGLE korkea kaappi, kylpyhuonekaappi 3 avoimella hyllyll\u00e4 ja s\u00e4\u00e4dett\u00e4v\u00e4ll\u00e4 hyllyll\u00e4, maalaistyyliin kylpyhuonehylly, kylpyhuonekaappi, 40 x 32 x 160 (P x L x K), valkoinen BBC63WT<\/p>\n","protected":false},"featured_media":38961,"comment_status":"open","ping_status":"closed","template":"","meta":[],"product_brand":[],"product_cat":[32],"product_tag":[],"class_list":{"0":"post-29513","1":"product","2":"type-product","3":"status-publish","4":"has-post-thumbnail","6":"product_cat-uncategorized-fi","8":"first","9":"instock","10":"shipping-taxable","11":"purchasable","12":"product-type-simple"},"_links":{"self":[{"href":"https:\/\/nordicmart.andreevmaster.com\/fi\/wp-json\/wp\/v2\/product\/29513","targetHints":{"allow":["GET"]}}],"collection":[{"href":"https:\/\/nordicmart.andreevmaster.com\/fi\/wp-json\/wp\/v2\/product"}],"about":[{"href":"https:\/\/nordicmart.andreevmaster.com\/fi\/wp-json\/wp\/v2\/types\/product"}],"replies":[{"embeddable":true,"href":"https:\/\/nordicmart.andreevmaster.com\/fi\/wp-json\/wp\/v2\/comments?post=29513"}],"wp:featuredmedia":[{"embeddable":true,"href":"https:\/\/nordicmart.andreevmaster.com\/fi\/wp-json\/wp\/v2\/media\/38961"}],"wp:attachment":[{"href":"https:\/\/nordicmart.andreevmaster.com\/fi\/wp-json\/wp\/v2\/media?parent=29513"}],"wp:term":[{"taxonomy":"product_brand","embeddable":true,"href":"https:\/\/nordicmart.andreevmaster.com\/fi\/wp-json\/wp\/v2\/product_brand?post=29513"},{"taxonomy":"product_cat","embeddable":true,"href":"https:\/\/nordicmart.andreevmaster.com\/fi\/wp-json\/wp\/v2\/product_cat?post=29513"},{"taxonomy":"product_tag","embeddable":true,"href":"https:\/\/nordicmart.andreevmaster.com\/fi\/wp-json\/wp\/v2\/product_tag?post=29513"}],"curies":[{"name":"wp","href":"https:\/\/api.w.org\/{rel}","templated":true}]}}