{"id":29512,"date":"2026-02-27T00:07:04","date_gmt":"2026-02-27T00:07:04","guid":{"rendered":"https:\/\/nordicmart.andreevmaster.com\/product\/vasagle-maalaistyyliinen-kylpyhuonekaappi\/"},"modified":"2026-02-27T09:31:25","modified_gmt":"2026-02-27T09:31:25","slug":"vasagle-maalaistyyliinen-kylpyhuonekaappi","status":"publish","type":"product","link":"https:\/\/nordicmart.andreevmaster.com\/fi\/tuote\/vasagle-maalaistyyliinen-kylpyhuonekaappi\/","title":{"rendered":"VASAGLE maalaistyyliinen kylpyhuonekaappi"},"content":{"rendered":"<p>Oletko aina \u00e4rtynyt kylpyhuoneen, olohuoneen, eteisen tai keitti\u00f6n kaaoksesta? VASAGLE:n seisova kaappi on k\u00e4yt\u00e4nn\u00f6llinen apuv\u00e4line sinulle. Koristeellinen elementti asunnossasi Valkoisen ja ruskean v\u00e4rikombinaation ansiosta maalaistyyliinen kaappi n\u00e4ytt\u00e4\u00e4 tyylikk\u00e4\u00e4lt\u00e4 ja vieh\u00e4tt\u00e4v\u00e4lt\u00e4, eik\u00e4 se ole vain huonekalu, vaan my\u00f6s kodin koriste. Huolellisesti suunniteltu yl\u00e4osassa on suuri laatikko, johon mahtuu p\u00e4ivitt\u00e4in k\u00e4ytt\u00e4m\u00e4si tarvikkeet. 180\u00b0 k\u00e4\u00e4ntyv\u00e4 kaksoisovi on varustettu kromatuilla metallikahvoilla, jotka helpottavat k\u00e4ytt\u00f6\u00e4. Kolmeen asentoon s\u00e4\u00e4dett\u00e4v\u00e4n hyllyn avulla ovien takana oleva suljettu s\u00e4ilytystila voidaan jakaa tarpeen mukaan. N\u00e4in voit s\u00e4ilytt\u00e4\u00e4 erilaisia esineit\u00e4 ja suojata ne p\u00f6lylt\u00e4, vedelt\u00e4 ja uteliailta katseilta. VASAGLE on sitoutunut tarjoamaan korkealaatuisia huonekaluja, jotka luovat kodikkaan ja viihtyis\u00e4n ilmapiirin kotiisi. Tuotetiedot: &#8211; V\u00e4ri: valkoinen, ruskea &#8211; Materiaali: MDF-levyt, massiivipuupuuviilu (yl\u00e4hylly)  &#8211; Mitat: 60 x 80 x 30 cm (L x K x S) &#8211; Paino: 14,1 kg Toimitus sis\u00e4lt\u00e4\u00e4: &#8211; 1 x kylpyhuonekaappi &#8211; 1 x tarvikepussi &#8211; 1 x ohjeet (DE, EN, IT, FR, ES)<\/p>\n","protected":false},"excerpt":{"rendered":"<p>VASAGLE kylpyhuonekaappi, kylpyhuonekaappi laatikolla, lipasto, puinen s\u00e4ilytyskaappi, 60 x 80 x 30 cm (L x K x S), valkoinen+ruskea BBC62WT<\/p>\n","protected":false},"featured_media":38960,"comment_status":"open","ping_status":"closed","template":"","meta":[],"product_brand":[],"product_cat":[32],"product_tag":[],"class_list":{"0":"post-29512","1":"product","2":"type-product","3":"status-publish","4":"has-post-thumbnail","6":"product_cat-uncategorized-fi","8":"first","9":"instock","10":"shipping-taxable","11":"purchasable","12":"product-type-simple"},"_links":{"self":[{"href":"https:\/\/nordicmart.andreevmaster.com\/fi\/wp-json\/wp\/v2\/product\/29512","targetHints":{"allow":["GET"]}}],"collection":[{"href":"https:\/\/nordicmart.andreevmaster.com\/fi\/wp-json\/wp\/v2\/product"}],"about":[{"href":"https:\/\/nordicmart.andreevmaster.com\/fi\/wp-json\/wp\/v2\/types\/product"}],"replies":[{"embeddable":true,"href":"https:\/\/nordicmart.andreevmaster.com\/fi\/wp-json\/wp\/v2\/comments?post=29512"}],"wp:featuredmedia":[{"embeddable":true,"href":"https:\/\/nordicmart.andreevmaster.com\/fi\/wp-json\/wp\/v2\/media\/38960"}],"wp:attachment":[{"href":"https:\/\/nordicmart.andreevmaster.com\/fi\/wp-json\/wp\/v2\/media?parent=29512"}],"wp:term":[{"taxonomy":"product_brand","embeddable":true,"href":"https:\/\/nordicmart.andreevmaster.com\/fi\/wp-json\/wp\/v2\/product_brand?post=29512"},{"taxonomy":"product_cat","embeddable":true,"href":"https:\/\/nordicmart.andreevmaster.com\/fi\/wp-json\/wp\/v2\/product_cat?post=29512"},{"taxonomy":"product_tag","embeddable":true,"href":"https:\/\/nordicmart.andreevmaster.com\/fi\/wp-json\/wp\/v2\/product_tag?post=29512"}],"curies":[{"name":"wp","href":"https:\/\/api.w.org\/{rel}","templated":true}]}}