{"id":29510,"date":"2026-02-27T00:07:04","date_gmt":"2026-02-27T00:07:04","guid":{"rendered":"https:\/\/nordicmart.andreevmaster.com\/product\/vasagle-kylpyhuonekaappi-valaistuksella-pilvinen-valkoinen\/"},"modified":"2026-02-27T09:31:24","modified_gmt":"2026-02-27T09:31:24","slug":"vasagle-kylpyhuonekaappi-valaistuksella-pilvinen-valkoinen","status":"publish","type":"product","link":"https:\/\/nordicmart.andreevmaster.com\/fi\/tuote\/vasagle-kylpyhuonekaappi-valaistuksella-pilvinen-valkoinen\/","title":{"rendered":"VASAGLE kylpyhuonekaappi valaistuksella, pilvinen valkoinen"},"content":{"rendered":"<p>VASAGLE kylpyhuonekaappi valaistuksella, korkea, kapea kylpyhuonekaappi, s\u00e4ilytyskaappi s\u00e4\u00e4dett\u00e4vill\u00e4 hyllyill\u00e4, avoimet lokerot, pieniin tiloihin<br \/>\nV\u00e4ri: pilvinen valkoinen<br \/>\nMateriaali: MDF (keskitihe\u00e4 kuitulevy)<br \/>\nKoko: 30 x 30 x 170 cm (S x L x K)<br \/>\nPaino: 15 kg<br \/>\nKunkin s\u00e4\u00e4dett\u00e4v\u00e4n hyllyn maks. staattinen kantavuus: 10 kg<br \/>\nMaks. staattinen kokonaiskuormitus: 60 kg<\/p>\n","protected":false},"excerpt":{"rendered":"<p>VASAGLE kylpyhuonekaappi valaistuksella, korkea, kapea kylpyhuonekaappi, s\u00e4ilytyskaappi s\u00e4\u00e4dett\u00e4vill\u00e4 hyllyill\u00e4, avoimet lokerot, pieniin tiloihin<\/p>\n","protected":false},"featured_media":46555,"comment_status":"open","ping_status":"closed","template":"","meta":[],"product_brand":[],"product_cat":[32],"product_tag":[],"class_list":{"0":"post-29510","1":"product","2":"type-product","3":"status-publish","4":"has-post-thumbnail","6":"product_cat-uncategorized-fi","8":"first","9":"instock","10":"shipping-taxable","11":"purchasable","12":"product-type-simple"},"_links":{"self":[{"href":"https:\/\/nordicmart.andreevmaster.com\/fi\/wp-json\/wp\/v2\/product\/29510","targetHints":{"allow":["GET"]}}],"collection":[{"href":"https:\/\/nordicmart.andreevmaster.com\/fi\/wp-json\/wp\/v2\/product"}],"about":[{"href":"https:\/\/nordicmart.andreevmaster.com\/fi\/wp-json\/wp\/v2\/types\/product"}],"replies":[{"embeddable":true,"href":"https:\/\/nordicmart.andreevmaster.com\/fi\/wp-json\/wp\/v2\/comments?post=29510"}],"wp:featuredmedia":[{"embeddable":true,"href":"https:\/\/nordicmart.andreevmaster.com\/fi\/wp-json\/wp\/v2\/media\/46555"}],"wp:attachment":[{"href":"https:\/\/nordicmart.andreevmaster.com\/fi\/wp-json\/wp\/v2\/media?parent=29510"}],"wp:term":[{"taxonomy":"product_brand","embeddable":true,"href":"https:\/\/nordicmart.andreevmaster.com\/fi\/wp-json\/wp\/v2\/product_brand?post=29510"},{"taxonomy":"product_cat","embeddable":true,"href":"https:\/\/nordicmart.andreevmaster.com\/fi\/wp-json\/wp\/v2\/product_cat?post=29510"},{"taxonomy":"product_tag","embeddable":true,"href":"https:\/\/nordicmart.andreevmaster.com\/fi\/wp-json\/wp\/v2\/product_tag?post=29510"}],"curies":[{"name":"wp","href":"https:\/\/api.w.org\/{rel}","templated":true}]}}