{"id":29507,"date":"2026-02-27T00:07:03","date_gmt":"2026-02-27T00:07:03","guid":{"rendered":"https:\/\/nordicmart.andreevmaster.com\/product\/vasagle-keittionkaappi-hyllyilla-ja-laatikoilla\/"},"modified":"2026-02-27T09:31:24","modified_gmt":"2026-02-27T09:31:24","slug":"vasagle-keittionkaappi-hyllyilla-ja-laatikoilla","status":"publish","type":"product","link":"https:\/\/nordicmart.andreevmaster.com\/fi\/tuote\/vasagle-keittionkaappi-hyllyilla-ja-laatikoilla\/","title":{"rendered":"VASAGLE keitti\u00f6nkaappi hyllyill\u00e4 ja laatikoilla"},"content":{"rendered":"<p>VASAGLE keitti\u00f6nkaappi, korkea kaappi keitti\u00f6n buffet vitriinikaappi, buffetkaappi s\u00e4\u00e4dett\u00e4vill\u00e4 hyllyill\u00e4, ruokasalikaappi laatikoilla, olohuoneeseen ja keitti\u00f6\u00f6n, valkoinen BBC561W21<br \/>\nV\u00e4ri: valkoinen<br \/>\nMateriaali: MDF (keskitihe\u00e4 kuitulevy)<br \/>\nKoko: 40 x 76 x 182,1 cm (S x L x K)<br \/>\nPaino: 50,3 kg<br \/>\nJokaisen s\u00e4\u00e4dett\u00e4v\u00e4n hyllyn maks. staattinen kantavuus: 27 kg<br \/>\nJokaisen kaapin oven lokeron maks. staattinen kantavuus: 4,5 kg<br \/>\nLaatikkon enimm\u00e4iskantavuus: 11,3 kg<\/p>\n","protected":false},"excerpt":{"rendered":"<p>VASAGLE keitti\u00f6nkaappi, korkea kaappi keitti\u00f6n buffet vitriinikaappi, buffetkaappi s\u00e4\u00e4dett\u00e4vill\u00e4 hyllyill\u00e4, ruokasalikaappi laatikoilla, olohuoneeseen ja keitti\u00f6\u00f6n, valkoinen BBC561W21<\/p>\n","protected":false},"featured_media":0,"comment_status":"open","ping_status":"closed","template":"","meta":[],"product_brand":[],"product_cat":[32],"product_tag":[],"class_list":{"0":"post-29507","1":"product","2":"type-product","3":"status-publish","5":"product_cat-uncategorized-fi","7":"first","8":"instock","9":"shipping-taxable","10":"purchasable","11":"product-type-simple"},"_links":{"self":[{"href":"https:\/\/nordicmart.andreevmaster.com\/fi\/wp-json\/wp\/v2\/product\/29507","targetHints":{"allow":["GET"]}}],"collection":[{"href":"https:\/\/nordicmart.andreevmaster.com\/fi\/wp-json\/wp\/v2\/product"}],"about":[{"href":"https:\/\/nordicmart.andreevmaster.com\/fi\/wp-json\/wp\/v2\/types\/product"}],"replies":[{"embeddable":true,"href":"https:\/\/nordicmart.andreevmaster.com\/fi\/wp-json\/wp\/v2\/comments?post=29507"}],"wp:attachment":[{"href":"https:\/\/nordicmart.andreevmaster.com\/fi\/wp-json\/wp\/v2\/media?parent=29507"}],"wp:term":[{"taxonomy":"product_brand","embeddable":true,"href":"https:\/\/nordicmart.andreevmaster.com\/fi\/wp-json\/wp\/v2\/product_brand?post=29507"},{"taxonomy":"product_cat","embeddable":true,"href":"https:\/\/nordicmart.andreevmaster.com\/fi\/wp-json\/wp\/v2\/product_cat?post=29507"},{"taxonomy":"product_tag","embeddable":true,"href":"https:\/\/nordicmart.andreevmaster.com\/fi\/wp-json\/wp\/v2\/product_tag?post=29507"}],"curies":[{"name":"wp","href":"https:\/\/api.w.org\/{rel}","templated":true}]}}