{"id":29506,"date":"2026-02-27T00:07:03","date_gmt":"2026-02-27T00:07:03","guid":{"rendered":"https:\/\/nordicmart.andreevmaster.com\/product\/vasagle-kylpyhuonekaappi-30-x-30-x-170-cm-mystinen-harmaa\/"},"modified":"2026-02-27T09:31:24","modified_gmt":"2026-02-27T09:31:24","slug":"vasagle-kylpyhuonekaappi-30-x-30-x-170-cm-mystinen-harmaa","status":"publish","type":"product","link":"https:\/\/nordicmart.andreevmaster.com\/fi\/tuote\/vasagle-kylpyhuonekaappi-30-x-30-x-170-cm-mystinen-harmaa\/","title":{"rendered":"VASAGLE kylpyhuonekaappi 30 x 30 x 170 cm mystinen harmaa"},"content":{"rendered":"<p>VASAGLE kylpyhuonekaappi, kylpyhuonekalusteet, yksi laatikko, s\u00e4\u00e4dett\u00e4v\u00e4t hyllyt, avoin lokero, 30 x 30 x 170 cm, klassinen valkoinen BBC560P31<br \/>\n&#8211; V\u00e4ri: Mystinen harmaa<br \/>\n&#8211; Materiaali: MDF (keskitihe\u00e4 kuitulevy)<br \/>\n&#8211; Koko: 30 x 30 x 170 cm (S x L x K)<br \/>\n&#8211; Paino: 22,3 kg<br \/>\n&#8211; Laatikkon enimm\u00e4iskantavuus: 10 kg<br \/>\n&#8211; Hyllyn maks. staattinen kantavuus: 10 kg<\/p>\n","protected":false},"excerpt":{"rendered":"<p>VASAGLE kylpyhuonekaappi, kylpyhuonekalusteet, yksi laatikko, s\u00e4\u00e4dett\u00e4v\u00e4t hyllyt, avoin lokero, 30 x 30 x 170 cm, klassinen valkoinen BBC560P31<\/p>\n","protected":false},"featured_media":0,"comment_status":"open","ping_status":"closed","template":"","meta":[],"product_brand":[],"product_cat":[32],"product_tag":[],"class_list":{"0":"post-29506","1":"product","2":"type-product","3":"status-publish","5":"product_cat-uncategorized-fi","7":"first","8":"instock","9":"shipping-taxable","10":"purchasable","11":"product-type-simple"},"_links":{"self":[{"href":"https:\/\/nordicmart.andreevmaster.com\/fi\/wp-json\/wp\/v2\/product\/29506","targetHints":{"allow":["GET"]}}],"collection":[{"href":"https:\/\/nordicmart.andreevmaster.com\/fi\/wp-json\/wp\/v2\/product"}],"about":[{"href":"https:\/\/nordicmart.andreevmaster.com\/fi\/wp-json\/wp\/v2\/types\/product"}],"replies":[{"embeddable":true,"href":"https:\/\/nordicmart.andreevmaster.com\/fi\/wp-json\/wp\/v2\/comments?post=29506"}],"wp:attachment":[{"href":"https:\/\/nordicmart.andreevmaster.com\/fi\/wp-json\/wp\/v2\/media?parent=29506"}],"wp:term":[{"taxonomy":"product_brand","embeddable":true,"href":"https:\/\/nordicmart.andreevmaster.com\/fi\/wp-json\/wp\/v2\/product_brand?post=29506"},{"taxonomy":"product_cat","embeddable":true,"href":"https:\/\/nordicmart.andreevmaster.com\/fi\/wp-json\/wp\/v2\/product_cat?post=29506"},{"taxonomy":"product_tag","embeddable":true,"href":"https:\/\/nordicmart.andreevmaster.com\/fi\/wp-json\/wp\/v2\/product_tag?post=29506"}],"curies":[{"name":"wp","href":"https:\/\/api.w.org\/{rel}","templated":true}]}}