{"id":29502,"date":"2026-02-27T00:07:03","date_gmt":"2026-02-27T00:07:03","guid":{"rendered":"https:\/\/nordicmart.andreevmaster.com\/product\/vasagle-kylpyhuonekaappi-4-ovea-klassinen-valkoinen\/"},"modified":"2026-02-27T09:31:23","modified_gmt":"2026-02-27T09:31:23","slug":"vasagle-kylpyhuonekaappi-4-ovea-klassinen-valkoinen","status":"publish","type":"product","link":"https:\/\/nordicmart.andreevmaster.com\/fi\/tuote\/vasagle-kylpyhuonekaappi-4-ovea-klassinen-valkoinen\/","title":{"rendered":"VASAGLE kylpyhuonekaappi, 4 ovea, klassinen valkoinen"},"content":{"rendered":"<p>VASAGLE kylpyhuoneen kaappi, kylpyhuoneen kaappi, keitti\u00f6n kaappi, 4 ovea, s\u00e4\u00e4dett\u00e4v\u00e4t hyllyt<br \/>\nV\u00e4ri: klassinen valkoinen<br \/>\nMateriaali: MDF (keskitihe\u00e4 kuitulevy)<br \/>\nKoko: 30 x 60 x 110 cm (S x L x K)<br \/>\nPaino: 16,8 kg<br \/>\nPinnan maks. staattinen kantavuus: 136 kg<\/p>\n","protected":false},"excerpt":{"rendered":"<p>VASAGLE kylpyhuoneen kaappi, kylpyhuoneen kaappi, keitti\u00f6n kaappi, 4 ovea, s\u00e4\u00e4dett\u00e4v\u00e4t hyllyt<\/p>\n","protected":false},"featured_media":46553,"comment_status":"open","ping_status":"closed","template":"","meta":[],"product_brand":[],"product_cat":[32],"product_tag":[],"class_list":{"0":"post-29502","1":"product","2":"type-product","3":"status-publish","4":"has-post-thumbnail","6":"product_cat-uncategorized-fi","8":"first","9":"instock","10":"shipping-taxable","11":"purchasable","12":"product-type-simple"},"_links":{"self":[{"href":"https:\/\/nordicmart.andreevmaster.com\/fi\/wp-json\/wp\/v2\/product\/29502","targetHints":{"allow":["GET"]}}],"collection":[{"href":"https:\/\/nordicmart.andreevmaster.com\/fi\/wp-json\/wp\/v2\/product"}],"about":[{"href":"https:\/\/nordicmart.andreevmaster.com\/fi\/wp-json\/wp\/v2\/types\/product"}],"replies":[{"embeddable":true,"href":"https:\/\/nordicmart.andreevmaster.com\/fi\/wp-json\/wp\/v2\/comments?post=29502"}],"wp:featuredmedia":[{"embeddable":true,"href":"https:\/\/nordicmart.andreevmaster.com\/fi\/wp-json\/wp\/v2\/media\/46553"}],"wp:attachment":[{"href":"https:\/\/nordicmart.andreevmaster.com\/fi\/wp-json\/wp\/v2\/media?parent=29502"}],"wp:term":[{"taxonomy":"product_brand","embeddable":true,"href":"https:\/\/nordicmart.andreevmaster.com\/fi\/wp-json\/wp\/v2\/product_brand?post=29502"},{"taxonomy":"product_cat","embeddable":true,"href":"https:\/\/nordicmart.andreevmaster.com\/fi\/wp-json\/wp\/v2\/product_cat?post=29502"},{"taxonomy":"product_tag","embeddable":true,"href":"https:\/\/nordicmart.andreevmaster.com\/fi\/wp-json\/wp\/v2\/product_tag?post=29502"}],"curies":[{"name":"wp","href":"https:\/\/api.w.org\/{rel}","templated":true}]}}