{"id":29498,"date":"2026-02-27T00:07:02","date_gmt":"2026-02-27T00:07:02","guid":{"rendered":"https:\/\/nordicmart.andreevmaster.com\/product\/vasagle-kylpyhuoneen-kaappi-2-ovea-ja-2-laatikkoa-30-x-60-x-110-cm-metsanvihrea\/"},"modified":"2026-02-27T09:31:23","modified_gmt":"2026-02-27T09:31:23","slug":"vasagle-kylpyhuoneen-kaappi-2-ovea-ja-2-laatikkoa-30-x-60-x-110-cm-metsanvihrea","status":"publish","type":"product","link":"https:\/\/nordicmart.andreevmaster.com\/fi\/tuote\/vasagle-kylpyhuoneen-kaappi-2-ovea-ja-2-laatikkoa-30-x-60-x-110-cm-metsanvihrea\/","title":{"rendered":"VASAGLE kylpyhuoneen kaappi, 2 ovea ja 2 laatikkoa 30 x 60 x 110 cm mets\u00e4nvihre\u00e4"},"content":{"rendered":"<p>VASAGLE kylpyhuoneen kaappi, kylpyhuoneen kaappi, keitti\u00f6n kaappi, s\u00e4ilytyskaappi, 2 ovea ja 2 laatikkoa, s\u00e4\u00e4dett\u00e4v\u00e4 hylly, 30 x 60 x 110 cm, klassinen valkoinen BBC551P31<br \/>\nV\u00e4ri: mets\u00e4nvihre\u00e4<br \/>\nMateriaali: MDF (keskitihe\u00e4 kuitulevy)<br \/>\nKoko: 30 x 60 x 110 cm (S x L x K)<br \/>\nPaino: 18,5 kg<br \/>\nPinnan maks. staattinen kantavuus: 136 kg<\/p>\n","protected":false},"excerpt":{"rendered":"<p>VASAGLE kylpyhuoneen kaappi, kylpyhuoneen kaappi, keitti\u00f6n kaappi, s\u00e4ilytyskaappi, 2 ovea ja 2 laatikkoa, s\u00e4\u00e4dett\u00e4v\u00e4 hylly, 30 x 60 x 110 cm, klassinen valkoinen BBC551P31<\/p>\n","protected":false},"featured_media":0,"comment_status":"open","ping_status":"closed","template":"","meta":[],"product_brand":[],"product_cat":[32],"product_tag":[],"class_list":{"0":"post-29498","1":"product","2":"type-product","3":"status-publish","5":"product_cat-uncategorized-fi","7":"first","8":"instock","9":"shipping-taxable","10":"purchasable","11":"product-type-simple"},"_links":{"self":[{"href":"https:\/\/nordicmart.andreevmaster.com\/fi\/wp-json\/wp\/v2\/product\/29498","targetHints":{"allow":["GET"]}}],"collection":[{"href":"https:\/\/nordicmart.andreevmaster.com\/fi\/wp-json\/wp\/v2\/product"}],"about":[{"href":"https:\/\/nordicmart.andreevmaster.com\/fi\/wp-json\/wp\/v2\/types\/product"}],"replies":[{"embeddable":true,"href":"https:\/\/nordicmart.andreevmaster.com\/fi\/wp-json\/wp\/v2\/comments?post=29498"}],"wp:attachment":[{"href":"https:\/\/nordicmart.andreevmaster.com\/fi\/wp-json\/wp\/v2\/media?parent=29498"}],"wp:term":[{"taxonomy":"product_brand","embeddable":true,"href":"https:\/\/nordicmart.andreevmaster.com\/fi\/wp-json\/wp\/v2\/product_brand?post=29498"},{"taxonomy":"product_cat","embeddable":true,"href":"https:\/\/nordicmart.andreevmaster.com\/fi\/wp-json\/wp\/v2\/product_cat?post=29498"},{"taxonomy":"product_tag","embeddable":true,"href":"https:\/\/nordicmart.andreevmaster.com\/fi\/wp-json\/wp\/v2\/product_tag?post=29498"}],"curies":[{"name":"wp","href":"https:\/\/api.w.org\/{rel}","templated":true}]}}