{"id":29497,"date":"2026-02-27T00:07:02","date_gmt":"2026-02-27T00:07:02","guid":{"rendered":"https:\/\/nordicmart.andreevmaster.com\/product\/vasagle-kylpyhuonekalusteet-saadettavilla-valiseinilla-pilvinen-valkoinen\/"},"modified":"2026-02-27T09:31:23","modified_gmt":"2026-02-27T09:31:23","slug":"vasagle-kylpyhuonekalusteet-saadettavilla-valiseinilla-pilvinen-valkoinen","status":"publish","type":"product","link":"https:\/\/nordicmart.andreevmaster.com\/fi\/tuote\/vasagle-kylpyhuonekalusteet-saadettavilla-valiseinilla-pilvinen-valkoinen\/","title":{"rendered":"VASAGLE kylpyhuonekalusteet s\u00e4\u00e4dett\u00e4vill\u00e4 v\u00e4liseinill\u00e4, pilvinen valkoinen"},"content":{"rendered":"<p>VASAGLE kylpyhuonekalusteet, s\u00e4ilytyskaappi, 2 laatikkoa, joissa 1 s\u00e4\u00e4dett\u00e4v\u00e4 v\u00e4lisein\u00e4, 2 koria, senkki<\/p>\n","protected":false},"excerpt":{"rendered":"<p>VASAGLE kylpyhuonekalusteet, s\u00e4ilytyskaappi, 2 laatikkoa, joissa 1 s\u00e4\u00e4dett\u00e4v\u00e4 v\u00e4lisein\u00e4, 2 koria, senkki<\/p>\n","protected":false},"featured_media":0,"comment_status":"open","ping_status":"closed","template":"","meta":[],"product_brand":[],"product_cat":[32],"product_tag":[],"class_list":{"0":"post-29497","1":"product","2":"type-product","3":"status-publish","5":"product_cat-uncategorized-fi","7":"first","8":"instock","9":"shipping-taxable","10":"purchasable","11":"product-type-simple"},"_links":{"self":[{"href":"https:\/\/nordicmart.andreevmaster.com\/fi\/wp-json\/wp\/v2\/product\/29497","targetHints":{"allow":["GET"]}}],"collection":[{"href":"https:\/\/nordicmart.andreevmaster.com\/fi\/wp-json\/wp\/v2\/product"}],"about":[{"href":"https:\/\/nordicmart.andreevmaster.com\/fi\/wp-json\/wp\/v2\/types\/product"}],"replies":[{"embeddable":true,"href":"https:\/\/nordicmart.andreevmaster.com\/fi\/wp-json\/wp\/v2\/comments?post=29497"}],"wp:attachment":[{"href":"https:\/\/nordicmart.andreevmaster.com\/fi\/wp-json\/wp\/v2\/media?parent=29497"}],"wp:term":[{"taxonomy":"product_brand","embeddable":true,"href":"https:\/\/nordicmart.andreevmaster.com\/fi\/wp-json\/wp\/v2\/product_brand?post=29497"},{"taxonomy":"product_cat","embeddable":true,"href":"https:\/\/nordicmart.andreevmaster.com\/fi\/wp-json\/wp\/v2\/product_cat?post=29497"},{"taxonomy":"product_tag","embeddable":true,"href":"https:\/\/nordicmart.andreevmaster.com\/fi\/wp-json\/wp\/v2\/product_tag?post=29497"}],"curies":[{"name":"wp","href":"https:\/\/api.w.org\/{rel}","templated":true}]}}