{"id":29496,"date":"2026-02-27T00:07:01","date_gmt":"2026-02-27T00:07:01","guid":{"rendered":"https:\/\/nordicmart.andreevmaster.com\/product\/vasagle-kylpyhuoneen-kaappi-30-x-60-x-80-cm-3-laatikkoa\/"},"modified":"2026-02-27T09:31:22","modified_gmt":"2026-02-27T09:31:22","slug":"vasagle-kylpyhuoneen-kaappi-30-x-60-x-80-cm-3-laatikkoa","status":"publish","type":"product","link":"https:\/\/nordicmart.andreevmaster.com\/fi\/tuote\/vasagle-kylpyhuoneen-kaappi-30-x-60-x-80-cm-3-laatikkoa\/","title":{"rendered":"VASAGLE kylpyhuoneen kaappi 30 x 60 x 80 cm, 3 laatikkoa"},"content":{"rendered":"<p>VASAGLE kylpyhuoneen kaappi, kylpyhuoneen kaappi, sivukaappi, 3 laatikkoa, kaapin ovi, s\u00e4\u00e4dett\u00e4v\u00e4 hylly<br \/>\nV\u00e4ri: valkoinen<br \/>\nMateriaali: MDF (keskitihe\u00e4 kuitulevy)<br \/>\nKoko: 30 x 60 x 80 cm (S x L x K)<br \/>\nPaino: 15,2 kg<br \/>\nPinnan maks. staattinen kantavuus: 90 kg<\/p>\n","protected":false},"excerpt":{"rendered":"<p>VASAGLE kylpyhuoneen kaappi, kylpyhuoneen kaappi, sivukaappi, 3 laatikkoa, kaapin ovi, s\u00e4\u00e4dett\u00e4v\u00e4 hylly<\/p>\n","protected":false},"featured_media":46552,"comment_status":"open","ping_status":"closed","template":"","meta":[],"product_brand":[],"product_cat":[32],"product_tag":[],"class_list":{"0":"post-29496","1":"product","2":"type-product","3":"status-publish","4":"has-post-thumbnail","6":"product_cat-uncategorized-fi","8":"first","9":"instock","10":"shipping-taxable","11":"purchasable","12":"product-type-simple"},"_links":{"self":[{"href":"https:\/\/nordicmart.andreevmaster.com\/fi\/wp-json\/wp\/v2\/product\/29496","targetHints":{"allow":["GET"]}}],"collection":[{"href":"https:\/\/nordicmart.andreevmaster.com\/fi\/wp-json\/wp\/v2\/product"}],"about":[{"href":"https:\/\/nordicmart.andreevmaster.com\/fi\/wp-json\/wp\/v2\/types\/product"}],"replies":[{"embeddable":true,"href":"https:\/\/nordicmart.andreevmaster.com\/fi\/wp-json\/wp\/v2\/comments?post=29496"}],"wp:featuredmedia":[{"embeddable":true,"href":"https:\/\/nordicmart.andreevmaster.com\/fi\/wp-json\/wp\/v2\/media\/46552"}],"wp:attachment":[{"href":"https:\/\/nordicmart.andreevmaster.com\/fi\/wp-json\/wp\/v2\/media?parent=29496"}],"wp:term":[{"taxonomy":"product_brand","embeddable":true,"href":"https:\/\/nordicmart.andreevmaster.com\/fi\/wp-json\/wp\/v2\/product_brand?post=29496"},{"taxonomy":"product_cat","embeddable":true,"href":"https:\/\/nordicmart.andreevmaster.com\/fi\/wp-json\/wp\/v2\/product_cat?post=29496"},{"taxonomy":"product_tag","embeddable":true,"href":"https:\/\/nordicmart.andreevmaster.com\/fi\/wp-json\/wp\/v2\/product_tag?post=29496"}],"curies":[{"name":"wp","href":"https:\/\/api.w.org\/{rel}","templated":true}]}}