{"id":29493,"date":"2026-02-27T00:07:01","date_gmt":"2026-02-27T00:07:01","guid":{"rendered":"https:\/\/nordicmart.andreevmaster.com\/product\/vasagle-kylpyhuoneen-kaappi-lamelliovilla\/"},"modified":"2026-02-27T09:31:22","modified_gmt":"2026-02-27T09:31:22","slug":"vasagle-kylpyhuoneen-kaappi-lamelliovilla","status":"publish","type":"product","link":"https:\/\/nordicmart.andreevmaster.com\/fi\/tuote\/vasagle-kylpyhuoneen-kaappi-lamelliovilla\/","title":{"rendered":"VASAGLE kylpyhuoneen kaappi lamelliovilla"},"content":{"rendered":"<p>Kuka sanoo, ett\u00e4 se sopii vain kylpyhuoneeseen? Etk\u00f6 halua k\u00e4ytt\u00e4\u00e4 t\u00e4t\u00e4 kaappia kylpyhuoneessa? Se voidaan tietysti sijoittaa my\u00f6s muihin huoneisiin. T\u00e4m\u00e4 s\u00e4ilytyskaappi sopii hyvin keitti\u00f6n ty\u00f6tason, olohuoneen sohvan tai makuuhuoneen s\u00e4ngyn kanssa. Mit\u00e4 haluat sijoittaa t\u00e4h\u00e4n kaappiin? Meikki\u00e4? Kirjoja? Asiakirjoja? Latauskaapeleita? Keitti\u00f6tarvikkeita? V\u00e4lipaloja? Tai pieni\u00e4 salaisuuksiasi? Kuten haluat! T\u00e4m\u00e4 kapea kaappi kest\u00e4\u00e4 jopa 15 kg:n painon! Tuotetiedot: &#8211; V\u00e4ri: mattavalkoinen &#8211; Materiaali: E1-luokan MDF (keskitihe\u00e4 kuitulevy) &#8211; Koko: 60 x 30 x 80 cm (P x L x K) &#8211; Paino: 13,1 kg &#8211; Maks. staattinen kokonaiskuormitus: 15 kg Toimitus sis\u00e4lt\u00e4\u00e4: &#8211; 1 x kylpyhuoneen kaappi &#8211; 1 x kaatumissuoja &#8211; 1 x lis\u00e4varustepaketti &#8211; 1 x ohjeet (DE, EN, FR, ES, IT) VASAGLE Huomautukset:- Turvallisuussyist\u00e4 lapset eiv\u00e4t saa kiivet\u00e4 tuotteen p\u00e4\u00e4lle tai leikki\u00e4 sill\u00e4. &#8211; Tuotteen suurin staattinen kantavuus on 15 kg. \u00c4l\u00e4 ylit\u00e4 t\u00e4t\u00e4 enimm\u00e4ispainoa. &#8211; Kiinnit\u00e4 t\u00e4m\u00e4 tuote sein\u00e4\u00e4n mukana toimitetulla kaatumissuojalla turvallisen k\u00e4yt\u00f6n varmistamiseksi.<\/p>\n","protected":false},"excerpt":{"rendered":"<p>VASAGLE kylpyhuonekaappi, kylpyhuonekaappi, 60 x 30 x 80 cm, s\u00e4ilytyskaappi 2 lamelliovella, laatikko, s\u00e4\u00e4dett\u00e4v\u00e4 hyllytaso, skandinaavinen tyyli, mattavalkoinen BBC51WT<\/p>\n","protected":false},"featured_media":38955,"comment_status":"open","ping_status":"closed","template":"","meta":[],"product_brand":[],"product_cat":[32],"product_tag":[],"class_list":{"0":"post-29493","1":"product","2":"type-product","3":"status-publish","4":"has-post-thumbnail","6":"product_cat-uncategorized-fi","8":"first","9":"instock","10":"shipping-taxable","11":"purchasable","12":"product-type-simple"},"_links":{"self":[{"href":"https:\/\/nordicmart.andreevmaster.com\/fi\/wp-json\/wp\/v2\/product\/29493","targetHints":{"allow":["GET"]}}],"collection":[{"href":"https:\/\/nordicmart.andreevmaster.com\/fi\/wp-json\/wp\/v2\/product"}],"about":[{"href":"https:\/\/nordicmart.andreevmaster.com\/fi\/wp-json\/wp\/v2\/types\/product"}],"replies":[{"embeddable":true,"href":"https:\/\/nordicmart.andreevmaster.com\/fi\/wp-json\/wp\/v2\/comments?post=29493"}],"wp:featuredmedia":[{"embeddable":true,"href":"https:\/\/nordicmart.andreevmaster.com\/fi\/wp-json\/wp\/v2\/media\/38955"}],"wp:attachment":[{"href":"https:\/\/nordicmart.andreevmaster.com\/fi\/wp-json\/wp\/v2\/media?parent=29493"}],"wp:term":[{"taxonomy":"product_brand","embeddable":true,"href":"https:\/\/nordicmart.andreevmaster.com\/fi\/wp-json\/wp\/v2\/product_brand?post=29493"},{"taxonomy":"product_cat","embeddable":true,"href":"https:\/\/nordicmart.andreevmaster.com\/fi\/wp-json\/wp\/v2\/product_cat?post=29493"},{"taxonomy":"product_tag","embeddable":true,"href":"https:\/\/nordicmart.andreevmaster.com\/fi\/wp-json\/wp\/v2\/product_tag?post=29493"}],"curies":[{"name":"wp","href":"https:\/\/api.w.org\/{rel}","templated":true}]}}