{"id":29491,"date":"2026-02-27T00:07:00","date_gmt":"2026-02-27T00:07:00","guid":{"rendered":"https:\/\/nordicmart.andreevmaster.com\/product\/vasagle-kaappi-jossa-on-3-isoa-laatikkoa\/"},"modified":"2026-02-27T09:31:22","modified_gmt":"2026-02-27T09:31:22","slug":"vasagle-kaappi-jossa-on-3-isoa-laatikkoa","status":"publish","type":"product","link":"https:\/\/nordicmart.andreevmaster.com\/fi\/tuote\/vasagle-kaappi-jossa-on-3-isoa-laatikkoa\/","title":{"rendered":"VASAGLE-kaappi, jossa on 3 isoa laatikkoa"},"content":{"rendered":"<p>Ovatko kaikki hygieniatuotteesi hajallaan ymp\u00e4ri kylpyhuonetta? Puuttuuko sinulta sopiva paikka niiden s\u00e4ilytt\u00e4miseen? T\u00e4ss\u00e4 on k\u00e4yt\u00e4nn\u00f6llinen ratkaisu \u2013 t\u00e4m\u00e4 VASAGLE-kylpyhuoneen kaappi! N\u00e4in pid\u00e4t sotkun kurissa 3 syv\u00e4\u00e4n laatikkoon ja 2 suureen lokeroon kaapin oven takana voit lajitella pyyhkeet, suihkugeelipullot, puhdistusaineet, wc-paperit jne. ja ne pysyv\u00e4t poissa n\u00e4kyvist\u00e4, joten sinun ei tarvitse huolehtia siit\u00e4, ett\u00e4 kylpyhuoneesi n\u00e4ytt\u00e4\u00e4 pian taas sekavalta. Lis\u00e4ksi kaapissa on 3-tasoinen s\u00e4\u00e4dett\u00e4v\u00e4 hylly oven takana, joten voit jakaa kaapin s\u00e4ilytystilan yksil\u00f6llisesti. Monipuolinen apulainen kotonasi Kaappi sopii paitsi kylpyhuoneeseen my\u00f6s keitti\u00f6\u00f6n mausteiden, kattiloiden, pannujen jne. s\u00e4ilytt\u00e4miseen. Olohuoneessa sit\u00e4 voi k\u00e4ytt\u00e4\u00e4 kirjojen, valokuvakehysten jne. s\u00e4ilytt\u00e4miseen. Eteisess\u00e4 kaappiin voi laittaa kaikki pienet tavarat, joita tarvitset ennen kuin l\u00e4hdet kotoa&#8230;Mihin siis sijoitat kaapin? Aivan kuten haluat! Tuotetiedot: &#8211; V\u00e4ri: valkoinen &#8211; Materiaali: MDF (keskitihe\u00e4 kuitulevy) &#8211; Koko: 60 x 30 x 81 cm (P x L x K) &#8211; Paino: 13,9 kg &#8211; Maks. staattinen kokonaiskuormitus: 20 kg &#8211; Helppo asentaa: Kyll\u00e4Toimitus sis\u00e4lt\u00e4\u00e4:- 1 x kylpyhuonekaappi- 1 x s\u00e4ilytyslaatikko tarvikkeilla- 1 x ohjeet (DE, EN, FR, ES, IT)VASAGLE-ohjeet:- Pyyhi tuote p\u00e4ivitt\u00e4in kostealla liinalla.- Lapset eiv\u00e4t saa kiivet\u00e4 tuotteen p\u00e4\u00e4lle tai leikki\u00e4 sill\u00e4.<\/p>\n","protected":false},"excerpt":{"rendered":"<p>VASAGLE kylpyhuonekaappi, kylpyhuonekaappi, jossa 3 isoa laatikkoa ja s\u00e4\u00e4dett\u00e4v\u00e4 hyllytaso, 60 x 30 x 81 cm, valkoinen BBC49WT<\/p>\n","protected":false},"featured_media":0,"comment_status":"open","ping_status":"closed","template":"","meta":[],"product_brand":[],"product_cat":[32],"product_tag":[],"class_list":{"0":"post-29491","1":"product","2":"type-product","3":"status-publish","5":"product_cat-uncategorized-fi","7":"first","8":"instock","9":"shipping-taxable","10":"purchasable","11":"product-type-simple"},"_links":{"self":[{"href":"https:\/\/nordicmart.andreevmaster.com\/fi\/wp-json\/wp\/v2\/product\/29491","targetHints":{"allow":["GET"]}}],"collection":[{"href":"https:\/\/nordicmart.andreevmaster.com\/fi\/wp-json\/wp\/v2\/product"}],"about":[{"href":"https:\/\/nordicmart.andreevmaster.com\/fi\/wp-json\/wp\/v2\/types\/product"}],"replies":[{"embeddable":true,"href":"https:\/\/nordicmart.andreevmaster.com\/fi\/wp-json\/wp\/v2\/comments?post=29491"}],"wp:attachment":[{"href":"https:\/\/nordicmart.andreevmaster.com\/fi\/wp-json\/wp\/v2\/media?parent=29491"}],"wp:term":[{"taxonomy":"product_brand","embeddable":true,"href":"https:\/\/nordicmart.andreevmaster.com\/fi\/wp-json\/wp\/v2\/product_brand?post=29491"},{"taxonomy":"product_cat","embeddable":true,"href":"https:\/\/nordicmart.andreevmaster.com\/fi\/wp-json\/wp\/v2\/product_cat?post=29491"},{"taxonomy":"product_tag","embeddable":true,"href":"https:\/\/nordicmart.andreevmaster.com\/fi\/wp-json\/wp\/v2\/product_tag?post=29491"}],"curies":[{"name":"wp","href":"https:\/\/api.w.org\/{rel}","templated":true}]}}