{"id":29490,"date":"2026-02-27T00:07:00","date_gmt":"2026-02-27T00:07:00","guid":{"rendered":"https:\/\/nordicmart.andreevmaster.com\/product\/vasagle-kapea-kylpyhuonekaappi\/"},"modified":"2026-02-27T09:31:22","modified_gmt":"2026-02-27T09:31:22","slug":"vasagle-kapea-kylpyhuonekaappi","status":"publish","type":"product","link":"https:\/\/nordicmart.andreevmaster.com\/fi\/tuote\/vasagle-kapea-kylpyhuonekaappi\/","title":{"rendered":"VASAGLE Kapea kylpyhuonekaappi"},"content":{"rendered":"<p>Kylpyhuoneen kaappi yhdell\u00e4 ovella. Raikas ja helppo tapa poistaa kaaos kylpyhuoneestasi. Ovatko kaikki kylpyhuoneesi hyllyt t\u00e4ynn\u00e4 pesutarvikkeita? Optimoi sitten tila t\u00e4ll\u00e4 tyylikk\u00e4\u00e4ll\u00e4 kylpyhuoneen kaapilla. Sen valkoinen pinta ja kaareva muotoilu tuovat rauhallisen ja raikkaan tunnelman jokaiseen kylpyhuoneeseen. Yhdell\u00e4 laatikolla ja kolmella osittain s\u00e4\u00e4dett\u00e4v\u00e4ll\u00e4 hyllytasolla varustettu kaappi tarjoaa my\u00f6s runsaasti tilaa pienille ja suurille kylpyhuonetarvikkeille. Lis\u00e4ksi valmistuksessa on k\u00e4ytetty korkealaatuisia metalliosia ja homeenkest\u00e4v\u00e4\u00e4 lakkaa. Tuotetiedot: V\u00e4ri: valkoinen Materiaali: MDF (keskitihe\u00e4 kuitulevy; E1-luokka) Koko: 35 x 87 x 30 cm (L x K x S) Paino: 9,8 kg<\/p>\n","protected":false},"excerpt":{"rendered":"<p>VASAGLE kylpyhuonekaappi, vapaasti seisova kylpyhuonekaappi, puinen lattiakaappi, laatikolla, sis\u00e4ll\u00e4 s\u00e4\u00e4dett\u00e4v\u00e4 hylly, valkoinen, BBC48WT<\/p>\n","protected":false},"featured_media":38954,"comment_status":"open","ping_status":"closed","template":"","meta":[],"product_brand":[],"product_cat":[32],"product_tag":[],"class_list":{"0":"post-29490","1":"product","2":"type-product","3":"status-publish","4":"has-post-thumbnail","6":"product_cat-uncategorized-fi","8":"first","9":"instock","10":"shipping-taxable","11":"purchasable","12":"product-type-simple"},"_links":{"self":[{"href":"https:\/\/nordicmart.andreevmaster.com\/fi\/wp-json\/wp\/v2\/product\/29490","targetHints":{"allow":["GET"]}}],"collection":[{"href":"https:\/\/nordicmart.andreevmaster.com\/fi\/wp-json\/wp\/v2\/product"}],"about":[{"href":"https:\/\/nordicmart.andreevmaster.com\/fi\/wp-json\/wp\/v2\/types\/product"}],"replies":[{"embeddable":true,"href":"https:\/\/nordicmart.andreevmaster.com\/fi\/wp-json\/wp\/v2\/comments?post=29490"}],"wp:featuredmedia":[{"embeddable":true,"href":"https:\/\/nordicmart.andreevmaster.com\/fi\/wp-json\/wp\/v2\/media\/38954"}],"wp:attachment":[{"href":"https:\/\/nordicmart.andreevmaster.com\/fi\/wp-json\/wp\/v2\/media?parent=29490"}],"wp:term":[{"taxonomy":"product_brand","embeddable":true,"href":"https:\/\/nordicmart.andreevmaster.com\/fi\/wp-json\/wp\/v2\/product_brand?post=29490"},{"taxonomy":"product_cat","embeddable":true,"href":"https:\/\/nordicmart.andreevmaster.com\/fi\/wp-json\/wp\/v2\/product_cat?post=29490"},{"taxonomy":"product_tag","embeddable":true,"href":"https:\/\/nordicmart.andreevmaster.com\/fi\/wp-json\/wp\/v2\/product_tag?post=29490"}],"curies":[{"name":"wp","href":"https:\/\/api.w.org\/{rel}","templated":true}]}}