{"id":29488,"date":"2026-02-27T00:07:00","date_gmt":"2026-02-27T00:07:00","guid":{"rendered":"https:\/\/nordicmart.andreevmaster.com\/product\/vasagle-kylpyhuonehylly-2-laatikolla\/"},"modified":"2026-02-27T09:31:22","modified_gmt":"2026-02-27T09:31:22","slug":"vasagle-kylpyhuonehylly-2-laatikolla","status":"publish","type":"product","link":"https:\/\/nordicmart.andreevmaster.com\/fi\/tuote\/vasagle-kylpyhuonehylly-2-laatikolla\/","title":{"rendered":"VASAGLE kylpyhuonehylly 2 laatikolla"},"content":{"rendered":"<p>Tuotetiedot: &#8211; V\u00e4ri: valkoinen &#8211; Materiaali: MDF-levy &#8211; Mitat: 30 x 89 x 30 cm (L x K x S) &#8211; Avoimen lokeron mitat: 27 x 24 x 29 cm (L x K x S) &#8211; Laatikon sis\u00e4mitat: 24,5 x 22 x 27 cm (L x K x S) &#8211; Paino: 9,66 kg Toimitus sis\u00e4lt\u00e4\u00e4:- 1 x kylpyhuonekaluste &#8211; 1 x ohjeet (DE, EN, IT, FR, ES) &#8211; 1 x lis\u00e4varustepussi Huomautukset: &#8211; Pyyhi lika pois kostealla liinalla. &#8211; Lapset saavat k\u00e4ytt\u00e4\u00e4 kylpyhuonekaappia vain aikuisen valvonnassa. &#8211; Lapset eiv\u00e4t saa kiivet\u00e4 kaapin p\u00e4\u00e4lle tai leikki\u00e4 sill\u00e4. Loukkaantumisvaara!<\/p>\n","protected":false},"excerpt":{"rendered":"<p>VASAGLE kylpyhuonekaluste, kylpyhuonekaappi, kylpyhuoneen kaappi, kulmakaappi, l\u00e4\u00e4kekaappi, monik\u00e4ytt\u00f6inen kylpyhuonehylly 3 avoimella lokerolla, valkoinen BBC42WT<\/p>\n","protected":false},"featured_media":46550,"comment_status":"open","ping_status":"closed","template":"","meta":[],"product_brand":[],"product_cat":[32],"product_tag":[],"class_list":{"0":"post-29488","1":"product","2":"type-product","3":"status-publish","4":"has-post-thumbnail","6":"product_cat-uncategorized-fi","8":"first","9":"instock","10":"shipping-taxable","11":"purchasable","12":"product-type-simple"},"_links":{"self":[{"href":"https:\/\/nordicmart.andreevmaster.com\/fi\/wp-json\/wp\/v2\/product\/29488","targetHints":{"allow":["GET"]}}],"collection":[{"href":"https:\/\/nordicmart.andreevmaster.com\/fi\/wp-json\/wp\/v2\/product"}],"about":[{"href":"https:\/\/nordicmart.andreevmaster.com\/fi\/wp-json\/wp\/v2\/types\/product"}],"replies":[{"embeddable":true,"href":"https:\/\/nordicmart.andreevmaster.com\/fi\/wp-json\/wp\/v2\/comments?post=29488"}],"wp:featuredmedia":[{"embeddable":true,"href":"https:\/\/nordicmart.andreevmaster.com\/fi\/wp-json\/wp\/v2\/media\/46550"}],"wp:attachment":[{"href":"https:\/\/nordicmart.andreevmaster.com\/fi\/wp-json\/wp\/v2\/media?parent=29488"}],"wp:term":[{"taxonomy":"product_brand","embeddable":true,"href":"https:\/\/nordicmart.andreevmaster.com\/fi\/wp-json\/wp\/v2\/product_brand?post=29488"},{"taxonomy":"product_cat","embeddable":true,"href":"https:\/\/nordicmart.andreevmaster.com\/fi\/wp-json\/wp\/v2\/product_cat?post=29488"},{"taxonomy":"product_tag","embeddable":true,"href":"https:\/\/nordicmart.andreevmaster.com\/fi\/wp-json\/wp\/v2\/product_tag?post=29488"}],"curies":[{"name":"wp","href":"https:\/\/api.w.org\/{rel}","templated":true}]}}