{"id":29487,"date":"2026-02-27T00:07:00","date_gmt":"2026-02-27T00:07:00","guid":{"rendered":"https:\/\/nordicmart.andreevmaster.com\/product\/vasagle-pesuallaskaappi-erityisen-pitka-2-ovea\/"},"modified":"2026-02-27T09:31:21","modified_gmt":"2026-02-27T09:31:21","slug":"vasagle-pesuallaskaappi-erityisen-pitka-2-ovea","status":"publish","type":"product","link":"https:\/\/nordicmart.andreevmaster.com\/fi\/tuote\/vasagle-pesuallaskaappi-erityisen-pitka-2-ovea\/","title":{"rendered":"VASAGLE pesuallaskaappi, erityisen pitk\u00e4, 2 ovea"},"content":{"rendered":"<p>VASAGLE pesuallaskaappi, alakaappi, kylpyhuonekaappi, erityisen pitk\u00e4, 90 x 30 x 60 cm, 2 ovea, kylpyhuonekaappi, avoimet hyllyt, korkeuss\u00e4\u00e4dett\u00e4v\u00e4t hyllyt, valkoinen BBC410P31<br \/>\nV\u00e4ri: kyyhkynharmaa<br \/>\nMateriaali: MDF (keskitihe\u00e4 kuitulevy), kromatut kahvat<br \/>\nKoko: 30 x 90 x 60 cm (S x L x K)<br \/>\nPaino: 11,7 kg<\/p>\n","protected":false},"excerpt":{"rendered":"<p>VASAGLE pesuallaskaappi, alakaappi, kylpyhuonekaappi, erityisen pitk\u00e4, 90 x 30 x 60 cm, 2 ovea, kylpyhuonekaappi, avoimet hyllyt, korkeuss\u00e4\u00e4dett\u00e4v\u00e4t hyllyt, valkoinen BBC410P31<\/p>\n","protected":false},"featured_media":38952,"comment_status":"open","ping_status":"closed","template":"","meta":[],"product_brand":[],"product_cat":[32],"product_tag":[],"class_list":{"0":"post-29487","1":"product","2":"type-product","3":"status-publish","4":"has-post-thumbnail","6":"product_cat-uncategorized-fi","8":"first","9":"instock","10":"shipping-taxable","11":"purchasable","12":"product-type-simple"},"_links":{"self":[{"href":"https:\/\/nordicmart.andreevmaster.com\/fi\/wp-json\/wp\/v2\/product\/29487","targetHints":{"allow":["GET"]}}],"collection":[{"href":"https:\/\/nordicmart.andreevmaster.com\/fi\/wp-json\/wp\/v2\/product"}],"about":[{"href":"https:\/\/nordicmart.andreevmaster.com\/fi\/wp-json\/wp\/v2\/types\/product"}],"replies":[{"embeddable":true,"href":"https:\/\/nordicmart.andreevmaster.com\/fi\/wp-json\/wp\/v2\/comments?post=29487"}],"wp:featuredmedia":[{"embeddable":true,"href":"https:\/\/nordicmart.andreevmaster.com\/fi\/wp-json\/wp\/v2\/media\/38952"}],"wp:attachment":[{"href":"https:\/\/nordicmart.andreevmaster.com\/fi\/wp-json\/wp\/v2\/media?parent=29487"}],"wp:term":[{"taxonomy":"product_brand","embeddable":true,"href":"https:\/\/nordicmart.andreevmaster.com\/fi\/wp-json\/wp\/v2\/product_brand?post=29487"},{"taxonomy":"product_cat","embeddable":true,"href":"https:\/\/nordicmart.andreevmaster.com\/fi\/wp-json\/wp\/v2\/product_cat?post=29487"},{"taxonomy":"product_tag","embeddable":true,"href":"https:\/\/nordicmart.andreevmaster.com\/fi\/wp-json\/wp\/v2\/product_tag?post=29487"}],"curies":[{"name":"wp","href":"https:\/\/api.w.org\/{rel}","templated":true}]}}