{"id":29485,"date":"2026-02-27T00:06:59","date_gmt":"2026-02-27T00:06:59","guid":{"rendered":"https:\/\/nordicmart.andreevmaster.com\/product\/vasagle-kylpyhuoneen-kaappi-avoimella-hyllylla\/"},"modified":"2026-02-27T09:31:21","modified_gmt":"2026-02-27T09:31:21","slug":"vasagle-kylpyhuoneen-kaappi-avoimella-hyllylla","status":"publish","type":"product","link":"https:\/\/nordicmart.andreevmaster.com\/fi\/tuote\/vasagle-kylpyhuoneen-kaappi-avoimella-hyllylla\/","title":{"rendered":"VASAGLE kylpyhuoneen kaappi avoimella hyllyll\u00e4"},"content":{"rendered":"<p>Tuotetiedot: &#8211; V\u00e4ri: valkoinen &#8211; Materiaali: MDF-luokka E1 &#8211; Mitat: 60 x 80 x 30 cm (L x K x S) &#8211; Avoimen hyllyn mitat: 56 x 18,5 x 28 cm (L x K x S) &#8211; Alemmassa hyllyss\u00e4 mitat: 56 x 46 x 28 cm (L x K x S) &#8211; Paino: 12,7 kg Toimitus sis\u00e4lt\u00e4\u00e4:- 1 x kylpyhuonekaappi &#8211; 1 x tarvikepussi &#8211; 1 x ohjeet (DE, EN, FR, ES, IT) VASAGLE-ohjeet: &#8211; Pyyhi lika pois kostealla liinalla. &#8211; Lapset saavat k\u00e4ytt\u00e4\u00e4 kylpyhuonekaappia vain aikuisen valvonnassa. &#8211; Lapset eiv\u00e4t saa kiivet\u00e4 kaapin p\u00e4\u00e4lle tai leikki\u00e4 sill\u00e4. Loukkaantumisvaara!<\/p>\n","protected":false},"excerpt":{"rendered":"<p>VASAGLE Kylpyhuonekaappi, kylpyhuoneen s\u00e4ilytysj\u00e4rjestelm\u00e4, kylpyhuoneen hylly 2 lamelliovella, avoin lokero, vapaasti seisova, valkoinen, BBC40WT<\/p>\n","protected":false},"featured_media":38950,"comment_status":"open","ping_status":"closed","template":"","meta":[],"product_brand":[],"product_cat":[32],"product_tag":[],"class_list":{"0":"post-29485","1":"product","2":"type-product","3":"status-publish","4":"has-post-thumbnail","6":"product_cat-uncategorized-fi","8":"first","9":"instock","10":"shipping-taxable","11":"purchasable","12":"product-type-simple"},"_links":{"self":[{"href":"https:\/\/nordicmart.andreevmaster.com\/fi\/wp-json\/wp\/v2\/product\/29485","targetHints":{"allow":["GET"]}}],"collection":[{"href":"https:\/\/nordicmart.andreevmaster.com\/fi\/wp-json\/wp\/v2\/product"}],"about":[{"href":"https:\/\/nordicmart.andreevmaster.com\/fi\/wp-json\/wp\/v2\/types\/product"}],"replies":[{"embeddable":true,"href":"https:\/\/nordicmart.andreevmaster.com\/fi\/wp-json\/wp\/v2\/comments?post=29485"}],"wp:featuredmedia":[{"embeddable":true,"href":"https:\/\/nordicmart.andreevmaster.com\/fi\/wp-json\/wp\/v2\/media\/38950"}],"wp:attachment":[{"href":"https:\/\/nordicmart.andreevmaster.com\/fi\/wp-json\/wp\/v2\/media?parent=29485"}],"wp:term":[{"taxonomy":"product_brand","embeddable":true,"href":"https:\/\/nordicmart.andreevmaster.com\/fi\/wp-json\/wp\/v2\/product_brand?post=29485"},{"taxonomy":"product_cat","embeddable":true,"href":"https:\/\/nordicmart.andreevmaster.com\/fi\/wp-json\/wp\/v2\/product_cat?post=29485"},{"taxonomy":"product_tag","embeddable":true,"href":"https:\/\/nordicmart.andreevmaster.com\/fi\/wp-json\/wp\/v2\/product_tag?post=29485"}],"curies":[{"name":"wp","href":"https:\/\/api.w.org\/{rel}","templated":true}]}}