{"id":29482,"date":"2026-02-27T00:06:59","date_gmt":"2026-02-27T00:06:59","guid":{"rendered":"https:\/\/nordicmart.andreevmaster.com\/product\/vasagle-2-ovinen-seinakaappi\/"},"modified":"2026-02-27T09:31:21","modified_gmt":"2026-02-27T09:31:21","slug":"vasagle-2-ovinen-seinakaappi","status":"publish","type":"product","link":"https:\/\/nordicmart.andreevmaster.com\/fi\/tuote\/vasagle-2-ovinen-seinakaappi\/","title":{"rendered":"VASAGLE 2-ovinen sein\u00e4kaappi"},"content":{"rendered":"<p>Kuinka s\u00e4\u00e4st\u00e4\u00e4 tilaa kylpyhuoneessa? T\u00e4ll\u00e4 sein\u00e4kaapilla! Onko kylpyhuoneesi liian pieni ylim\u00e4\u00e4r\u00e4isten meikkituotteiden s\u00e4ilytt\u00e4miseen? Ei h\u00e4t\u00e4\u00e4! T\u00e4m\u00e4 sein\u00e4kaappi, joka ei vie lattiatilaa, laajentaa kylpyhuoneen niukkaa tilaa. Laita kaikki ihonhoitotuotteesi siihen ja hallitse kylpyhuoneen kaaos. Kuinka pit\u00e4\u00e4 kylpyhuone puhtaana? My\u00f6s t\u00e4ll\u00e4 sein\u00e4kaapilla! Oletko kyll\u00e4stynyt kammasi piilotteluun? Kompastutko jatkuvasti lattialle pudonneisiin suihkugeelipulloihin? S\u00e4ilyt\u00e4 kaikki tarvikkeet siististi t\u00e4ss\u00e4 2 hyllyll\u00e4 varustetussa kylpyhuonekaapissa (3 korkeusasentoa) ja pid\u00e4 kylpyhuoneesi aina siistin\u00e4. Lis\u00e4ksi 2 ovea pit\u00e4v\u00e4t kaikki tavarasi puhtaina ja p\u00f6lytt\u00f6min\u00e4. T\u00e4ydellist\u00e4! Tuotetiedot: &#8211; V\u00e4ri: mattavalkoinen &#8211; Materiaali: E1-luokan MDF (keskitihe\u00e4 kuitulevy) &#8211; Koko: 60 x 18 x 60 cm (P x L x K) &#8211; Paino: 10 kg &#8211; Maks. staattinen kokonaiskuormitus: 10 kg Toimitus sis\u00e4lt\u00e4\u00e4:- 1 x kylpyhuonekaappi &#8211; 1 x lis\u00e4varustepaketti &#8211; 1 x ohjeet (DE, EN, FR, ES, IT) VASAGLE-ohjeet: &#8211; Turvallisuussyist\u00e4 lapset eiv\u00e4t saa kiivet\u00e4 tuotteelle tai leikki\u00e4 sill\u00e4.<\/p>\n","protected":false},"excerpt":{"rendered":"<p>VASAGLE kylpyhuonekaappi, 2-ovinen sein\u00e4kaappi, 2 s\u00e4\u00e4dett\u00e4v\u00e4\u00e4 hyllytasoa, 60 x 18 x 60 cm, skandinaavinen tyyli, mattavalkoinen BBC320W01<\/p>\n","protected":false},"featured_media":38947,"comment_status":"open","ping_status":"closed","template":"","meta":[],"product_brand":[],"product_cat":[32],"product_tag":[],"class_list":{"0":"post-29482","1":"product","2":"type-product","3":"status-publish","4":"has-post-thumbnail","6":"product_cat-uncategorized-fi","8":"first","9":"instock","10":"shipping-taxable","11":"purchasable","12":"product-type-simple"},"_links":{"self":[{"href":"https:\/\/nordicmart.andreevmaster.com\/fi\/wp-json\/wp\/v2\/product\/29482","targetHints":{"allow":["GET"]}}],"collection":[{"href":"https:\/\/nordicmart.andreevmaster.com\/fi\/wp-json\/wp\/v2\/product"}],"about":[{"href":"https:\/\/nordicmart.andreevmaster.com\/fi\/wp-json\/wp\/v2\/types\/product"}],"replies":[{"embeddable":true,"href":"https:\/\/nordicmart.andreevmaster.com\/fi\/wp-json\/wp\/v2\/comments?post=29482"}],"wp:featuredmedia":[{"embeddable":true,"href":"https:\/\/nordicmart.andreevmaster.com\/fi\/wp-json\/wp\/v2\/media\/38947"}],"wp:attachment":[{"href":"https:\/\/nordicmart.andreevmaster.com\/fi\/wp-json\/wp\/v2\/media?parent=29482"}],"wp:term":[{"taxonomy":"product_brand","embeddable":true,"href":"https:\/\/nordicmart.andreevmaster.com\/fi\/wp-json\/wp\/v2\/product_brand?post=29482"},{"taxonomy":"product_cat","embeddable":true,"href":"https:\/\/nordicmart.andreevmaster.com\/fi\/wp-json\/wp\/v2\/product_cat?post=29482"},{"taxonomy":"product_tag","embeddable":true,"href":"https:\/\/nordicmart.andreevmaster.com\/fi\/wp-json\/wp\/v2\/product_tag?post=29482"}],"curies":[{"name":"wp","href":"https:\/\/api.w.org\/{rel}","templated":true}]}}