{"id":29481,"date":"2026-02-27T00:06:59","date_gmt":"2026-02-27T00:06:59","guid":{"rendered":"https:\/\/nordicmart.andreevmaster.com\/product\/vasagle-kylpyhuoneen-kaappi-jossa-on-saadettavat-hyllyt-seinakiinnitys\/"},"modified":"2026-02-27T09:31:21","modified_gmt":"2026-02-27T09:31:21","slug":"vasagle-kylpyhuoneen-kaappi-jossa-on-saadettavat-hyllyt-seinakiinnitys","status":"publish","type":"product","link":"https:\/\/nordicmart.andreevmaster.com\/fi\/tuote\/vasagle-kylpyhuoneen-kaappi-jossa-on-saadettavat-hyllyt-seinakiinnitys\/","title":{"rendered":"VASAGLE kylpyhuoneen kaappi, jossa on s\u00e4\u00e4dett\u00e4v\u00e4t hyllyt, sein\u00e4kiinnitys"},"content":{"rendered":"<p>VASAGLE kylpyhuonekaappi, 2-ovinen sein\u00e4kaappi, 2 s\u00e4\u00e4dett\u00e4v\u00e4\u00e4 hyllytasoa, 60 x 18 x 60 cm, skandinaavinen tyyli, mattavalkoinen BBC320W01<br \/>\nV\u00e4ri: kyyhkynharmaa<br \/>\nMateriaali: MDF (keskitihe\u00e4 kuitulevy)<br \/>\nKoko: 18 x 60 x 60 cm (S x L x K)<br \/>\nPaino: 10 kg<br \/>\nMaks. staattinen kokonaiskuormitus: 10 kg<\/p>\n","protected":false},"excerpt":{"rendered":"<p>VASAGLE kylpyhuonekaappi, 2-ovinen sein\u00e4kaappi, 2 s\u00e4\u00e4dett\u00e4v\u00e4\u00e4 hyllytasoa, 60 x 18 x 60 cm, skandinaavinen tyyli, mattavalkoinen BBC320W01<\/p>\n","protected":false},"featured_media":38946,"comment_status":"open","ping_status":"closed","template":"","meta":[],"product_brand":[],"product_cat":[32],"product_tag":[],"class_list":{"0":"post-29481","1":"product","2":"type-product","3":"status-publish","4":"has-post-thumbnail","6":"product_cat-uncategorized-fi","8":"first","9":"instock","10":"shipping-taxable","11":"purchasable","12":"product-type-simple"},"_links":{"self":[{"href":"https:\/\/nordicmart.andreevmaster.com\/fi\/wp-json\/wp\/v2\/product\/29481","targetHints":{"allow":["GET"]}}],"collection":[{"href":"https:\/\/nordicmart.andreevmaster.com\/fi\/wp-json\/wp\/v2\/product"}],"about":[{"href":"https:\/\/nordicmart.andreevmaster.com\/fi\/wp-json\/wp\/v2\/types\/product"}],"replies":[{"embeddable":true,"href":"https:\/\/nordicmart.andreevmaster.com\/fi\/wp-json\/wp\/v2\/comments?post=29481"}],"wp:featuredmedia":[{"embeddable":true,"href":"https:\/\/nordicmart.andreevmaster.com\/fi\/wp-json\/wp\/v2\/media\/38946"}],"wp:attachment":[{"href":"https:\/\/nordicmart.andreevmaster.com\/fi\/wp-json\/wp\/v2\/media?parent=29481"}],"wp:term":[{"taxonomy":"product_brand","embeddable":true,"href":"https:\/\/nordicmart.andreevmaster.com\/fi\/wp-json\/wp\/v2\/product_brand?post=29481"},{"taxonomy":"product_cat","embeddable":true,"href":"https:\/\/nordicmart.andreevmaster.com\/fi\/wp-json\/wp\/v2\/product_cat?post=29481"},{"taxonomy":"product_tag","embeddable":true,"href":"https:\/\/nordicmart.andreevmaster.com\/fi\/wp-json\/wp\/v2\/product_tag?post=29481"}],"curies":[{"name":"wp","href":"https:\/\/api.w.org\/{rel}","templated":true}]}}