{"id":29479,"date":"2026-02-27T00:06:58","date_gmt":"2026-02-27T00:06:58","guid":{"rendered":"https:\/\/nordicmart.andreevmaster.com\/product\/vasagle-kapea-kylpyhuonekaappi-ovella\/"},"modified":"2026-02-27T09:31:21","modified_gmt":"2026-02-27T09:31:21","slug":"vasagle-kapea-kylpyhuonekaappi-ovella","status":"publish","type":"product","link":"https:\/\/nordicmart.andreevmaster.com\/fi\/tuote\/vasagle-kapea-kylpyhuonekaappi-ovella\/","title":{"rendered":"VASAGLE kapea kylpyhuonekaappi ovella"},"content":{"rendered":"<p>VASAGLE WC-kaappi, kylpyhuonekaappi, kylpyhuonekaappi, kapea kylpyhuonehylly, s\u00e4\u00e4dett\u00e4v\u00e4t hyllyt, tilaa s\u00e4\u00e4st\u00e4v\u00e4, helppo asentaa, valkoinen BBC310W01<br \/>\nV\u00e4ri: Mystinen harmaa<br \/>\nMateriaali: MDF (keskitihe\u00e4 kuitulevy)<br \/>\nKoko: 20 x 18 x 80 cm (S x L x K)<br \/>\nPaino: 4,8 kg<br \/>\nJokaisen s\u00e4\u00e4dett\u00e4v\u00e4n hyllyn maks. staattinen kantavuus: 2,2 kg<br \/>\nMaks. staattinen kantavuus yhteens\u00e4: 15 kg<\/p>\n","protected":false},"excerpt":{"rendered":"<p>VASAGLE WC-kaappi, kylpyhuonekaappi, kylpyhuonekaappi, kapea kylpyhuonehylly, s\u00e4\u00e4dett\u00e4v\u00e4t hyllyt, tilaa s\u00e4\u00e4st\u00e4v\u00e4, helppo asentaa, valkoinen BBC310W01<\/p>\n","protected":false},"featured_media":38944,"comment_status":"open","ping_status":"closed","template":"","meta":[],"product_brand":[],"product_cat":[32],"product_tag":[],"class_list":{"0":"post-29479","1":"product","2":"type-product","3":"status-publish","4":"has-post-thumbnail","6":"product_cat-uncategorized-fi","8":"first","9":"instock","10":"shipping-taxable","11":"purchasable","12":"product-type-simple"},"_links":{"self":[{"href":"https:\/\/nordicmart.andreevmaster.com\/fi\/wp-json\/wp\/v2\/product\/29479","targetHints":{"allow":["GET"]}}],"collection":[{"href":"https:\/\/nordicmart.andreevmaster.com\/fi\/wp-json\/wp\/v2\/product"}],"about":[{"href":"https:\/\/nordicmart.andreevmaster.com\/fi\/wp-json\/wp\/v2\/types\/product"}],"replies":[{"embeddable":true,"href":"https:\/\/nordicmart.andreevmaster.com\/fi\/wp-json\/wp\/v2\/comments?post=29479"}],"wp:featuredmedia":[{"embeddable":true,"href":"https:\/\/nordicmart.andreevmaster.com\/fi\/wp-json\/wp\/v2\/media\/38944"}],"wp:attachment":[{"href":"https:\/\/nordicmart.andreevmaster.com\/fi\/wp-json\/wp\/v2\/media?parent=29479"}],"wp:term":[{"taxonomy":"product_brand","embeddable":true,"href":"https:\/\/nordicmart.andreevmaster.com\/fi\/wp-json\/wp\/v2\/product_brand?post=29479"},{"taxonomy":"product_cat","embeddable":true,"href":"https:\/\/nordicmart.andreevmaster.com\/fi\/wp-json\/wp\/v2\/product_cat?post=29479"},{"taxonomy":"product_tag","embeddable":true,"href":"https:\/\/nordicmart.andreevmaster.com\/fi\/wp-json\/wp\/v2\/product_tag?post=29479"}],"curies":[{"name":"wp","href":"https:\/\/api.w.org\/{rel}","templated":true}]}}