{"id":29476,"date":"2026-02-27T00:06:58","date_gmt":"2026-02-27T00:06:58","guid":{"rendered":"https:\/\/nordicmart.andreevmaster.com\/product\/vasagle-kylpyhuoneen-ripustettava-kaappi\/"},"modified":"2026-02-27T09:31:20","modified_gmt":"2026-02-27T09:31:20","slug":"vasagle-kylpyhuoneen-ripustettava-kaappi","status":"publish","type":"product","link":"https:\/\/nordicmart.andreevmaster.com\/fi\/tuote\/vasagle-kylpyhuoneen-ripustettava-kaappi\/","title":{"rendered":"VASAGLE kylpyhuoneen ripustettava kaappi"},"content":{"rendered":"<p>VASAGLE:n suunnittelijat ovat luoneet kokonaisen sarjan kylpyhuonekalusteita, joiden avulla voit tuoda kylpyhuoneeseesi raikkaan ja rauhallisen ilmeen. Unohda kaikki huolet, lataa akkusi ja aloita tai p\u00e4\u00e4t\u00e4 p\u00e4iv\u00e4si positiivisella mielell\u00e4. Mitk\u00e4 ovat t\u00e4m\u00e4n s\u00e4ilytyskaapin edut?  &#8211; Avoimen hyllyn ansiosta voit s\u00e4ilytt\u00e4\u00e4 tavaroitasi selke\u00e4sti ja p\u00e4\u00e4st\u00e4 helposti ja nopeasti k\u00e4siksi tarvitsemiisi hygieniatuotteisiin. &#8211; Kaapin oven takana oleva hylly on 5-portaisesti korkeuss\u00e4\u00e4dett\u00e4v\u00e4, joten voit s\u00e4ilytt\u00e4\u00e4 siin\u00e4 erikokoisia hygieniatuotteita. &#8211; Kaapin ovissa on 2 kromattua metallinappia, joiden avulla ovet on helppo avata ja sulkea. &#8211; Valkoinen kaappi tuo yksinkertaisella siluetillaan raikkautta ja eleganssia kylpyhuoneeseesi. &#8211; T\u00e4m\u00e4 kaappi sopii paitsi kylpyhuoneeseesi my\u00f6s olohuoneeseesi. Voit ripustaa sen my\u00f6s eteiseen avainten, laukkujen, hattujen jne. s\u00e4ilytt\u00e4mist\u00e4 varten. Moderni kylpyhuone ansaitsee t\u00e4m\u00e4n kylpyhuonekaapin! Tutustu my\u00f6s muihin VASAGLE-kylpyhuonekalusteisiin, jotta voit luoda yhten\u00e4isen tyylin kylpyhuoneeseesi. Tuotetiedot:  &#8211; V\u00e4ri: valkoinen &#8211; Materiaali: MDF (keskitihe\u00e4 kuitulevy) &#8211; Koko: 60 x 20 x 70 cm (P x L x K) &#8211; Paino: 9,6 kg &#8211; Maks. staattinen kantavuus: 15 kg &#8211; Maks. staattinen kantavuus hylly\u00e4 kohti: 5 kg Toimitus sis\u00e4lt\u00e4\u00e4:  &#8211; 1 x sein\u00e4kaappi &#8211; 1 x tarvikepussi &#8211; 1 x ohjeet (DE, EN, FR, ES, IT) VASAGLE-ohjeet:  &#8211; Asenna tuote tarkasti ohjeiden mukaisesti. &#8211; T\u00e4m\u00e4 huonekalu on tarkoitettu sein\u00e4lle kiinnitett\u00e4v\u00e4ksi. &#8211; Tekstiss\u00e4 mainittu maks. kantavuus viittaa staattiseen maksimipainoon.<\/p>\n","protected":false},"excerpt":{"rendered":"<p>VASAGLE sein\u00e4kaappi, ripustettava kaappi, kylpyhuonekaappi, sein\u00e4kiinnitys, l\u00e4\u00e4kekaappi korkeuss\u00e4\u00e4dett\u00e4v\u00e4ll\u00e4 hyllyll\u00e4, kylpyhuonekaappi, kaksoisovi, avoin lokero, 60 x 20 x 70 cm, valkoinen BBC27WT<\/p>\n","protected":false},"featured_media":38941,"comment_status":"open","ping_status":"closed","template":"","meta":[],"product_brand":[],"product_cat":[32],"product_tag":[],"class_list":{"0":"post-29476","1":"product","2":"type-product","3":"status-publish","4":"has-post-thumbnail","6":"product_cat-uncategorized-fi","8":"first","9":"instock","10":"shipping-taxable","11":"purchasable","12":"product-type-simple"},"_links":{"self":[{"href":"https:\/\/nordicmart.andreevmaster.com\/fi\/wp-json\/wp\/v2\/product\/29476","targetHints":{"allow":["GET"]}}],"collection":[{"href":"https:\/\/nordicmart.andreevmaster.com\/fi\/wp-json\/wp\/v2\/product"}],"about":[{"href":"https:\/\/nordicmart.andreevmaster.com\/fi\/wp-json\/wp\/v2\/types\/product"}],"replies":[{"embeddable":true,"href":"https:\/\/nordicmart.andreevmaster.com\/fi\/wp-json\/wp\/v2\/comments?post=29476"}],"wp:featuredmedia":[{"embeddable":true,"href":"https:\/\/nordicmart.andreevmaster.com\/fi\/wp-json\/wp\/v2\/media\/38941"}],"wp:attachment":[{"href":"https:\/\/nordicmart.andreevmaster.com\/fi\/wp-json\/wp\/v2\/media?parent=29476"}],"wp:term":[{"taxonomy":"product_brand","embeddable":true,"href":"https:\/\/nordicmart.andreevmaster.com\/fi\/wp-json\/wp\/v2\/product_brand?post=29476"},{"taxonomy":"product_cat","embeddable":true,"href":"https:\/\/nordicmart.andreevmaster.com\/fi\/wp-json\/wp\/v2\/product_cat?post=29476"},{"taxonomy":"product_tag","embeddable":true,"href":"https:\/\/nordicmart.andreevmaster.com\/fi\/wp-json\/wp\/v2\/product_tag?post=29476"}],"curies":[{"name":"wp","href":"https:\/\/api.w.org\/{rel}","templated":true}]}}