{"id":29474,"date":"2026-02-27T00:06:57","date_gmt":"2026-02-27T00:06:57","guid":{"rendered":"https:\/\/nordicmart.andreevmaster.com\/product\/vasagle-kylpyhuonepeili-hyllylla\/"},"modified":"2026-02-27T09:31:20","modified_gmt":"2026-02-27T09:31:20","slug":"vasagle-kylpyhuonepeili-hyllylla","status":"publish","type":"product","link":"https:\/\/nordicmart.andreevmaster.com\/fi\/tuote\/vasagle-kylpyhuonepeili-hyllylla\/","title":{"rendered":"VASAGLE kylpyhuonepeili hyllyll\u00e4"},"content":{"rendered":"<p> V\u00e4ltt\u00e4m\u00e4t\u00f6n tuote kotiisi Puuttuuko sinulta viel\u00e4 kylpyhuonepeili, joka helpottaisi aamurutiinejasi? Tai tarvitsetko peilin eteiseen, jotta voit tarkistaa meikkisi ennen kuin l\u00e4hdet kotoa? Valitse t\u00e4m\u00e4 VASAGLE-sein\u00e4peili \u2013 eleganssia ja toiminnallisuutta!  Yksinkertainen, mutta k\u00e4yt\u00e4nn\u00f6llinen Yksinkertainen ja koristeeton \u2013 t\u00e4m\u00e4 minimalistinen valkoinen sein\u00e4peili on tyylik\u00e4s lis\u00e4 kotisi sisustukseen. Lasipeili auttaa sinua laittautumaan, ja hyllyll\u00e4 on tilaa hammasharjallesi, voiteillesi ja hajuvesillesi. T\u00e4m\u00e4 korkealaatuisesta MDF-levyst\u00e4 ja peililasista valmistettu tuote takaa my\u00f6s pitk\u00e4n k\u00e4ytt\u00f6i\u00e4n. Tuotetiedot: &#8211; V\u00e4ri: mattavalkoinen &#8211; Materiaali: MDF (keskitihe\u00e4 kuitulevy), peililasi &#8211; Koko: 46 x 12 x 55 cm (P x L x K) &#8211; Paino: 2,7 kg &#8211; Maks. staattinen kantavuus: 2 kg &#8211; Helppo asennus: Kyll\u00e4 Toimitus sis\u00e4lt\u00e4\u00e4:- 1 x sein\u00e4peili hyllyll\u00e4 &#8211; 1 x s\u00e4ilytysastia tarvikkeille &#8211; 1 x ohjeet (DE, EN, FR, ES, IT) VASAGLE-ohjeet: &#8211; Pyyhi tuote p\u00e4ivitt\u00e4in kostealla liinalla. &#8211; Mittaa sein\u00e4peilin asennustila ennen ostamista varmistaaksesi, ett\u00e4 tuote sopii sinne.<\/p>\n","protected":false},"excerpt":{"rendered":"<p>VASAGLE sein\u00e4peili, kylpyhuonepeili hyllyll\u00e4, sein\u00e4kiinnitys, meikkipeili, meikkausp\u00f6yd\u00e4lle, 46 x 12 x 55 cm, mattavalkoinen BBC25WT<\/p>\n","protected":false},"featured_media":38939,"comment_status":"open","ping_status":"closed","template":"","meta":[],"product_brand":[],"product_cat":[32],"product_tag":[],"class_list":{"0":"post-29474","1":"product","2":"type-product","3":"status-publish","4":"has-post-thumbnail","6":"product_cat-uncategorized-fi","8":"first","9":"instock","10":"shipping-taxable","11":"purchasable","12":"product-type-simple"},"_links":{"self":[{"href":"https:\/\/nordicmart.andreevmaster.com\/fi\/wp-json\/wp\/v2\/product\/29474","targetHints":{"allow":["GET"]}}],"collection":[{"href":"https:\/\/nordicmart.andreevmaster.com\/fi\/wp-json\/wp\/v2\/product"}],"about":[{"href":"https:\/\/nordicmart.andreevmaster.com\/fi\/wp-json\/wp\/v2\/types\/product"}],"replies":[{"embeddable":true,"href":"https:\/\/nordicmart.andreevmaster.com\/fi\/wp-json\/wp\/v2\/comments?post=29474"}],"wp:featuredmedia":[{"embeddable":true,"href":"https:\/\/nordicmart.andreevmaster.com\/fi\/wp-json\/wp\/v2\/media\/38939"}],"wp:attachment":[{"href":"https:\/\/nordicmart.andreevmaster.com\/fi\/wp-json\/wp\/v2\/media?parent=29474"}],"wp:term":[{"taxonomy":"product_brand","embeddable":true,"href":"https:\/\/nordicmart.andreevmaster.com\/fi\/wp-json\/wp\/v2\/product_brand?post=29474"},{"taxonomy":"product_cat","embeddable":true,"href":"https:\/\/nordicmart.andreevmaster.com\/fi\/wp-json\/wp\/v2\/product_cat?post=29474"},{"taxonomy":"product_tag","embeddable":true,"href":"https:\/\/nordicmart.andreevmaster.com\/fi\/wp-json\/wp\/v2\/product_tag?post=29474"}],"curies":[{"name":"wp","href":"https:\/\/api.w.org\/{rel}","templated":true}]}}