{"id":29473,"date":"2026-02-27T00:06:57","date_gmt":"2026-02-27T00:06:57","guid":{"rendered":"https:\/\/nordicmart.andreevmaster.com\/product\/vasagle-seinakaappi-valkoinen\/"},"modified":"2026-02-27T09:31:20","modified_gmt":"2026-02-27T09:31:20","slug":"vasagle-seinakaappi-valkoinen","status":"publish","type":"product","link":"https:\/\/nordicmart.andreevmaster.com\/fi\/tuote\/vasagle-seinakaappi-valkoinen\/","title":{"rendered":"VASAGLE sein\u00e4kaappi valkoinen"},"content":{"rendered":"<p>VASAGLE:n suunnittelijat ovat luoneet kokonaisen sarjan kylpyhuonekalusteita, joiden avulla voit tuoda kylpyhuoneeseesi raikkaan ja rauhallisen ilmeen. Unohda huolet, lataa akkusi ja aloita tai p\u00e4\u00e4t\u00e4 p\u00e4iv\u00e4si positiivisella mielell\u00e4.  Mitk\u00e4 ovat t\u00e4m\u00e4n s\u00e4ilytyskaapin edut? &#8211; Kaapin oven takana oleva hylly on 5-portaisesti korkeuss\u00e4\u00e4dett\u00e4v\u00e4, joten voit s\u00e4ilytt\u00e4\u00e4 siin\u00e4 erikokoisia hygieniatuotteita. &#8211; Kaapin ovessa on kromattu metallinen nuppi, joten oven avaaminen ja sulkeminen on helppoa. &#8211; Valkoinen kaappi tuo yksinkertaisella siluetillaan raikkautta ja eleganssia kylpyhuoneeseesi. &#8211; T\u00e4m\u00e4 kaappi sopii paitsi kylpyhuoneeseesi my\u00f6s olohuoneeseesi. Voit ripustaa sen my\u00f6s eteiseen avainten, laukkujen, hattujen jne. s\u00e4ilytt\u00e4mist\u00e4 varten. Moderni kylpyhuone ansaitsee t\u00e4m\u00e4n kylpyhuonekaapin! Tutustu my\u00f6s muihin VASAGLE-kylpyhuonekalusteisiin, jotta voit luoda yhten\u00e4isen tyylin kylpyhuoneeseesi. Tuotetiedot: &#8211; V\u00e4ri: valkoinen &#8211; Materiaali: MDF (keskitihe\u00e4 kuitulevy) &#8211; Koko: 40 x 16 x 60 cm (P x L x K) &#8211; Paino: 5,3 kg &#8211; Maks. staattinen kantavuus: 10 kg &#8211; Maks. staattinen kantavuus hylly\u00e4 kohti: 5 kg Toimitus sis\u00e4lt\u00e4\u00e4: &#8211; 1 x sein\u00e4kaappi &#8211; 1 x tarvikepussi &#8211; 1 x ohjeet (DE, EN, FR, ES, IT) VASAGLE-ohjeet:- Kokoa tuote tarkasti ohjeiden mukaisesti. &#8211; T\u00e4m\u00e4 huonekalu on tarkoitettu sein\u00e4lle asennettavaksi. &#8211; Asenna tuote paikkaan, jossa se ei p\u00e4\u00e4se kosketuksiin vesisuihkujen kanssa. &#8211; Tekstiss\u00e4 mainittu maks. kantavuus viittaa staattiseen maksimipainoon.<\/p>\n","protected":false},"excerpt":{"rendered":"<p>VASAGLE sein\u00e4kaappi, kylpyhuonekaappi, l\u00e4\u00e4kekaappi korkeuss\u00e4\u00e4dett\u00e4v\u00e4ll\u00e4 hyllyll\u00e4, kylpyhuonekaappi ovella, 40 x 16 x 60 cm, puu, valkoinen BBC24WT<\/p>\n","protected":false},"featured_media":38938,"comment_status":"open","ping_status":"closed","template":"","meta":[],"product_brand":[],"product_cat":[32],"product_tag":[],"class_list":{"0":"post-29473","1":"product","2":"type-product","3":"status-publish","4":"has-post-thumbnail","6":"product_cat-uncategorized-fi","8":"first","9":"instock","10":"shipping-taxable","11":"purchasable","12":"product-type-simple"},"_links":{"self":[{"href":"https:\/\/nordicmart.andreevmaster.com\/fi\/wp-json\/wp\/v2\/product\/29473","targetHints":{"allow":["GET"]}}],"collection":[{"href":"https:\/\/nordicmart.andreevmaster.com\/fi\/wp-json\/wp\/v2\/product"}],"about":[{"href":"https:\/\/nordicmart.andreevmaster.com\/fi\/wp-json\/wp\/v2\/types\/product"}],"replies":[{"embeddable":true,"href":"https:\/\/nordicmart.andreevmaster.com\/fi\/wp-json\/wp\/v2\/comments?post=29473"}],"wp:featuredmedia":[{"embeddable":true,"href":"https:\/\/nordicmart.andreevmaster.com\/fi\/wp-json\/wp\/v2\/media\/38938"}],"wp:attachment":[{"href":"https:\/\/nordicmart.andreevmaster.com\/fi\/wp-json\/wp\/v2\/media?parent=29473"}],"wp:term":[{"taxonomy":"product_brand","embeddable":true,"href":"https:\/\/nordicmart.andreevmaster.com\/fi\/wp-json\/wp\/v2\/product_brand?post=29473"},{"taxonomy":"product_cat","embeddable":true,"href":"https:\/\/nordicmart.andreevmaster.com\/fi\/wp-json\/wp\/v2\/product_cat?post=29473"},{"taxonomy":"product_tag","embeddable":true,"href":"https:\/\/nordicmart.andreevmaster.com\/fi\/wp-json\/wp\/v2\/product_tag?post=29473"}],"curies":[{"name":"wp","href":"https:\/\/api.w.org\/{rel}","templated":true}]}}