{"id":29472,"date":"2026-02-27T00:06:57","date_gmt":"2026-02-27T00:06:57","guid":{"rendered":"https:\/\/nordicmart.andreevmaster.com\/product\/vasagle-peilikaappi-kylpyhuoneeseen-ripustettava\/"},"modified":"2026-02-27T09:31:20","modified_gmt":"2026-02-27T09:31:20","slug":"vasagle-peilikaappi-kylpyhuoneeseen-ripustettava","status":"publish","type":"product","link":"https:\/\/nordicmart.andreevmaster.com\/fi\/tuote\/vasagle-peilikaappi-kylpyhuoneeseen-ripustettava\/","title":{"rendered":"VASAGLE peilikaappi kylpyhuoneeseen, ripustettava"},"content":{"rendered":"<p>VASAGLE:n suunnittelijat ovat luoneet kokonaisen sarjan kylpyhuonekalusteita, joiden avulla voit tuoda kylpyhuoneeseesi raikkaan ja rauhallisen ilmeen. Unohda kaikki huolet, lataa akkusi ja aloita tai p\u00e4\u00e4t\u00e4 p\u00e4iv\u00e4si positiivisella mielell\u00e4. Mitk\u00e4 ovat t\u00e4m\u00e4n kylpyhuonekaapin edut? &#8211; Avoimien hyllyjen ansiosta voit s\u00e4ilytt\u00e4\u00e4 tavaroitasi selke\u00e4sti ja p\u00e4\u00e4st\u00e4 helposti ja nopeasti k\u00e4siksi tarvitsemiisi hygieniatuotteisiin. &#8211; Kaapin oven takana oleva hylly on 3-portaisesti korkeuss\u00e4\u00e4dett\u00e4v\u00e4, joten voit s\u00e4ilytt\u00e4\u00e4 siin\u00e4 erikokoisia hygieniatuotteita. &#8211; Kaapin ovessa on kromattu metallinen nuppi, jonka avulla oven avaaminen ja sulkeminen on helppoa. &#8211; Valkoinen kaappi tuo yksinkertaisella siluetillaan raikkautta ja eleganssia kylpyhuoneeseesi. &#8211; T\u00e4m\u00e4 kaappi sopii paitsi kylpyhuoneeseesi my\u00f6s olohuoneeseesi. Voit ripustaa sen my\u00f6s eteiseen avainten, laukkujen, hattujen jne. s\u00e4ilytt\u00e4mist\u00e4 varten. Moderni kylpyhuone ansaitsee t\u00e4m\u00e4n kylpyhuonekaapin! Tutustu my\u00f6s muihin VASAGLE-kylpyhuonekalusteisiin, jotta voit luoda yhten\u00e4isen tyylin kylpyhuoneeseesi. Tuotetiedot: &#8211; V\u00e4ri: valkoinen &#8211; Materiaali: MDF (keskitihe\u00e4 kuitulevy), lasi &#8211; Koko: 60 x 18 x 64 cm (P x L x K) &#8211; Paino: 8,9 kg &#8211; Maks. staattinen kantavuus: 15 kg &#8211; Maks. staattinen kantavuus hylly\u00e4 kohti: 5 kg Toimitus sis\u00e4lt\u00e4\u00e4: &#8211; 1 x peilikaappi &#8211; 1 x tarvikepussi &#8211; 1 x ohjeet (DE, EN, FR, ES, IT) VASAGLE-ohjeet: &#8211; Asenna tuote tarkasti ohjeiden mukaisesti. &#8211; T\u00e4m\u00e4 huonekalu on tarkoitettu sein\u00e4lle asennettavaksi. &#8211; Asenna tuote paikkaan, jossa se ei voi joutua kosketuksiin vesisuihkujen kanssa. &#8211; Tekstiss\u00e4 mainittu maks. kantavuus viittaa staattiseen maksimipainoon.<\/p>\n","protected":false},"excerpt":{"rendered":"<p>VASAGLE peilikaappi kylpyhuoneeseen, kylpyhuonekaappi, sein\u00e4kaappi korkeuss\u00e4\u00e4dett\u00e4v\u00e4ll\u00e4 hyllyll\u00e4, kylpyhuonekaappi 3 avoimella lokerolla, 60 x 18 x 64 cm, puu, valkoinen BBC23WT<\/p>\n","protected":false},"featured_media":38937,"comment_status":"open","ping_status":"closed","template":"","meta":[],"product_brand":[],"product_cat":[32],"product_tag":[],"class_list":{"0":"post-29472","1":"product","2":"type-product","3":"status-publish","4":"has-post-thumbnail","6":"product_cat-uncategorized-fi","8":"first","9":"instock","10":"shipping-taxable","11":"purchasable","12":"product-type-simple"},"_links":{"self":[{"href":"https:\/\/nordicmart.andreevmaster.com\/fi\/wp-json\/wp\/v2\/product\/29472","targetHints":{"allow":["GET"]}}],"collection":[{"href":"https:\/\/nordicmart.andreevmaster.com\/fi\/wp-json\/wp\/v2\/product"}],"about":[{"href":"https:\/\/nordicmart.andreevmaster.com\/fi\/wp-json\/wp\/v2\/types\/product"}],"replies":[{"embeddable":true,"href":"https:\/\/nordicmart.andreevmaster.com\/fi\/wp-json\/wp\/v2\/comments?post=29472"}],"wp:featuredmedia":[{"embeddable":true,"href":"https:\/\/nordicmart.andreevmaster.com\/fi\/wp-json\/wp\/v2\/media\/38937"}],"wp:attachment":[{"href":"https:\/\/nordicmart.andreevmaster.com\/fi\/wp-json\/wp\/v2\/media?parent=29472"}],"wp:term":[{"taxonomy":"product_brand","embeddable":true,"href":"https:\/\/nordicmart.andreevmaster.com\/fi\/wp-json\/wp\/v2\/product_brand?post=29472"},{"taxonomy":"product_cat","embeddable":true,"href":"https:\/\/nordicmart.andreevmaster.com\/fi\/wp-json\/wp\/v2\/product_cat?post=29472"},{"taxonomy":"product_tag","embeddable":true,"href":"https:\/\/nordicmart.andreevmaster.com\/fi\/wp-json\/wp\/v2\/product_tag?post=29472"}],"curies":[{"name":"wp","href":"https:\/\/api.w.org\/{rel}","templated":true}]}}