{"id":29471,"date":"2026-02-27T00:06:57","date_gmt":"2026-02-27T00:06:57","guid":{"rendered":"https:\/\/nordicmart.andreevmaster.com\/product\/vasagle-ripustettava-kaappi-pyyhetangolla\/"},"modified":"2026-02-27T09:31:19","modified_gmt":"2026-02-27T09:31:19","slug":"vasagle-ripustettava-kaappi-pyyhetangolla","status":"publish","type":"product","link":"https:\/\/nordicmart.andreevmaster.com\/fi\/tuote\/vasagle-ripustettava-kaappi-pyyhetangolla\/","title":{"rendered":"VASAGLE ripustettava kaappi pyyhetangolla"},"content":{"rendered":"<p>Oletko aina \u00e4rtynyt kylpyhuoneen, olohuoneen tai eteisen kaaoksesta? VASAGLE:n ripustettava kaappi on k\u00e4yt\u00e4nn\u00f6llinen apuv\u00e4line sinulle.  Sisustuksen koriste-elementti Valkoiseksi lakattu kaappi on tyylik\u00e4s ja vieh\u00e4tt\u00e4v\u00e4 maalaistyyliin sopiva sisustuselementti, joka toimii paitsi huonekaluna my\u00f6s kodin koristeena. Huolellisesti suunniteltu 180\u00b0 k\u00e4\u00e4ntyv\u00e4 ovi on varustettu kromatulla metallikahvalla, joka helpottaa sen k\u00e4ytt\u00f6\u00e4. Kolmeen asentoon s\u00e4\u00e4dett\u00e4v\u00e4n hyllyn avulla oven takana oleva suljettu s\u00e4ilytystila voidaan jakaa tarpeen mukaan. N\u00e4in voit s\u00e4ilytt\u00e4\u00e4 siell\u00e4 erilaisia esineit\u00e4 ja suojata ne p\u00f6lylt\u00e4, vedelt\u00e4 ja uteliailta katseilta. Alemman osan tanko tarjoaa tilaa p\u00e4ivitt\u00e4in k\u00e4ytt\u00e4millesi pyyhkeille. VASAGLE on sitoutunut tarjoamaan korkealaatuisia huonekaluja, jotka luovat kodikkaan ja viihtyis\u00e4n ilmapiirin kotiisi. Tuotetiedot: &#8211; V\u00e4ri: valkoinen &#8211; Materiaali: MDF-levyt  &#8211; Mitat: 48 x 65 x 16 cm (L x K x S) &#8211; Paino: 6,6 kg Toimitus sis\u00e4lt\u00e4\u00e4: &#8211; 1 x sein\u00e4kaappi &#8211; 1 x tarvikepussi &#8211; 1 x ohjeet (DE, EN, IT, FR, ES)<\/p>\n","protected":false},"excerpt":{"rendered":"<p>VASAGLE sein\u00e4kaappi, ripustettava kaappi pyyhetangolla ja s\u00e4\u00e4dett\u00e4v\u00e4ll\u00e4 hyllyll\u00e4, maalaistyyliin sopiva l\u00e4\u00e4kekaappi, puinen kylpyhuonekaappi, valkoinen, 48 x 65 x 16 cm (L x K x S) BBC22WT<\/p>\n","protected":false},"featured_media":38936,"comment_status":"open","ping_status":"closed","template":"","meta":[],"product_brand":[],"product_cat":[32],"product_tag":[],"class_list":{"0":"post-29471","1":"product","2":"type-product","3":"status-publish","4":"has-post-thumbnail","6":"product_cat-uncategorized-fi","8":"first","9":"instock","10":"shipping-taxable","11":"purchasable","12":"product-type-simple"},"_links":{"self":[{"href":"https:\/\/nordicmart.andreevmaster.com\/fi\/wp-json\/wp\/v2\/product\/29471","targetHints":{"allow":["GET"]}}],"collection":[{"href":"https:\/\/nordicmart.andreevmaster.com\/fi\/wp-json\/wp\/v2\/product"}],"about":[{"href":"https:\/\/nordicmart.andreevmaster.com\/fi\/wp-json\/wp\/v2\/types\/product"}],"replies":[{"embeddable":true,"href":"https:\/\/nordicmart.andreevmaster.com\/fi\/wp-json\/wp\/v2\/comments?post=29471"}],"wp:featuredmedia":[{"embeddable":true,"href":"https:\/\/nordicmart.andreevmaster.com\/fi\/wp-json\/wp\/v2\/media\/38936"}],"wp:attachment":[{"href":"https:\/\/nordicmart.andreevmaster.com\/fi\/wp-json\/wp\/v2\/media?parent=29471"}],"wp:term":[{"taxonomy":"product_brand","embeddable":true,"href":"https:\/\/nordicmart.andreevmaster.com\/fi\/wp-json\/wp\/v2\/product_brand?post=29471"},{"taxonomy":"product_cat","embeddable":true,"href":"https:\/\/nordicmart.andreevmaster.com\/fi\/wp-json\/wp\/v2\/product_cat?post=29471"},{"taxonomy":"product_tag","embeddable":true,"href":"https:\/\/nordicmart.andreevmaster.com\/fi\/wp-json\/wp\/v2\/product_tag?post=29471"}],"curies":[{"name":"wp","href":"https:\/\/api.w.org\/{rel}","templated":true}]}}