{"id":29470,"date":"2026-02-27T00:06:57","date_gmt":"2026-02-27T00:06:57","guid":{"rendered":"https:\/\/nordicmart.andreevmaster.com\/product\/vasagle-peilikaappi-kylpyhuoneeseen\/"},"modified":"2026-02-27T09:31:19","modified_gmt":"2026-02-27T09:31:19","slug":"vasagle-peilikaappi-kylpyhuoneeseen","status":"publish","type":"product","link":"https:\/\/nordicmart.andreevmaster.com\/fi\/tuote\/vasagle-peilikaappi-kylpyhuoneeseen\/","title":{"rendered":"VASAGLE peilikaappi kylpyhuoneeseen"},"content":{"rendered":"<p>Oletko aina \u00e4rtynyt kylpyhuoneen, olohuoneen tai eteisen kaaoksesta? VASAGLE:n ripustettava kaappi on k\u00e4yt\u00e4nn\u00f6llinen apuv\u00e4line sinulle.  Koristeellinen elementti asunnossasi Valkoiseksi lakattu kaappi on maalaistyyliin elegantti ja vieh\u00e4tt\u00e4v\u00e4, eik\u00e4 se ole vain huonekalu, vaan my\u00f6s kodin koriste. Huolellisesti suunniteltu 180\u00b0 k\u00e4\u00e4ntyv\u00e4 ovi on varustettu kromatulla metallikahvalla, joka helpottaa sen k\u00e4ytt\u00f6\u00e4. Kolmeen asentoon s\u00e4\u00e4dett\u00e4v\u00e4n hyllyn ansiosta oven takana oleva suljettu s\u00e4ilytystila voidaan jakaa tarpeen mukaan. N\u00e4in voit s\u00e4ilytt\u00e4\u00e4 siell\u00e4 erilaisia esineit\u00e4 ja suojata ne p\u00f6lylt\u00e4, vedelt\u00e4 ja uteliailta katseilta. Avoin lokero alaosassa tarjoaa tilaa p\u00e4ivitt\u00e4in k\u00e4ytt\u00e4millesi tavaroille.  VASAGLE on sitoutunut tarjoamaan korkealaatuisia huonekaluja, jotka luovat kodikkaan ja viihtyis\u00e4n ilmapiirin kotiisi. Tuotetiedot: &#8211; V\u00e4ri: valkoinen &#8211; Materiaali: MDF-levyt  &#8211; Mitat: 48 x 65 x 16 cm (L x K x S) &#8211; Paino: 7 kg Toimitus sis\u00e4lt\u00e4\u00e4: &#8211; 1 x peilikaappi &#8211; 1 x tarvikepussi &#8211; 1 x ohjeet (DE, EN, IT, FR, ES)<\/p>\n","protected":false},"excerpt":{"rendered":"<p>VASAGLE peilikaappi, sein\u00e4kaappi s\u00e4\u00e4dett\u00e4v\u00e4ll\u00e4 hyllyll\u00e4, maalaistyyliin sisustettu l\u00e4\u00e4kekaappi, puinen kylpyhuonekaappi, valkoinen, 48 x 65 x 16 cm (L x K x S), BBC21WT<\/p>\n","protected":false},"featured_media":38935,"comment_status":"open","ping_status":"closed","template":"","meta":[],"product_brand":[],"product_cat":[32],"product_tag":[],"class_list":{"0":"post-29470","1":"product","2":"type-product","3":"status-publish","4":"has-post-thumbnail","6":"product_cat-uncategorized-fi","8":"first","9":"instock","10":"shipping-taxable","11":"purchasable","12":"product-type-simple"},"_links":{"self":[{"href":"https:\/\/nordicmart.andreevmaster.com\/fi\/wp-json\/wp\/v2\/product\/29470","targetHints":{"allow":["GET"]}}],"collection":[{"href":"https:\/\/nordicmart.andreevmaster.com\/fi\/wp-json\/wp\/v2\/product"}],"about":[{"href":"https:\/\/nordicmart.andreevmaster.com\/fi\/wp-json\/wp\/v2\/types\/product"}],"replies":[{"embeddable":true,"href":"https:\/\/nordicmart.andreevmaster.com\/fi\/wp-json\/wp\/v2\/comments?post=29470"}],"wp:featuredmedia":[{"embeddable":true,"href":"https:\/\/nordicmart.andreevmaster.com\/fi\/wp-json\/wp\/v2\/media\/38935"}],"wp:attachment":[{"href":"https:\/\/nordicmart.andreevmaster.com\/fi\/wp-json\/wp\/v2\/media?parent=29470"}],"wp:term":[{"taxonomy":"product_brand","embeddable":true,"href":"https:\/\/nordicmart.andreevmaster.com\/fi\/wp-json\/wp\/v2\/product_brand?post=29470"},{"taxonomy":"product_cat","embeddable":true,"href":"https:\/\/nordicmart.andreevmaster.com\/fi\/wp-json\/wp\/v2\/product_cat?post=29470"},{"taxonomy":"product_tag","embeddable":true,"href":"https:\/\/nordicmart.andreevmaster.com\/fi\/wp-json\/wp\/v2\/product_tag?post=29470"}],"curies":[{"name":"wp","href":"https:\/\/api.w.org\/{rel}","templated":true}]}}