{"id":29469,"date":"2026-02-27T00:06:57","date_gmt":"2026-02-27T00:06:57","guid":{"rendered":"https:\/\/nordicmart.andreevmaster.com\/product\/vasagle-seinakaappi-kylpyhuoneeseen\/"},"modified":"2026-02-27T09:31:19","modified_gmt":"2026-02-27T09:31:19","slug":"vasagle-seinakaappi-kylpyhuoneeseen","status":"publish","type":"product","link":"https:\/\/nordicmart.andreevmaster.com\/fi\/tuote\/vasagle-seinakaappi-kylpyhuoneeseen\/","title":{"rendered":"VASAGLE sein\u00e4kaappi kylpyhuoneeseen"},"content":{"rendered":"<p>Oletko edelleen \u00e4rtynyt siit\u00e4, ett\u00e4 kylpyhuoneessa ei ole koskaan tarpeeksi tilaa meikeillesi ja meikkitarvikkeillesi? VASAGLE-ripustettavan kaapin avulla voit hy\u00f6dynt\u00e4\u00e4 korkeuden optimaalisesti ja luoda ylim\u00e4\u00e4r\u00e4ist\u00e4 s\u00e4ilytystilaa. Kaikki p\u00e4ivitt\u00e4iset tarvikkeet voidaan helposti s\u00e4ilytt\u00e4\u00e4 kylpyhuoneessa, mik\u00e4 on todellinen tilan s\u00e4\u00e4st\u00f6 kotona.Laadukkaat MDF-levyt takaavat t\u00e4ydellisen vakauden ja pitk\u00e4n k\u00e4ytt\u00f6i\u00e4n, jopa kosteissa tiloissa. Valkoisella lakalla k\u00e4sitelty pinta on helppo puhdistaa, mik\u00e4 helpottaa kotit\u00f6it\u00e4. Moderni ja tyylik\u00e4s ulkon\u00e4k\u00f6 tekee t\u00e4st\u00e4 kaapista katseenvangitsijan. VASAGLE on sitoutunut tarjoamaan korkealaatuisia huonekaluja, jotka luovat kodikkaan ja viihtyis\u00e4n ilmapiirin kotiisi. VASAGLE:n avulla asuminen on rentouttavaa! Tuotetiedot: &#8211; V\u00e4ri: valkoinen &#8211; Materiaali: MDF-levy &#8211; Mitat: 60 x 71 x 18 cm (L x K x S) &#8211; Vasemman lokeron mitat: 26 x 68 x 15 cm (L x K x S) &#8211; Kunkin oikean lokeron mitat: 26 x 21,8 x 15 cm (L x K x S) &#8211; Kahden kiinnitysrei\u00e4n v\u00e4linen et\u00e4isyys takapuolella: 33,5 cm &#8211; Nettopaino: 9,52 kg &#8211; Bruttopaino: 10,5 kg Toimitus sis\u00e4lt\u00e4\u00e4:- 1 x sein\u00e4kaappi &#8211; 1 x ohjeet (DE, EN, IT, FR, ES) &#8211; 1 x lis\u00e4varustepussi Huomautus: &#8211; Sein\u00e4n rakenteesta riippuen tarvitset erilaisia tulppia ja ruuveja, esimerkiksi kipsisein\u00e4\u00e4n sopivia tulppia ja ruuveja on erilaiset kuin tiilisein\u00e4\u00e4n sopivia. Kysy lis\u00e4tietoja rautakaupan ammattilaisilta.<\/p>\n","protected":false},"excerpt":{"rendered":"<p>VASAGLE Pieni kaappi Ripustettava kaappi Sein\u00e4kaappi Kylpyhuonekaappi Keitti\u00f6kaappi Hylly S\u00e4ilytyslaatikko ovella ja hyllyll\u00e4 valkoinen 60 x 71 x 18 cm (L x K x S) BBC20WT<\/p>\n","protected":false},"featured_media":38934,"comment_status":"open","ping_status":"closed","template":"","meta":[],"product_brand":[],"product_cat":[32],"product_tag":[],"class_list":{"0":"post-29469","1":"product","2":"type-product","3":"status-publish","4":"has-post-thumbnail","6":"product_cat-uncategorized-fi","8":"first","9":"instock","10":"shipping-taxable","11":"purchasable","12":"product-type-simple"},"_links":{"self":[{"href":"https:\/\/nordicmart.andreevmaster.com\/fi\/wp-json\/wp\/v2\/product\/29469","targetHints":{"allow":["GET"]}}],"collection":[{"href":"https:\/\/nordicmart.andreevmaster.com\/fi\/wp-json\/wp\/v2\/product"}],"about":[{"href":"https:\/\/nordicmart.andreevmaster.com\/fi\/wp-json\/wp\/v2\/types\/product"}],"replies":[{"embeddable":true,"href":"https:\/\/nordicmart.andreevmaster.com\/fi\/wp-json\/wp\/v2\/comments?post=29469"}],"wp:featuredmedia":[{"embeddable":true,"href":"https:\/\/nordicmart.andreevmaster.com\/fi\/wp-json\/wp\/v2\/media\/38934"}],"wp:attachment":[{"href":"https:\/\/nordicmart.andreevmaster.com\/fi\/wp-json\/wp\/v2\/media?parent=29469"}],"wp:term":[{"taxonomy":"product_brand","embeddable":true,"href":"https:\/\/nordicmart.andreevmaster.com\/fi\/wp-json\/wp\/v2\/product_brand?post=29469"},{"taxonomy":"product_cat","embeddable":true,"href":"https:\/\/nordicmart.andreevmaster.com\/fi\/wp-json\/wp\/v2\/product_cat?post=29469"},{"taxonomy":"product_tag","embeddable":true,"href":"https:\/\/nordicmart.andreevmaster.com\/fi\/wp-json\/wp\/v2\/product_tag?post=29469"}],"curies":[{"name":"wp","href":"https:\/\/api.w.org\/{rel}","templated":true}]}}