{"id":29468,"date":"2026-02-27T00:06:56","date_gmt":"2026-02-27T00:06:56","guid":{"rendered":"https:\/\/nordicmart.andreevmaster.com\/product\/vasagle-kylpyhuoneen-kaappi-laatikolla\/"},"modified":"2026-02-27T09:31:19","modified_gmt":"2026-02-27T09:31:19","slug":"vasagle-kylpyhuoneen-kaappi-laatikolla","status":"publish","type":"product","link":"https:\/\/nordicmart.andreevmaster.com\/fi\/tuote\/vasagle-kylpyhuoneen-kaappi-laatikolla\/","title":{"rendered":"VASAGLE kylpyhuoneen kaappi laatikolla"},"content":{"rendered":"<p>VASAGLE tarjoaa sinulle valikoiman kylpyhuonekalusteita, jotka luovat rauhallisen ja rentouttavan ilmapiirin, jossa voit vapauttaa mielesi huolista, ladata akkujasi ja aloittaa tai p\u00e4\u00e4tt\u00e4\u00e4 p\u00e4iv\u00e4n positiivisella mielell\u00e4.T\u00e4m\u00e4n s\u00e4ilytyskaapin kohokohdat: &#8211; Yksi laatikko, 2 kaapinovea ja 3 avointa lokeroa &#8211; T\u00e4m\u00e4 kaappi tarjoaa useita s\u00e4ilytysmahdollisuuksia erikokoisille esineille. &#8211; Kolmen kromatun metallikahvan ansiosta laatikon ja kaapin ovet on helppo avata ja sulkea. &#8211; T\u00e4m\u00e4 yksinkertainen kaappi tuo raikkautta ja eleganssia kylpyhuoneeseesi. &#8211; T\u00e4m\u00e4 kaappi sopii paitsi kylpyhuoneeseen my\u00f6s olohuoneeseen sivukaapiksi, keitti\u00f6\u00f6n tai eteiseen s\u00e4ilytt\u00e4m\u00e4\u00e4n esineit\u00e4, joita tarvitset ennen kuin l\u00e4hdet kotoa. &#8211; Korkealaatuisista materiaaleista valmistettu kaappi kest\u00e4\u00e4 jopa 20 kg:n painon. &#8211; Kaatumisenesto takaa turvallisen k\u00e4yt\u00f6n. Luo hyvin suojattu ymp\u00e4rist\u00f6 itsellesi ja perheellesi. Tuotetiedot: &#8211; V\u00e4ri: mattavalkoinen &#8211; Materiaali: E1-luokan MDF (keskitihe\u00e4 kuitulevy) &#8211; Koko: 75 x 30 x 80 cm (P x L x K) &#8211; Paino: 15,4 kg &#8211; Maks. staattinen kokonaiskuormitus: 20 kg Toimitus sis\u00e4lt\u00e4\u00e4: &#8211; 1 x kylpyhuoneen kaappi &#8211; 1 x kaatumissuoja &#8211; 1 x lis\u00e4varustepaketti &#8211; 1 x ohjeet (DE, EN, FR, ES, IT) VASAGLE Huomautukset:- Turvallisuussyist\u00e4 lapset eiv\u00e4t saa kiivet\u00e4 tuotteen p\u00e4\u00e4lle tai leikki\u00e4 sill\u00e4. &#8211; Tuotteen suurin staattinen kantavuus on 20 kg. \u00c4l\u00e4 ylit\u00e4 t\u00e4t\u00e4 enimm\u00e4ispainoa. &#8211; Kiinnit\u00e4 t\u00e4m\u00e4 tuote sein\u00e4\u00e4n mukana toimitetulla kaatumissuojalla turvallisen k\u00e4yt\u00f6n varmistamiseksi.<\/p>\n","protected":false},"excerpt":{"rendered":"<p>VASAGLE kylpyhuonekaappi, kylpyhuonekaappi laatikolla, s\u00e4ilytyskaappi, s\u00e4\u00e4dett\u00e4v\u00e4 hyllytaso, 2 ovella, 75 x 30 x 80 cm, skandinaavinen tyyli, mattavalkoinen BBC142W01<\/p>\n","protected":false},"featured_media":38933,"comment_status":"open","ping_status":"closed","template":"","meta":[],"product_brand":[],"product_cat":[32],"product_tag":[],"class_list":{"0":"post-29468","1":"product","2":"type-product","3":"status-publish","4":"has-post-thumbnail","6":"product_cat-uncategorized-fi","8":"first","9":"instock","10":"shipping-taxable","11":"purchasable","12":"product-type-simple"},"_links":{"self":[{"href":"https:\/\/nordicmart.andreevmaster.com\/fi\/wp-json\/wp\/v2\/product\/29468","targetHints":{"allow":["GET"]}}],"collection":[{"href":"https:\/\/nordicmart.andreevmaster.com\/fi\/wp-json\/wp\/v2\/product"}],"about":[{"href":"https:\/\/nordicmart.andreevmaster.com\/fi\/wp-json\/wp\/v2\/types\/product"}],"replies":[{"embeddable":true,"href":"https:\/\/nordicmart.andreevmaster.com\/fi\/wp-json\/wp\/v2\/comments?post=29468"}],"wp:featuredmedia":[{"embeddable":true,"href":"https:\/\/nordicmart.andreevmaster.com\/fi\/wp-json\/wp\/v2\/media\/38933"}],"wp:attachment":[{"href":"https:\/\/nordicmart.andreevmaster.com\/fi\/wp-json\/wp\/v2\/media?parent=29468"}],"wp:term":[{"taxonomy":"product_brand","embeddable":true,"href":"https:\/\/nordicmart.andreevmaster.com\/fi\/wp-json\/wp\/v2\/product_brand?post=29468"},{"taxonomy":"product_cat","embeddable":true,"href":"https:\/\/nordicmart.andreevmaster.com\/fi\/wp-json\/wp\/v2\/product_cat?post=29468"},{"taxonomy":"product_tag","embeddable":true,"href":"https:\/\/nordicmart.andreevmaster.com\/fi\/wp-json\/wp\/v2\/product_tag?post=29468"}],"curies":[{"name":"wp","href":"https:\/\/api.w.org\/{rel}","templated":true}]}}