{"id":29465,"date":"2026-02-27T00:06:56","date_gmt":"2026-02-27T00:06:56","guid":{"rendered":"https:\/\/nordicmart.andreevmaster.com\/product\/vasagle-korkea-kylpyhuoneen-kaappi-maalaistyyliin\/"},"modified":"2026-02-27T09:31:19","modified_gmt":"2026-02-27T09:31:19","slug":"vasagle-korkea-kylpyhuoneen-kaappi-maalaistyyliin","status":"publish","type":"product","link":"https:\/\/nordicmart.andreevmaster.com\/fi\/tuote\/vasagle-korkea-kylpyhuoneen-kaappi-maalaistyyliin\/","title":{"rendered":"VASAGLE korkea kylpyhuoneen kaappi maalaistyyliin"},"content":{"rendered":"<p>VASAGLE korkea kaappi, kylpyhuonekaappi, kylpyhuonetarvikkeiden s\u00e4ilytys, 2 laatikolla ja 3 avoimella hyllyll\u00e4, 30 x 30 x 141,5 cm, kylpyhuone, olohuone, keitti\u00f6, valkoinen BBC66WT<br \/>\nV\u00e4ri: mets\u00e4nvihre\u00e4<br \/>\nMateriaali: MDF (keskitihe\u00e4 kuitulevy)<br \/>\nKoko: 30 x 30 x 141,5 cm (S x L x K)<br \/>\nPaino: 13,1 kg<br \/>\nKannen maks. staattinen kantavuus: 18 kg<br \/>\nAvoimen lokeron maks. staattinen kantavuus: 9 kg<br \/>\nLaatikkon enimm\u00e4iskantavuus: 4,5 kg<\/p>\n","protected":false},"excerpt":{"rendered":"<p>VASAGLE korkea kaappi, kylpyhuonekaappi, kylpyhuonetarvikkeiden s\u00e4ilytys, 2 laatikolla ja 3 avoimella hyllyll\u00e4, 30 x 30 x 141,5 cm, kylpyhuone, olohuone, keitti\u00f6, valkoinen BBC66WT<\/p>\n","protected":false},"featured_media":0,"comment_status":"open","ping_status":"closed","template":"","meta":[],"product_brand":[],"product_cat":[32],"product_tag":[],"class_list":{"0":"post-29465","1":"product","2":"type-product","3":"status-publish","5":"product_cat-uncategorized-fi","7":"first","8":"instock","9":"shipping-taxable","10":"purchasable","11":"product-type-simple"},"_links":{"self":[{"href":"https:\/\/nordicmart.andreevmaster.com\/fi\/wp-json\/wp\/v2\/product\/29465","targetHints":{"allow":["GET"]}}],"collection":[{"href":"https:\/\/nordicmart.andreevmaster.com\/fi\/wp-json\/wp\/v2\/product"}],"about":[{"href":"https:\/\/nordicmart.andreevmaster.com\/fi\/wp-json\/wp\/v2\/types\/product"}],"replies":[{"embeddable":true,"href":"https:\/\/nordicmart.andreevmaster.com\/fi\/wp-json\/wp\/v2\/comments?post=29465"}],"wp:attachment":[{"href":"https:\/\/nordicmart.andreevmaster.com\/fi\/wp-json\/wp\/v2\/media?parent=29465"}],"wp:term":[{"taxonomy":"product_brand","embeddable":true,"href":"https:\/\/nordicmart.andreevmaster.com\/fi\/wp-json\/wp\/v2\/product_brand?post=29465"},{"taxonomy":"product_cat","embeddable":true,"href":"https:\/\/nordicmart.andreevmaster.com\/fi\/wp-json\/wp\/v2\/product_cat?post=29465"},{"taxonomy":"product_tag","embeddable":true,"href":"https:\/\/nordicmart.andreevmaster.com\/fi\/wp-json\/wp\/v2\/product_tag?post=29465"}],"curies":[{"name":"wp","href":"https:\/\/api.w.org\/{rel}","templated":true}]}}