{"id":29463,"date":"2026-02-27T00:06:55","date_gmt":"2026-02-27T00:06:55","guid":{"rendered":"https:\/\/nordicmart.andreevmaster.com\/product\/vasagle-pesualtaan-alakaappi-marmorimainen\/"},"modified":"2026-02-27T09:31:18","modified_gmt":"2026-02-27T09:31:18","slug":"vasagle-pesualtaan-alakaappi-marmorimainen","status":"publish","type":"product","link":"https:\/\/nordicmart.andreevmaster.com\/fi\/tuote\/vasagle-pesualtaan-alakaappi-marmorimainen\/","title":{"rendered":"VASAGLE pesualtaan alakaappi marmorimainen"},"content":{"rendered":"<p>Puuttuuko sinulta viel\u00e4 k\u00e4yt\u00e4nn\u00f6llinen s\u00e4ilytyskaappi kylpyhuonetarvikkeille? Eiv\u00e4tk\u00f6 tyls\u00e4t kylpyhuonekalusteet her\u00e4t\u00e4 kiinnostustasi? Sitten sinun kannattaa tutustua t\u00e4h\u00e4n VASAGLE-kylpyhuonekaappiin.Paranna kylpyhuoneesi ilmett\u00e4 Marmorimainen painokuvio antaa kylpyhuoneellesi tyylikk\u00e4\u00e4n ilmeen, kaapin ovien kolmionmuotoiset kahvat ovat ainutlaatuiset ja valkoinen s\u00e4vy tuo kylpyhuoneeseesi raikkautta. N\u00e4iden elementtien yhdistelm\u00e4 luo yst\u00e4v\u00e4llisen ilmapiirin, jossa voit rentoutua ja ker\u00e4t\u00e4 uusia voimia. Ei en\u00e4\u00e4 kaaosta kylpyhuoneessa!Voit sijoittaa usein k\u00e4ytetyt kylpyhuonetarvikkeet, kuten hammasharjat, kammat tai voiteet, k\u00e4den ulottuville avoimeen lokeroon. Shampoo-, suihkugeelipullot ja wc-paperi \u2013 olivatpa ne suuria tai pieni\u00e4 \u2013 voidaan s\u00e4ilytt\u00e4\u00e4 kaapin ovien takana, jolloin ne pysyv\u00e4t aina poissa n\u00e4kyvist\u00e4. Jos pid\u00e4t t\u00e4st\u00e4 pesuallaskaapista, tutustu my\u00f6s muihin VASAGLE:n sopiviin huonekaluihin!Tuotetiedot: &#8211; V\u00e4ri: valkoinen &#8211; Materiaali: MDF (keskitihe\u00e4 kuitulevy) &#8211; Koko: 60 x 30 x 60 cm (P x L x K) &#8211; Putkien aukon koko: 20 x 15 cm (P x L) &#8211; Paino: 9,5 kg &#8211; Maks. staattinen kantavuus: 10 kg &#8211; Helppo asentaa: Kyll\u00e4Toimitus sis\u00e4lt\u00e4\u00e4:- 1 x pesuallaskaappi- 1 x s\u00e4ilytyslaatikko tarvikkeille- 1 x ohjeet (DE, EN, FR, ES, IT)VASAGLE-ohjeet:- Pyyhi tuote p\u00e4ivitt\u00e4in kostealla liinalla.- Mittaa huone, johon haluat sijoittaa kylpyhuonekaapin, ennen ostamista varmistaaksesi, ett\u00e4 tuote sopii sinne.<\/p>\n","protected":false},"excerpt":{"rendered":"<p>VASAGLE pesuallaskaappi, kylpyhuonekaappi, kylpyhuonetarvikkeiden s\u00e4ilytys, marmorimainen painokuvio, putkien aukko, suuri tilavuus, 60 x 30 x 60 cm, valkoinen BBC04WT<\/p>\n","protected":false},"featured_media":38930,"comment_status":"open","ping_status":"closed","template":"","meta":[],"product_brand":[],"product_cat":[32],"product_tag":[],"class_list":{"0":"post-29463","1":"product","2":"type-product","3":"status-publish","4":"has-post-thumbnail","6":"product_cat-uncategorized-fi","8":"first","9":"instock","10":"shipping-taxable","11":"purchasable","12":"product-type-simple"},"_links":{"self":[{"href":"https:\/\/nordicmart.andreevmaster.com\/fi\/wp-json\/wp\/v2\/product\/29463","targetHints":{"allow":["GET"]}}],"collection":[{"href":"https:\/\/nordicmart.andreevmaster.com\/fi\/wp-json\/wp\/v2\/product"}],"about":[{"href":"https:\/\/nordicmart.andreevmaster.com\/fi\/wp-json\/wp\/v2\/types\/product"}],"replies":[{"embeddable":true,"href":"https:\/\/nordicmart.andreevmaster.com\/fi\/wp-json\/wp\/v2\/comments?post=29463"}],"wp:featuredmedia":[{"embeddable":true,"href":"https:\/\/nordicmart.andreevmaster.com\/fi\/wp-json\/wp\/v2\/media\/38930"}],"wp:attachment":[{"href":"https:\/\/nordicmart.andreevmaster.com\/fi\/wp-json\/wp\/v2\/media?parent=29463"}],"wp:term":[{"taxonomy":"product_brand","embeddable":true,"href":"https:\/\/nordicmart.andreevmaster.com\/fi\/wp-json\/wp\/v2\/product_brand?post=29463"},{"taxonomy":"product_cat","embeddable":true,"href":"https:\/\/nordicmart.andreevmaster.com\/fi\/wp-json\/wp\/v2\/product_cat?post=29463"},{"taxonomy":"product_tag","embeddable":true,"href":"https:\/\/nordicmart.andreevmaster.com\/fi\/wp-json\/wp\/v2\/product_tag?post=29463"}],"curies":[{"name":"wp","href":"https:\/\/api.w.org\/{rel}","templated":true}]}}